{"id":1676,"date":"2025-06-26T11:47:45","date_gmt":"2025-06-26T09:47:45","guid":{"rendered":"https:\/\/rrunning.tribalt.agency\/?post_type=product&#038;p=1676"},"modified":"2025-06-26T11:48:37","modified_gmt":"2025-06-26T09:48:37","slug":"sweet-recovery-water-melon-gummy-350g","status":"publish","type":"product","link":"https:\/\/rrunning.tribalt.agency\/?product=sweet-recovery-water-melon-gummy-350g","title":{"rendered":"SWEET RECOVERY WATER MELON GUMMY 350G"},"content":{"rendered":"<p style=\"font-weight: 400;\"><strong style=\"font-weight: 600;\">SWEET RECOVERY<\/strong>\u00a0se distingue par son design attrayant et ses saveurs originales, il a \u00e9t\u00e9 cr\u00e9\u00e9 comme une\u00a0<strong style=\"font-weight: 600;\">R\u00c9COMPENSE<\/strong>\u00a0pour l'athl\u00e8te apr\u00e8s l'effort, sa texture cr\u00e9meuse, sa digestion facile et sa saveur impressionnante vous permettront de rester en forme tout au long de votre entra\u00eenement.<\/p>\n<p style=\"font-weight: 400;\"><strong style=\"font-weight: 600;\">SWEET RECOVERY<\/strong>\u00a0a une formulation unique, fonctionnant avec le ratio classique glucides-prot\u00e9ines (2:1), mais avec l'innovant\u00a0<strong style=\"font-weight: 600;\">RATIO glucides 1:0,5<\/strong>\u00a0qui rendra l'absorption plus rapide et plus efficace. Disponible en saveur glace vanille, bonbon \u00e0 la past\u00e8que, et caramel sal\u00e9\u00a0!<\/p>\n","protected":false},"excerpt":{"rendered":"<p>SWEET RECOVERY\u00a0se distingue par son design attrayant et ses saveurs originales, il a \u00e9t\u00e9 cr\u00e9\u00e9 comme une\u00a0R\u00c9COMPENSE\u00a0pour l'athl\u00e8te apr\u00e8s l'effort, sa texture cr\u00e9meuse, sa digestion facile et sa saveur impressionnante vous permettront de rester en forme tout au long de votre entra\u00eenement. SWEET RECOVERY\u00a0a une formulation unique, fonctionnant avec le ratio classique glucides-prot\u00e9ines (2:1), mais [&hellip;]<\/p>\n","protected":false},"featured_media":1677,"template":"","meta":[],"pwb-brand":[156],"product_brand":[],"product_cat":[84],"product_tag":[],"class_list":{"0":"post-1676","1":"product","2":"type-product","3":"status-publish","4":"has-post-thumbnail","6":"pwb-brand-santa-madre","7":"product_cat-nutrition","9":"first","10":"instock","11":"shipping-taxable","12":"purchasable","13":"product-type-simple"},"brands":[{"id":156,"name":"SANTA MADRE","slug":"santa-madre"}],"_links":{"self":[{"href":"https:\/\/rrunning.tribalt.agency\/index.php?rest_route=\/wp\/v2\/product\/1676","targetHints":{"allow":["GET"]}}],"collection":[{"href":"https:\/\/rrunning.tribalt.agency\/index.php?rest_route=\/wp\/v2\/product"}],"about":[{"href":"https:\/\/rrunning.tribalt.agency\/index.php?rest_route=\/wp\/v2\/types\/product"}],"wp:featuredmedia":[{"embeddable":true,"href":"https:\/\/rrunning.tribalt.agency\/index.php?rest_route=\/wp\/v2\/media\/1677"}],"wp:attachment":[{"href":"https:\/\/rrunning.tribalt.agency\/index.php?rest_route=%2Fwp%2Fv2%2Fmedia&parent=1676"}],"wp:term":[{"taxonomy":"pwb-brand","embeddable":true,"href":"https:\/\/rrunning.tribalt.agency\/index.php?rest_route=%2Fwp%2Fv2%2Fpwb-brand&post=1676"},{"taxonomy":"product_brand","embeddable":true,"href":"https:\/\/rrunning.tribalt.agency\/index.php?rest_route=%2Fwp%2Fv2%2Fproduct_brand&post=1676"},{"taxonomy":"product_cat","embeddable":true,"href":"https:\/\/rrunning.tribalt.agency\/index.php?rest_route=%2Fwp%2Fv2%2Fproduct_cat&post=1676"},{"taxonomy":"product_tag","embeddable":true,"href":"https:\/\/rrunning.tribalt.agency\/index.php?rest_route=%2Fwp%2Fv2%2Fproduct_tag&post=1676"}],"curies":[{"name":"wp","href":"https:\/\/api.w.org\/{rel}","templated":true}]}}