{"id":1670,"date":"2025-06-26T11:43:30","date_gmt":"2025-06-26T09:43:30","guid":{"rendered":"https:\/\/rrunning.tribalt.agency\/?post_type=product&#038;p=1670"},"modified":"2025-06-26T11:44:25","modified_gmt":"2025-06-26T09:44:25","slug":"sweet-bar-baked-apple","status":"publish","type":"product","link":"https:\/\/rrunning.tribalt.agency\/?product=sweet-bar-baked-apple","title":{"rendered":"SWEET BAR BAKED APPLE"},"content":{"rendered":"<p style=\"font-weight: 400;\"><strong style=\"font-weight: 600;\">SWEET BAR<\/strong>\u00a0est une d\u00e9licieuse barre d\u2019avoine sans gluten \u00e0 haute teneur en glucides, id\u00e9ale \u00e0 prendre pendant l\u2019exercice ou entre les repas.<\/p>\n<p style=\"font-weight: 400;\">Cette barre \u00e9nerg\u00e9tique avec une friabilit\u00e9 remarquable, se distingue par sa digestion facile et son go\u00fbt d\u00e9licieux. Ses ingr\u00e9dients ont \u00e9t\u00e9 soigneusement s\u00e9lectionn\u00e9s, obtenant une barre sans gluten sans huile de palme. SWEET BAR est riche en glucides et sans enrobage, ce qui en fait une collation id\u00e9ale pour le sport.<\/p>\n<p style=\"font-weight: 400;\">Comme nous l\u2019avons soulign\u00e9, c\u2019est l\u2019une des rares barres sans gluten sur le march\u00e9, et sans traces, r\u00e9alisant une \u00e9tude des allerg\u00e8nes dans chaque production pour la garantir. A d\u00e9couvrir sous plusieurs saveurs\u00a0: chocolat blanc myrtille, pomme r\u00f4tie, trois chocolats, cheese cake, chocolat, banane sal\u00e9e, carrot cake et g\u00e2teau d\u2019anniversaire\u00a0!<\/p>\n","protected":false},"excerpt":{"rendered":"<p>SWEET BAR\u00a0est une d\u00e9licieuse barre d\u2019avoine sans gluten \u00e0 haute teneur en glucides, id\u00e9ale \u00e0 prendre pendant l\u2019exercice ou entre les repas. Cette barre \u00e9nerg\u00e9tique avec une friabilit\u00e9 remarquable, se distingue par sa digestion facile et son go\u00fbt d\u00e9licieux. Ses ingr\u00e9dients ont \u00e9t\u00e9 soigneusement s\u00e9lectionn\u00e9s, obtenant une barre sans gluten sans huile de palme. SWEET [&hellip;]<\/p>\n","protected":false},"featured_media":1671,"template":"","meta":[],"pwb-brand":[156],"product_brand":[],"product_cat":[84],"product_tag":[],"class_list":{"0":"post-1670","1":"product","2":"type-product","3":"status-publish","4":"has-post-thumbnail","6":"pwb-brand-santa-madre","7":"product_cat-nutrition","9":"first","10":"instock","11":"shipping-taxable","12":"purchasable","13":"product-type-simple"},"brands":[{"id":156,"name":"SANTA MADRE","slug":"santa-madre"}],"_links":{"self":[{"href":"https:\/\/rrunning.tribalt.agency\/index.php?rest_route=\/wp\/v2\/product\/1670","targetHints":{"allow":["GET"]}}],"collection":[{"href":"https:\/\/rrunning.tribalt.agency\/index.php?rest_route=\/wp\/v2\/product"}],"about":[{"href":"https:\/\/rrunning.tribalt.agency\/index.php?rest_route=\/wp\/v2\/types\/product"}],"wp:featuredmedia":[{"embeddable":true,"href":"https:\/\/rrunning.tribalt.agency\/index.php?rest_route=\/wp\/v2\/media\/1671"}],"wp:attachment":[{"href":"https:\/\/rrunning.tribalt.agency\/index.php?rest_route=%2Fwp%2Fv2%2Fmedia&parent=1670"}],"wp:term":[{"taxonomy":"pwb-brand","embeddable":true,"href":"https:\/\/rrunning.tribalt.agency\/index.php?rest_route=%2Fwp%2Fv2%2Fpwb-brand&post=1670"},{"taxonomy":"product_brand","embeddable":true,"href":"https:\/\/rrunning.tribalt.agency\/index.php?rest_route=%2Fwp%2Fv2%2Fproduct_brand&post=1670"},{"taxonomy":"product_cat","embeddable":true,"href":"https:\/\/rrunning.tribalt.agency\/index.php?rest_route=%2Fwp%2Fv2%2Fproduct_cat&post=1670"},{"taxonomy":"product_tag","embeddable":true,"href":"https:\/\/rrunning.tribalt.agency\/index.php?rest_route=%2Fwp%2Fv2%2Fproduct_tag&post=1670"}],"curies":[{"name":"wp","href":"https:\/\/api.w.org\/{rel}","templated":true}]}}