{"id":1668,"date":"2025-06-26T11:42:27","date_gmt":"2025-06-26T09:42:27","guid":{"rendered":"https:\/\/rrunning.tribalt.agency\/?post_type=product&#038;p=1668"},"modified":"2025-06-26T11:43:05","modified_gmt":"2025-06-26T09:43:05","slug":"pure-amylopectin-forest-fruit","status":"publish","type":"product","link":"https:\/\/rrunning.tribalt.agency\/?product=pure-amylopectin-forest-fruit","title":{"rendered":"PURE AMYLOPECTIN FOREST FRUIT"},"content":{"rendered":"<p><strong>SANTA MADRE PURE AMYLOPECTIN<\/strong>\u00a0est un puissant glucide sans gluten extrait \u00e0 100% de la f\u00e9cule cireuse de ma\u00efs, de la digestion rapide et de l\u2019assimilation, id\u00e9al pour prendre pendant ou en dehors de l\u2019effort.<\/p>\n","protected":false},"excerpt":{"rendered":"<p>SANTA MADRE PURE AMYLOPECTIN\u00a0est un puissant glucide sans gluten extrait \u00e0 100% de la f\u00e9cule cireuse de ma\u00efs, de la digestion rapide et de l\u2019assimilation, id\u00e9al pour prendre pendant ou en dehors de l\u2019effort.<\/p>\n","protected":false},"featured_media":1669,"template":"","meta":[],"pwb-brand":[156],"product_brand":[],"product_cat":[84],"product_tag":[],"class_list":{"0":"post-1668","1":"product","2":"type-product","3":"status-publish","4":"has-post-thumbnail","6":"pwb-brand-santa-madre","7":"product_cat-nutrition","9":"first","10":"instock","11":"shipping-taxable","12":"purchasable","13":"product-type-simple"},"brands":[{"id":156,"name":"SANTA MADRE","slug":"santa-madre"}],"_links":{"self":[{"href":"https:\/\/rrunning.tribalt.agency\/index.php?rest_route=\/wp\/v2\/product\/1668","targetHints":{"allow":["GET"]}}],"collection":[{"href":"https:\/\/rrunning.tribalt.agency\/index.php?rest_route=\/wp\/v2\/product"}],"about":[{"href":"https:\/\/rrunning.tribalt.agency\/index.php?rest_route=\/wp\/v2\/types\/product"}],"wp:featuredmedia":[{"embeddable":true,"href":"https:\/\/rrunning.tribalt.agency\/index.php?rest_route=\/wp\/v2\/media\/1669"}],"wp:attachment":[{"href":"https:\/\/rrunning.tribalt.agency\/index.php?rest_route=%2Fwp%2Fv2%2Fmedia&parent=1668"}],"wp:term":[{"taxonomy":"pwb-brand","embeddable":true,"href":"https:\/\/rrunning.tribalt.agency\/index.php?rest_route=%2Fwp%2Fv2%2Fpwb-brand&post=1668"},{"taxonomy":"product_brand","embeddable":true,"href":"https:\/\/rrunning.tribalt.agency\/index.php?rest_route=%2Fwp%2Fv2%2Fproduct_brand&post=1668"},{"taxonomy":"product_cat","embeddable":true,"href":"https:\/\/rrunning.tribalt.agency\/index.php?rest_route=%2Fwp%2Fv2%2Fproduct_cat&post=1668"},{"taxonomy":"product_tag","embeddable":true,"href":"https:\/\/rrunning.tribalt.agency\/index.php?rest_route=%2Fwp%2Fv2%2Fproduct_tag&post=1668"}],"curies":[{"name":"wp","href":"https:\/\/api.w.org\/{rel}","templated":true}]}}