{"id":1666,"date":"2025-06-26T11:40:05","date_gmt":"2025-06-26T09:40:05","guid":{"rendered":"https:\/\/rrunning.tribalt.agency\/?post_type=product&#038;p=1666"},"modified":"2025-06-26T11:41:43","modified_gmt":"2025-06-26T09:41:43","slug":"pack-marathon-2","status":"publish","type":"product","link":"https:\/\/rrunning.tribalt.agency\/?product=pack-marathon-2","title":{"rendered":"PACK MARATHON"},"content":{"rendered":"<p>Unusual Pack Marathon se compose du nouveau UNUSUAL GEL 45CHO, qui contient 45 g de glucides et 200 mg de sodium par gel, permettant ainsi de contr\u00f4ler \u00e0 la fois l'apport en glucides et les sels min\u00e9raux. En nouveaut\u00e9, il comprend des gels con\u00e7us pour la derni\u00e8re longue course, afin de fournir au corps la m\u00eame nutrition qu'il recevra le jour du marathon. Le pack comprend :<strong>\u00a05 UNUSUAL GEL 45CHO OFF CAF RATIO 1:1 2 UNUSUAL GEL 45CHO 100 CAF RATIO 1:1 2 CARBOFUEL 45CHO 1 BOUTEILLE D'EAU DE 500 ml PLAN NUTRITIONNEL (ACCESSIBLE VIA LE CODE QR)<\/strong><\/p>\n","protected":false},"excerpt":{"rendered":"<p>Unusual Pack Marathon se compose du nouveau UNUSUAL GEL 45CHO, qui contient 45 g de glucides et 200 mg de sodium par gel, permettant ainsi de contr\u00f4ler \u00e0 la fois l'apport en glucides et les sels min\u00e9raux. En nouveaut\u00e9, il comprend des gels con\u00e7us pour la derni\u00e8re longue course, afin de fournir au corps la [&hellip;]<\/p>\n","protected":false},"featured_media":1667,"template":"","meta":[],"pwb-brand":[156],"product_brand":[],"product_cat":[84],"product_tag":[],"class_list":{"0":"post-1666","1":"product","2":"type-product","3":"status-publish","4":"has-post-thumbnail","6":"pwb-brand-santa-madre","7":"product_cat-nutrition","9":"first","10":"instock","11":"shipping-taxable","12":"purchasable","13":"product-type-simple"},"brands":[{"id":156,"name":"SANTA MADRE","slug":"santa-madre"}],"_links":{"self":[{"href":"https:\/\/rrunning.tribalt.agency\/index.php?rest_route=\/wp\/v2\/product\/1666","targetHints":{"allow":["GET"]}}],"collection":[{"href":"https:\/\/rrunning.tribalt.agency\/index.php?rest_route=\/wp\/v2\/product"}],"about":[{"href":"https:\/\/rrunning.tribalt.agency\/index.php?rest_route=\/wp\/v2\/types\/product"}],"wp:featuredmedia":[{"embeddable":true,"href":"https:\/\/rrunning.tribalt.agency\/index.php?rest_route=\/wp\/v2\/media\/1667"}],"wp:attachment":[{"href":"https:\/\/rrunning.tribalt.agency\/index.php?rest_route=%2Fwp%2Fv2%2Fmedia&parent=1666"}],"wp:term":[{"taxonomy":"pwb-brand","embeddable":true,"href":"https:\/\/rrunning.tribalt.agency\/index.php?rest_route=%2Fwp%2Fv2%2Fpwb-brand&post=1666"},{"taxonomy":"product_brand","embeddable":true,"href":"https:\/\/rrunning.tribalt.agency\/index.php?rest_route=%2Fwp%2Fv2%2Fproduct_brand&post=1666"},{"taxonomy":"product_cat","embeddable":true,"href":"https:\/\/rrunning.tribalt.agency\/index.php?rest_route=%2Fwp%2Fv2%2Fproduct_cat&post=1666"},{"taxonomy":"product_tag","embeddable":true,"href":"https:\/\/rrunning.tribalt.agency\/index.php?rest_route=%2Fwp%2Fv2%2Fproduct_tag&post=1666"}],"curies":[{"name":"wp","href":"https:\/\/api.w.org\/{rel}","templated":true}]}}