{"id":1662,"date":"2025-06-26T11:37:58","date_gmt":"2025-06-26T09:37:58","guid":{"rendered":"https:\/\/rrunning.tribalt.agency\/?post_type=product&#038;p=1662"},"modified":"2025-06-26T11:39:47","modified_gmt":"2025-06-26T09:39:47","slug":"nitrate-cola","status":"publish","type":"product","link":"https:\/\/rrunning.tribalt.agency\/?product=nitrate-cola","title":{"rendered":"NITRATE COLA"},"content":{"rendered":"<p>Le Nitrate est le compl\u00e9ment id\u00e9al \u00e0 consommer avant l'entra\u00eenement, d'une part, il permet une grande vasodilatation, augmentant le flux sanguin, d'autre part, une charge tampon qui neutralisera une partie de l'acide lactique de l'athl\u00e8te, et enfin, une pr\u00e9-hydratation gr\u00e2ce \u00e0 sa composition et sa haute teneur en sodium.<\/p>\n","protected":false},"excerpt":{"rendered":"<p>Le Nitrate est le compl\u00e9ment id\u00e9al \u00e0 consommer avant l'entra\u00eenement, d'une part, il permet une grande vasodilatation, augmentant le flux sanguin, d'autre part, une charge tampon qui neutralisera une partie de l'acide lactique de l'athl\u00e8te, et enfin, une pr\u00e9-hydratation gr\u00e2ce \u00e0 sa composition et sa haute teneur en sodium.<\/p>\n","protected":false},"featured_media":1664,"template":"","meta":[],"pwb-brand":[156],"product_brand":[],"product_cat":[84],"product_tag":[],"class_list":{"0":"post-1662","1":"product","2":"type-product","3":"status-publish","4":"has-post-thumbnail","6":"pwb-brand-santa-madre","7":"product_cat-nutrition","9":"first","10":"instock","11":"shipping-taxable","12":"purchasable","13":"product-type-simple"},"brands":[{"id":156,"name":"SANTA MADRE","slug":"santa-madre"}],"_links":{"self":[{"href":"https:\/\/rrunning.tribalt.agency\/index.php?rest_route=\/wp\/v2\/product\/1662","targetHints":{"allow":["GET"]}}],"collection":[{"href":"https:\/\/rrunning.tribalt.agency\/index.php?rest_route=\/wp\/v2\/product"}],"about":[{"href":"https:\/\/rrunning.tribalt.agency\/index.php?rest_route=\/wp\/v2\/types\/product"}],"wp:featuredmedia":[{"embeddable":true,"href":"https:\/\/rrunning.tribalt.agency\/index.php?rest_route=\/wp\/v2\/media\/1664"}],"wp:attachment":[{"href":"https:\/\/rrunning.tribalt.agency\/index.php?rest_route=%2Fwp%2Fv2%2Fmedia&parent=1662"}],"wp:term":[{"taxonomy":"pwb-brand","embeddable":true,"href":"https:\/\/rrunning.tribalt.agency\/index.php?rest_route=%2Fwp%2Fv2%2Fpwb-brand&post=1662"},{"taxonomy":"product_brand","embeddable":true,"href":"https:\/\/rrunning.tribalt.agency\/index.php?rest_route=%2Fwp%2Fv2%2Fproduct_brand&post=1662"},{"taxonomy":"product_cat","embeddable":true,"href":"https:\/\/rrunning.tribalt.agency\/index.php?rest_route=%2Fwp%2Fv2%2Fproduct_cat&post=1662"},{"taxonomy":"product_tag","embeddable":true,"href":"https:\/\/rrunning.tribalt.agency\/index.php?rest_route=%2Fwp%2Fv2%2Fproduct_tag&post=1662"}],"curies":[{"name":"wp","href":"https:\/\/api.w.org\/{rel}","templated":true}]}}