{"id":1656,"date":"2025-06-26T10:50:32","date_gmt":"2025-06-26T08:50:32","guid":{"rendered":"https:\/\/rrunning.tribalt.agency\/?post_type=product&#038;p=1656"},"modified":"2025-06-26T10:51:10","modified_gmt":"2025-06-26T08:51:10","slug":"jelly-bar-melon","status":"publish","type":"product","link":"https:\/\/rrunning.tribalt.agency\/?product=jelly-bar-melon","title":{"rendered":"JELLY BAR MELON"},"content":{"rendered":"<p>JELLY BAR RATIO 1:0,5 est une d\u00e9licieuse gomme \u00e9nerg\u00e9tique \u00e0 prendre pendant l'activit\u00e9 physique, gr\u00e2ce \u00e0 sa nouvelle formulation, elle apporte 37g de glucides avec un RATIO d'absorption 1:0,5. Minimisant au maximum les probl\u00e8mes digestifs et id\u00e9ale pour les strat\u00e9gies nutritionnelles de tous, permettant de varier les produits consomm\u00e9s. Gr\u00e2ce \u00e0 sa nouvelle recette, nous avons une texture et un go\u00fbt unique, \u00e0 retrouver en version cola, orange, melon, fraise, r\u00e9glisse.<\/p>\n","protected":false},"excerpt":{"rendered":"<p>JELLY BAR RATIO 1:0,5 est une d\u00e9licieuse gomme \u00e9nerg\u00e9tique \u00e0 prendre pendant l'activit\u00e9 physique, gr\u00e2ce \u00e0 sa nouvelle formulation, elle apporte 37g de glucides avec un RATIO d'absorption 1:0,5. Minimisant au maximum les probl\u00e8mes digestifs et id\u00e9ale pour les strat\u00e9gies nutritionnelles de tous, permettant de varier les produits consomm\u00e9s. Gr\u00e2ce \u00e0 sa nouvelle recette, nous [&hellip;]<\/p>\n","protected":false},"featured_media":1657,"template":"","meta":[],"pwb-brand":[156],"product_brand":[],"product_cat":[84],"product_tag":[],"class_list":{"0":"post-1656","1":"product","2":"type-product","3":"status-publish","4":"has-post-thumbnail","6":"pwb-brand-santa-madre","7":"product_cat-nutrition","9":"first","10":"instock","11":"shipping-taxable","12":"purchasable","13":"product-type-simple"},"brands":[{"id":156,"name":"SANTA MADRE","slug":"santa-madre"}],"_links":{"self":[{"href":"https:\/\/rrunning.tribalt.agency\/index.php?rest_route=\/wp\/v2\/product\/1656","targetHints":{"allow":["GET"]}}],"collection":[{"href":"https:\/\/rrunning.tribalt.agency\/index.php?rest_route=\/wp\/v2\/product"}],"about":[{"href":"https:\/\/rrunning.tribalt.agency\/index.php?rest_route=\/wp\/v2\/types\/product"}],"wp:featuredmedia":[{"embeddable":true,"href":"https:\/\/rrunning.tribalt.agency\/index.php?rest_route=\/wp\/v2\/media\/1657"}],"wp:attachment":[{"href":"https:\/\/rrunning.tribalt.agency\/index.php?rest_route=%2Fwp%2Fv2%2Fmedia&parent=1656"}],"wp:term":[{"taxonomy":"pwb-brand","embeddable":true,"href":"https:\/\/rrunning.tribalt.agency\/index.php?rest_route=%2Fwp%2Fv2%2Fpwb-brand&post=1656"},{"taxonomy":"product_brand","embeddable":true,"href":"https:\/\/rrunning.tribalt.agency\/index.php?rest_route=%2Fwp%2Fv2%2Fproduct_brand&post=1656"},{"taxonomy":"product_cat","embeddable":true,"href":"https:\/\/rrunning.tribalt.agency\/index.php?rest_route=%2Fwp%2Fv2%2Fproduct_cat&post=1656"},{"taxonomy":"product_tag","embeddable":true,"href":"https:\/\/rrunning.tribalt.agency\/index.php?rest_route=%2Fwp%2Fv2%2Fproduct_tag&post=1656"}],"curies":[{"name":"wp","href":"https:\/\/api.w.org\/{rel}","templated":true}]}}