{"id":1652,"date":"2025-06-26T10:47:37","date_gmt":"2025-06-26T08:47:37","guid":{"rendered":"https:\/\/rrunning.tribalt.agency\/?post_type=product&#038;p=1652"},"modified":"2025-06-26T10:48:38","modified_gmt":"2025-06-26T08:48:38","slug":"carbofuel-drink-doy-pack-lemon-832g","status":"publish","type":"product","link":"https:\/\/rrunning.tribalt.agency\/?product=carbofuel-drink-doy-pack-lemon-832g","title":{"rendered":"CARBOFUEL DRINK DOY PACK LEMON 832G"},"content":{"rendered":"<p>SANTA MADRE CARBOFUEL 45CHO (RATIO 1:0,5) est une boisson \u00e9nergisante riche en glucides et en sels min\u00e9raux \u00e0 prendre pendant l\u2019effort.<\/p>\n","protected":false},"excerpt":{"rendered":"<p>SANTA MADRE CARBOFUEL 45CHO (RATIO 1:0,5) est une boisson \u00e9nergisante riche en glucides et en sels min\u00e9raux \u00e0 prendre pendant l\u2019effort.<\/p>\n","protected":false},"featured_media":1653,"template":"","meta":[],"pwb-brand":[156],"product_brand":[],"product_cat":[84],"product_tag":[],"class_list":{"0":"post-1652","1":"product","2":"type-product","3":"status-publish","4":"has-post-thumbnail","6":"pwb-brand-santa-madre","7":"product_cat-nutrition","9":"first","10":"instock","11":"shipping-taxable","12":"purchasable","13":"product-type-simple"},"brands":[{"id":156,"name":"SANTA MADRE","slug":"santa-madre"}],"_links":{"self":[{"href":"https:\/\/rrunning.tribalt.agency\/index.php?rest_route=\/wp\/v2\/product\/1652","targetHints":{"allow":["GET"]}}],"collection":[{"href":"https:\/\/rrunning.tribalt.agency\/index.php?rest_route=\/wp\/v2\/product"}],"about":[{"href":"https:\/\/rrunning.tribalt.agency\/index.php?rest_route=\/wp\/v2\/types\/product"}],"wp:featuredmedia":[{"embeddable":true,"href":"https:\/\/rrunning.tribalt.agency\/index.php?rest_route=\/wp\/v2\/media\/1653"}],"wp:attachment":[{"href":"https:\/\/rrunning.tribalt.agency\/index.php?rest_route=%2Fwp%2Fv2%2Fmedia&parent=1652"}],"wp:term":[{"taxonomy":"pwb-brand","embeddable":true,"href":"https:\/\/rrunning.tribalt.agency\/index.php?rest_route=%2Fwp%2Fv2%2Fpwb-brand&post=1652"},{"taxonomy":"product_brand","embeddable":true,"href":"https:\/\/rrunning.tribalt.agency\/index.php?rest_route=%2Fwp%2Fv2%2Fproduct_brand&post=1652"},{"taxonomy":"product_cat","embeddable":true,"href":"https:\/\/rrunning.tribalt.agency\/index.php?rest_route=%2Fwp%2Fv2%2Fproduct_cat&post=1652"},{"taxonomy":"product_tag","embeddable":true,"href":"https:\/\/rrunning.tribalt.agency\/index.php?rest_route=%2Fwp%2Fv2%2Fproduct_tag&post=1652"}],"curies":[{"name":"wp","href":"https:\/\/api.w.org\/{rel}","templated":true}]}}