{"id":1650,"date":"2025-06-26T10:44:44","date_gmt":"2025-06-26T08:44:44","guid":{"rendered":"https:\/\/rrunning.tribalt.agency\/?post_type=product&#038;p=1650"},"modified":"2025-06-26T10:47:15","modified_gmt":"2025-06-26T08:47:15","slug":"gel-strawberry-30cho-100caf","status":"publish","type":"product","link":"https:\/\/rrunning.tribalt.agency\/?product=gel-strawberry-30cho-100caf","title":{"rendered":"GEL STRAWBERRY 30CHO 100CAF"},"content":{"rendered":"<p>Gel \u00e9nerg\u00e9tique 30CHO OFF CAF rafra\u00eechissant ultra liquide, sans stimulants, qui vous donnera de l\u2019\u00e9nergie pendant l\u2019effort rapidement et durablement. Retrouvez 30g de glucides combin\u00e9 au RATIO 1:0,5.<\/p>\n","protected":false},"excerpt":{"rendered":"<p>Gel \u00e9nerg\u00e9tique 30CHO OFF CAF rafra\u00eechissant ultra liquide, sans stimulants, qui vous donnera de l\u2019\u00e9nergie pendant l\u2019effort rapidement et durablement. Retrouvez 30g de glucides combin\u00e9 au RATIO 1:0,5.<\/p>\n","protected":false},"featured_media":1651,"template":"","meta":[],"pwb-brand":[156],"product_brand":[],"product_cat":[84],"product_tag":[],"class_list":{"0":"post-1650","1":"product","2":"type-product","3":"status-publish","4":"has-post-thumbnail","6":"pwb-brand-santa-madre","7":"product_cat-nutrition","9":"first","10":"instock","11":"shipping-taxable","12":"purchasable","13":"product-type-simple"},"brands":[{"id":156,"name":"SANTA MADRE","slug":"santa-madre"}],"_links":{"self":[{"href":"https:\/\/rrunning.tribalt.agency\/index.php?rest_route=\/wp\/v2\/product\/1650","targetHints":{"allow":["GET"]}}],"collection":[{"href":"https:\/\/rrunning.tribalt.agency\/index.php?rest_route=\/wp\/v2\/product"}],"about":[{"href":"https:\/\/rrunning.tribalt.agency\/index.php?rest_route=\/wp\/v2\/types\/product"}],"wp:featuredmedia":[{"embeddable":true,"href":"https:\/\/rrunning.tribalt.agency\/index.php?rest_route=\/wp\/v2\/media\/1651"}],"wp:attachment":[{"href":"https:\/\/rrunning.tribalt.agency\/index.php?rest_route=%2Fwp%2Fv2%2Fmedia&parent=1650"}],"wp:term":[{"taxonomy":"pwb-brand","embeddable":true,"href":"https:\/\/rrunning.tribalt.agency\/index.php?rest_route=%2Fwp%2Fv2%2Fpwb-brand&post=1650"},{"taxonomy":"product_brand","embeddable":true,"href":"https:\/\/rrunning.tribalt.agency\/index.php?rest_route=%2Fwp%2Fv2%2Fproduct_brand&post=1650"},{"taxonomy":"product_cat","embeddable":true,"href":"https:\/\/rrunning.tribalt.agency\/index.php?rest_route=%2Fwp%2Fv2%2Fproduct_cat&post=1650"},{"taxonomy":"product_tag","embeddable":true,"href":"https:\/\/rrunning.tribalt.agency\/index.php?rest_route=%2Fwp%2Fv2%2Fproduct_tag&post=1650"}],"curies":[{"name":"wp","href":"https:\/\/api.w.org\/{rel}","templated":true}]}}