{"id":1631,"date":"2025-06-26T10:26:19","date_gmt":"2025-06-26T08:26:19","guid":{"rendered":"https:\/\/rrunning.tribalt.agency\/?post_type=product&#038;p=1631"},"modified":"2025-09-17T17:34:05","modified_gmt":"2025-09-17T15:34:05","slug":"spordej-chocolat","status":"publish","type":"product","link":"https:\/\/rrunning.tribalt.agency\/?product=spordej-chocolat","title":{"rendered":"SPORDEJ CHOCOLAT"},"content":{"rendered":"<div class=\"product-information\">\n<div class=\"container-tab\">\n<div class=\"tab-content\">\n<div id=\"details\" class=\"tab-pane fade in active\" role=\"tabpanel\">\n<div class=\"product-description-classic\">\n<div class=\"container product-details-wrapper\">\n<div class=\"row\">\n<div class=\"col-xs-12 col-lg-offset-1 col-lg-10\">\n<div class=\"product-details-cell-description classic\">\n<h2>Comment obtenir des entra\u00eenements 100% efficaces<\/h2>\n<p>Si la n\u00e9cessit\u00e9 d'une alimentation sp\u00e9cifique est admise \u00e0 l'occasion des comp\u00e9titions, la nutrition sportive en p\u00e9riode d'entra\u00eenement n'a pas toujours l'attention qu'elle m\u00e9rite.<\/p>\n<p>Si vous n'alimentez pas correctement votre corps, vous risquez de limiter vos performances et de compromettre votre progression. La nutrition sportive ne concerne pas uniquement les jours de comp\u00e9tition : elle joue un r\u00f4le essentiel tout au long de la saison.<\/p>\n<p><strong>Spordej<\/strong>\u00a0est la solution id\u00e9ale pour d\u00e9marrer vos entra\u00eenements avec un carburant de qualit\u00e9 et optimiser votre r\u00e9cup\u00e9ration. Con\u00e7u pour les sportifs d'endurance, ce petit-d\u00e9jeuner tr\u00e8s digestible vous assure un apport \u00e9nerg\u00e9tique progressif pour aborder vos s\u00e9ances dans les meilleures conditions.<\/p>\n<h2>Pourquoi choisir\u00a0<strong>Spordej<\/strong>\u00a0?<\/h2>\n<ol>\n<li>\n<h3>Une \u00e9nergie progressive pour des entra\u00eenements performants<\/h3>\n<p><strong>Spordej<\/strong>\u00a0est con\u00e7u pour offrir une lib\u00e9ration progressive des glucides, garantissant un apport \u00e9nerg\u00e9tique stable et durable. Fini les coups de fatigue en pleine s\u00e9ance !<\/li>\n<li>\n<h3>Une digestion optimale pour un confort maximal<\/h3>\n<p>L'entra\u00eenement matinal impose souvent un dilemme : manger et risquer une digestion difficile ou partir \u00e0 jeun au d\u00e9triment des performances. Avec\u00a0<strong>Spordej<\/strong>, plus de compromis ! Sa haute digestibilit\u00e9 permet une prise tardive sans inconfort gastrique.<\/li>\n<li>\n<h3>Un boost de r\u00e9cup\u00e9ration gr\u00e2ce \u00e0 l'association avec Whey isolate<\/h3>\n<p>L'association\u00a0<strong>Spordej<\/strong>\u00a0+\u00a0<strong><a class=\"cta-link\" href=\"https:\/\/www.overstims.com\/collations-recuperation\/whey-isolate\">Whey isolate<\/a><\/strong>\u00a0est une strat\u00e9gie gagnante pour une r\u00e9cup\u00e9ration efficace. Tandis que les glucides de\u00a0<strong>Spordej<\/strong>\u00a0restaurent vos r\u00e9serves \u00e9nerg\u00e9tiques, les\u00a0<strong><a class=\"cta-link\" href=\"https:\/\/www.overstims.com\/complements-alimentaires\/bcaa\">Bcaa<\/a><\/strong>\u00a0et prot\u00e9ines de la\u00a0<strong><a class=\"cta-link\" href=\"https:\/\/www.overstims.com\/collations-recuperation\/whey-isolate\">Whey isolate<\/a><\/strong>\u00a0acc\u00e9l\u00e8rent la reconstruction musculaire.<\/li>\n<li>\n<h3>Une pr\u00e9paration instantan\u00e9e : facile et rapide \u00e0 pr\u00e9parer<\/h3>\n<p>Verser\u00a0<strong>Spordej<\/strong>\u00a0dans un bol. Ajouter votre boisson v\u00e9g\u00e9tale pr\u00e9f\u00e9r\u00e9e (riz, amande, etc...) ou de l'eau en remuant jusqu'\u00e0 l'obtention d'une cr\u00e8me dessert bien onctueuse.<\/li>\n<\/ol>\n<h2>Quand et comment consommer\u00a0<strong>Spordej<\/strong>\u00a0?<\/h2>\n<ul>\n<li>\n<h3>Avant l'effort : la meilleure strat\u00e9gie pour bien d\u00e9marrer<\/h3>\n<ul>\n<li><strong>Id\u00e9al avant un entra\u00eenement matinal<\/strong>,\u00a0<strong>Spordej<\/strong>\u00a0se pr\u00e9pare en quelques secondes.<\/li>\n<li><strong>Consommation recommand\u00e9e :<\/strong>\u00a060g \u00e0 120g (3 \u00e0 5 cuill\u00e8res \u00e0 soupe) 15 \u00e0 30 minutes avant l'effort.<\/li>\n<li><strong>Parfait \u00e0 tout moment de la journ\u00e9e<\/strong>, que ce soit \u00e0 l'heure du d\u00e9jeuner ou en fin de journ\u00e9e avant un entra\u00eenement tardif.<\/li>\n<\/ul>\n<\/li>\n<li>\n<h3>En r\u00e9cup\u00e9ration : l'alli\u00e9 de votre progression<\/h3>\n<ul>\n<li>En compl\u00e9ment avec\u00a0<strong>Whey isolate<\/strong>\u00a0pour maximiser la r\u00e9cup\u00e9ration musculaire et la reconstitution des r\u00e9serves \u00e9nerg\u00e9tiques.<\/li>\n<\/ul>\n<\/li>\n<li>\n<h3>Un atout pour votre sommeil<\/h3>\n<ul>\n<li><strong>Entra\u00eenement t\u00f4t le matin ?<\/strong>\u00a0<strong>Spordej<\/strong>\u00a0vous permet de gagner de pr\u00e9cieuses minutes de sommeil gr\u00e2ce \u00e0 sa rapidit\u00e9 de pr\u00e9paration et sa digestion facile.<\/li>\n<\/ul>\n<\/li>\n<\/ul>\n<h2>Adoptez\u00a0<strong>Spordej<\/strong>\u00a0et donnez \u00e0 vos entra\u00eenements toute leur efficacit\u00e9 !<\/h2>\n<p>Que vous soyez coureur, traileur, cycliste ou triathl\u00e8te,\u00a0<strong>Spordej<\/strong>\u00a0est l'atout pour optimiser votre \u00e9nergie, \u00e9viter les baisses de r\u00e9gime et maximiser votre r\u00e9cup\u00e9ration. Faites de chaque entra\u00eenement une occasion de progresser !<\/p>\n<\/div>\n<\/div>\n<\/div>\n<\/div>\n<\/div>\n<\/div>\n<\/div>\n<\/div>\n<\/div>\n","protected":false},"excerpt":{"rendered":"<p>Comment obtenir des entra\u00eenements 100% efficaces Si la n\u00e9cessit\u00e9 d'une alimentation sp\u00e9cifique est admise \u00e0 l'occasion des comp\u00e9titions, la nutrition sportive en p\u00e9riode d'entra\u00eenement n'a pas toujours l'attention qu'elle m\u00e9rite. Si vous n'alimentez pas correctement votre corps, vous risquez de limiter vos performances et de compromettre votre progression. La nutrition sportive ne concerne pas uniquement [&hellip;]<\/p>\n","protected":false},"featured_media":3735,"template":"","meta":[],"pwb-brand":[114],"product_brand":[],"product_cat":[84],"product_tag":[],"class_list":{"0":"post-1631","1":"product","2":"type-product","3":"status-publish","4":"has-post-thumbnail","6":"pwb-brand-overstims","7":"product_cat-nutrition","9":"first","10":"instock","11":"shipping-taxable","12":"purchasable","13":"product-type-simple"},"brands":[{"id":114,"name":"OVERSTIM'S","slug":"overstims"}],"_links":{"self":[{"href":"https:\/\/rrunning.tribalt.agency\/index.php?rest_route=\/wp\/v2\/product\/1631","targetHints":{"allow":["GET"]}}],"collection":[{"href":"https:\/\/rrunning.tribalt.agency\/index.php?rest_route=\/wp\/v2\/product"}],"about":[{"href":"https:\/\/rrunning.tribalt.agency\/index.php?rest_route=\/wp\/v2\/types\/product"}],"wp:featuredmedia":[{"embeddable":true,"href":"https:\/\/rrunning.tribalt.agency\/index.php?rest_route=\/wp\/v2\/media\/3735"}],"wp:attachment":[{"href":"https:\/\/rrunning.tribalt.agency\/index.php?rest_route=%2Fwp%2Fv2%2Fmedia&parent=1631"}],"wp:term":[{"taxonomy":"pwb-brand","embeddable":true,"href":"https:\/\/rrunning.tribalt.agency\/index.php?rest_route=%2Fwp%2Fv2%2Fpwb-brand&post=1631"},{"taxonomy":"product_brand","embeddable":true,"href":"https:\/\/rrunning.tribalt.agency\/index.php?rest_route=%2Fwp%2Fv2%2Fproduct_brand&post=1631"},{"taxonomy":"product_cat","embeddable":true,"href":"https:\/\/rrunning.tribalt.agency\/index.php?rest_route=%2Fwp%2Fv2%2Fproduct_cat&post=1631"},{"taxonomy":"product_tag","embeddable":true,"href":"https:\/\/rrunning.tribalt.agency\/index.php?rest_route=%2Fwp%2Fv2%2Fproduct_tag&post=1631"}],"curies":[{"name":"wp","href":"https:\/\/api.w.org\/{rel}","templated":true}]}}