{"id":1626,"date":"2025-06-26T10:20:29","date_gmt":"2025-06-26T08:20:29","guid":{"rendered":"https:\/\/rrunning.tribalt.agency\/?post_type=product&#038;p=1626"},"modified":"2025-06-26T10:22:42","modified_gmt":"2025-06-26T08:22:42","slug":"soft-flask-150ml","status":"publish","type":"product","link":"https:\/\/rrunning.tribalt.agency\/?product=soft-flask-150ml","title":{"rendered":"SOFT FLASK 150ML"},"content":{"rendered":"<div class=\"product-information\">\n<div class=\"container-tab\">\n<div class=\"tab-content\">\n<div id=\"details\" class=\"tab-pane fade in active\" role=\"tabpanel\">\n<div class=\"product-description-classic\">\n<div class=\"container product-details-wrapper\">\n<div class=\"row\">\n<div class=\"col-xs-12 col-lg-offset-1 col-lg-10\">\n<div class=\"product-details-cell-description classic\">\n<h2>Transporter vos gels et respecter l'environnement<\/h2>\n<p>Il est difficile d'\u00e9viter les d\u00e9chets et les poches collantes lorsque vous \u00eates sur les sentiers ou sur la route pendant des heures.<\/p>\n<p>La Soft flask gel rechargeable OVERSTIM.s est con\u00e7ue pour transporter et consommer vos\u00a0gels \u00e9nerg\u00e9tiques\u00a0lors des \u00e9preuves sportives comme \u00e0 l'entra\u00eenement.<\/p>\n<p>Elle permet \u00e9galement de respecter l'environnement en r\u00e9duisant le nombre de d\u00e9chets en cours de route.<\/p>\n<h2>Simple, pratique et plus propre<\/h2>\n<p>L\u00e9g\u00e8re, rechargeable et peu encombrante, la Soft flask gel rechargeable permet de contenir l'\u00e9quivalent de 8 gels \u00e9nerg\u00e9tiques OVERSTIM.s. Son format pratique permet une utilisation ais\u00e9e d'une seule main en cours d'effort.<\/p>\n<p>La Soft flask gel rechargeable est sans Bisph\u00e9nol A et sans PVC. Elle est facile \u00e0 nettoyer.<\/p>\n<p>Le mat\u00e9riau souple de la Soft flask gel rechargeable n'ab\u00eeme pas les gilets d'hydratation, les ceintures ou les poches de sac \u00e0 dos.<\/p>\n<p>Sa contenance est de 150 ml, soit 8 gels.<\/p>\n<\/div>\n<\/div>\n<\/div>\n<\/div>\n<\/div>\n<\/div>\n<\/div>\n<\/div>\n<\/div>\n","protected":false},"excerpt":{"rendered":"<p>Transporter vos gels et respecter l'environnement Il est difficile d'\u00e9viter les d\u00e9chets et les poches collantes lorsque vous \u00eates sur les sentiers ou sur la route pendant des heures. La Soft flask gel rechargeable OVERSTIM.s est con\u00e7ue pour transporter et consommer vos\u00a0gels \u00e9nerg\u00e9tiques\u00a0lors des \u00e9preuves sportives comme \u00e0 l'entra\u00eenement. Elle permet \u00e9galement de respecter l'environnement [&hellip;]<\/p>\n","protected":false},"featured_media":1627,"template":"","meta":[],"pwb-brand":[114],"product_brand":[],"product_cat":[34],"product_tag":[],"class_list":{"0":"post-1626","1":"product","2":"type-product","3":"status-publish","4":"has-post-thumbnail","6":"pwb-brand-overstims","7":"product_cat-sac-dhydratation-poche-a-eau","9":"first","10":"instock","11":"shipping-taxable","12":"purchasable","13":"product-type-simple"},"brands":[{"id":114,"name":"OVERSTIM'S","slug":"overstims"}],"_links":{"self":[{"href":"https:\/\/rrunning.tribalt.agency\/index.php?rest_route=\/wp\/v2\/product\/1626","targetHints":{"allow":["GET"]}}],"collection":[{"href":"https:\/\/rrunning.tribalt.agency\/index.php?rest_route=\/wp\/v2\/product"}],"about":[{"href":"https:\/\/rrunning.tribalt.agency\/index.php?rest_route=\/wp\/v2\/types\/product"}],"wp:featuredmedia":[{"embeddable":true,"href":"https:\/\/rrunning.tribalt.agency\/index.php?rest_route=\/wp\/v2\/media\/1627"}],"wp:attachment":[{"href":"https:\/\/rrunning.tribalt.agency\/index.php?rest_route=%2Fwp%2Fv2%2Fmedia&parent=1626"}],"wp:term":[{"taxonomy":"pwb-brand","embeddable":true,"href":"https:\/\/rrunning.tribalt.agency\/index.php?rest_route=%2Fwp%2Fv2%2Fpwb-brand&post=1626"},{"taxonomy":"product_brand","embeddable":true,"href":"https:\/\/rrunning.tribalt.agency\/index.php?rest_route=%2Fwp%2Fv2%2Fproduct_brand&post=1626"},{"taxonomy":"product_cat","embeddable":true,"href":"https:\/\/rrunning.tribalt.agency\/index.php?rest_route=%2Fwp%2Fv2%2Fproduct_cat&post=1626"},{"taxonomy":"product_tag","embeddable":true,"href":"https:\/\/rrunning.tribalt.agency\/index.php?rest_route=%2Fwp%2Fv2%2Fproduct_tag&post=1626"}],"curies":[{"name":"wp","href":"https:\/\/api.w.org\/{rel}","templated":true}]}}