{"id":1622,"date":"2025-06-26T10:18:10","date_gmt":"2025-06-26T08:18:10","guid":{"rendered":"https:\/\/rrunning.tribalt.agency\/?post_type=product&#038;p=1622"},"modified":"2025-06-26T10:18:56","modified_gmt":"2025-06-26T08:18:56","slug":"red-tonic","status":"publish","type":"product","link":"https:\/\/rrunning.tribalt.agency\/?product=red-tonic","title":{"rendered":"RED TONIC"},"content":{"rendered":"<div class=\"product-information\">\n<div class=\"container-tab\">\n<div class=\"tab-content\">\n<div id=\"details\" class=\"tab-pane fade in active\" role=\"tabpanel\">\n<div class=\"product-description-classic\">\n<div class=\"container product-details-wrapper\">\n<div class=\"row\">\n<div class=\"col-xs-12 col-lg-offset-1 col-lg-10\">\n<div class=\"product-details-cell-description classic\">\n<h2>Pourquoi choisir le gel \u00e9nerg\u00e9tique RED TONIC ?<\/h2>\n<p>Avec sa teneur en\u00a0<strong>glucides \u00e0 assimilation rapide<\/strong>\u00a0associ\u00e9e \u00e0 de la\u00a0<strong>caf\u00e9ine<\/strong>, le gel \u00e9nerg\u00e9tique RED TONIC<strong>\u00a0<\/strong>apporte un v\u00e9ritable\u00a0<strong>effet stimulant<\/strong>\u00a0pour<strong>\u00a0maintenir un rythme \u00e9lev\u00e9<\/strong>\u00a0lors des efforts intenses.<\/p>\n<p>Le gel RED TONIC s'utilise en cours d'effort \u00e0 chaque fois qu'il faut reconstituer au plus vite un maximum d'\u00e9nergie et vous redonner une pleine d'efficacit\u00e9.<\/p>\n<p>Chaque prise de gel vous apporte\u00a0<strong>26 g de glucides<\/strong>, soit\u00a0<strong>100 kcal<\/strong>\u00a0pour un apport \u00e9nerg\u00e9tique imm\u00e9diat.<\/p>\n<h2>Stimulant ! R\u00e9duit la fatigue<\/h2>\n<p>Le gel \u00e9nerg\u00e9tique RED TONIC contient de la\u00a0<strong>caf\u00e9ine d'origine naturell<\/strong>e (guarana) et de la\u00a0<strong>vitamine B6<\/strong>\u00a0qui jouent un r\u00f4le essentiel dans la r\u00e9duction de la fatigue.<\/p>\n<h2>Fraicheur intense<\/h2>\n<p>Gr\u00e2ce \u00e0 ses\u00a0<strong>ar\u00f4mes naturels de menthe et d'eucalyptus<\/strong>, le gel RED TONIC apporte une v\u00e9ritable fra\u00eecheur intense tr\u00e8s agr\u00e9able lors des efforts soutenus ou en cas de fortes chaleurs.<\/p>\n<h2>Parfaitement tol\u00e9r\u00e9<\/h2>\n<p>Le gel RED TONIC se caract\u00e9rise par une texture liquide et une composition sans conservateur et sans acidit\u00e9, garantissant une\u00a0<strong>excellente tol\u00e9rance gastro-intestinale<\/strong>\u00a0sans craindre d'inconfort digestif, m\u00eame apr\u00e8s plusieurs heures d'effort.<\/p>\n<p>Gr\u00e2ce \u00e0 ses\u00a0<strong>ar\u00f4mes 100% naturels<\/strong>, il allie plaisir gustatif et efficacit\u00e9.<\/p>\n<h2>Nouveau format sachet, 20% d'\u00e9nergie en plus !<\/h2>\n<p>Avec son tout nouveau format sachet, le gel \u00e9nerg\u00e9tique RED TONIC vous offre d\u00e9sormais 20% d'\u00e9nergie en plus, dans un emballage plus compact, plus pratique et facilement transportable.<\/p>\n<p>Glissez-le ais\u00e9ment dans la poche de votre maillot, votre ceinture running ou votre sac trail, et maintenez vos performances o\u00f9 que vous soyez.<\/p>\n<h2>Bye Bye les tubes ... un geste pour la plan\u00e8te<\/h2>\n<p>En adoptant le nouveau format sachet, nous contribuons activement \u00e0\u00a0<strong>r\u00e9duire l'impact environnemental de nos emballages<\/strong>, r\u00e9duisant ainsi la consommation de plastique et le volume de d\u00e9chets produits.<\/p>\n<p>Faites un geste pour la plan\u00e8te tout en boostant vos performances sportives.<\/p>\n<\/div>\n<\/div>\n<\/div>\n<\/div>\n<\/div>\n<\/div>\n<\/div>\n<\/div>\n<\/div>\n","protected":false},"excerpt":{"rendered":"<p>Pourquoi choisir le gel \u00e9nerg\u00e9tique RED TONIC ? Avec sa teneur en\u00a0glucides \u00e0 assimilation rapide\u00a0associ\u00e9e \u00e0 de la\u00a0caf\u00e9ine, le gel \u00e9nerg\u00e9tique RED TONIC\u00a0apporte un v\u00e9ritable\u00a0effet stimulant\u00a0pour\u00a0maintenir un rythme \u00e9lev\u00e9\u00a0lors des efforts intenses. Le gel RED TONIC s'utilise en cours d'effort \u00e0 chaque fois qu'il faut reconstituer au plus vite un maximum d'\u00e9nergie et vous redonner [&hellip;]<\/p>\n","protected":false},"featured_media":1623,"template":"","meta":[],"pwb-brand":[114],"product_brand":[],"product_cat":[84],"product_tag":[],"class_list":{"0":"post-1622","1":"product","2":"type-product","3":"status-publish","4":"has-post-thumbnail","6":"pwb-brand-overstims","7":"product_cat-nutrition","9":"first","10":"instock","11":"shipping-taxable","12":"purchasable","13":"product-type-simple"},"brands":[{"id":114,"name":"OVERSTIM'S","slug":"overstims"}],"_links":{"self":[{"href":"https:\/\/rrunning.tribalt.agency\/index.php?rest_route=\/wp\/v2\/product\/1622","targetHints":{"allow":["GET"]}}],"collection":[{"href":"https:\/\/rrunning.tribalt.agency\/index.php?rest_route=\/wp\/v2\/product"}],"about":[{"href":"https:\/\/rrunning.tribalt.agency\/index.php?rest_route=\/wp\/v2\/types\/product"}],"wp:featuredmedia":[{"embeddable":true,"href":"https:\/\/rrunning.tribalt.agency\/index.php?rest_route=\/wp\/v2\/media\/1623"}],"wp:attachment":[{"href":"https:\/\/rrunning.tribalt.agency\/index.php?rest_route=%2Fwp%2Fv2%2Fmedia&parent=1622"}],"wp:term":[{"taxonomy":"pwb-brand","embeddable":true,"href":"https:\/\/rrunning.tribalt.agency\/index.php?rest_route=%2Fwp%2Fv2%2Fpwb-brand&post=1622"},{"taxonomy":"product_brand","embeddable":true,"href":"https:\/\/rrunning.tribalt.agency\/index.php?rest_route=%2Fwp%2Fv2%2Fproduct_brand&post=1622"},{"taxonomy":"product_cat","embeddable":true,"href":"https:\/\/rrunning.tribalt.agency\/index.php?rest_route=%2Fwp%2Fv2%2Fproduct_cat&post=1622"},{"taxonomy":"product_tag","embeddable":true,"href":"https:\/\/rrunning.tribalt.agency\/index.php?rest_route=%2Fwp%2Fv2%2Fproduct_tag&post=1622"}],"curies":[{"name":"wp","href":"https:\/\/api.w.org\/{rel}","templated":true}]}}