{"id":1618,"date":"2025-06-25T15:20:52","date_gmt":"2025-06-25T13:20:52","guid":{"rendered":"https:\/\/rrunning.tribalt.agency\/?post_type=product&#038;p=1618"},"modified":"2025-06-26T10:14:38","modified_gmt":"2025-06-26T08:14:38","slug":"origin-bar-chocolat-noir-amande-pointe-de-sel","status":"publish","type":"product","link":"https:\/\/rrunning.tribalt.agency\/?product=origin-bar-chocolat-noir-amande-pointe-de-sel","title":{"rendered":"ORIGIN BAR CHOCOLAT NOIR - AMANDE - POINTE DE SEL"},"content":{"rendered":"<div class=\"product-information\">\n<div class=\"container-tab\">\n<div class=\"tab-content\">\n<div id=\"details\" class=\"tab-pane fade in active\" role=\"tabpanel\">\n<div class=\"product-description-classic\">\n<div class=\"container product-details-wrapper\">\n<div class=\"row\">\n<div class=\"col-xs-12 col-lg-offset-1 col-lg-10\">\n<div class=\"product-details-cell-description classic\">\n<h2>Pour les efforts de longue dur\u00e9e<\/h2>\n<p>La barre ORIGIN BAR vous apporte une\u00a0<strong>\u00e9nergie durable<\/strong>\u00a0(+200 kcal \/ barre) avec un\u00a0<strong>indice glyc\u00e9mique mod\u00e9r\u00e9<\/strong>\u00a0et des\u00a0<strong>\u00e9lectrolytes<\/strong>\u00a0(magn\u00e9sium, sodium). Elle est id\u00e9ale pour les pratiques sportives de longue dur\u00e9e telles que le cyclisme, le trail, le triathlon, la randonn\u00e9e\u00a0...<\/p>\n<p>Elle est particuli\u00e8rement efficace en cours d'effort mais peut aussi \u00eatre consomm\u00e9e \u00e0 tout moment de la journ\u00e9e comme en-cas \u00e9quilibr\u00e9 et nourrissant.<\/p>\n<h2>Une barre aux ingr\u00e9dients naturels et ultra-gourmande<\/h2>\n<p>Gourmande et saine, la barre ORIGIN BAR se compose d'ingr\u00e9dients naturels comme les amandes, les noix de cajou, un m\u00e9lange de graines, des myrtilles ou du chocolat.<\/p>\n<p>La composition de la barre ORIGIN BAR SAL\u00c9E est particuli\u00e8rement int\u00e9ressante sur le plan nutritionnel car elle vous apporte des :<\/p>\n<ul>\n<li><strong>Glucides<\/strong>\u00a0pour une \u00e9nergie durable,<\/li>\n<li><strong>Prot\u00e9ines v\u00e9g\u00e9tales<\/strong>\u00a0pour r\u00e9duire la fatigue musculaire,<\/li>\n<li><strong>\u00c9lectrolytes<\/strong>\u00a0(magn\u00e9sium et sodium) pour le bon fonctionnement musculaire et limiter les crampes,<\/li>\n<li><strong>Antioxydants<\/strong>\u00a0(vitamine E et cuivre),<\/li>\n<li><strong>Acides gras<\/strong>\u00a0(om\u00e9ga-6 et les om\u00e9ga-3).<\/li>\n<\/ul>\n<p>La barre ORIGIN BAR est sans gluten et vegan.<\/p>\n<p>Pas de conservateurs, pas d'huile de palme, ni d'autres ingr\u00e9dients artificiels. C'est simple, sain et surtout, extr\u00eamement savoureux.<\/p>\n<\/div>\n<\/div>\n<\/div>\n<\/div>\n<\/div>\n<\/div>\n<\/div>\n<\/div>\n<\/div>\n","protected":false},"excerpt":{"rendered":"<p>Pour les efforts de longue dur\u00e9e La barre ORIGIN BAR vous apporte une\u00a0\u00e9nergie durable\u00a0(+200 kcal \/ barre) avec un\u00a0indice glyc\u00e9mique mod\u00e9r\u00e9\u00a0et des\u00a0\u00e9lectrolytes\u00a0(magn\u00e9sium, sodium). Elle est id\u00e9ale pour les pratiques sportives de longue dur\u00e9e telles que le cyclisme, le trail, le triathlon, la randonn\u00e9e\u00a0... Elle est particuli\u00e8rement efficace en cours d'effort mais peut aussi \u00eatre consomm\u00e9e [&hellip;]<\/p>\n","protected":false},"featured_media":1619,"template":"","meta":[],"pwb-brand":[114],"product_brand":[],"product_cat":[84],"product_tag":[],"class_list":{"0":"post-1618","1":"product","2":"type-product","3":"status-publish","4":"has-post-thumbnail","6":"pwb-brand-overstims","7":"product_cat-nutrition","9":"first","10":"instock","11":"shipping-taxable","12":"purchasable","13":"product-type-simple"},"brands":[{"id":114,"name":"OVERSTIM'S","slug":"overstims"}],"_links":{"self":[{"href":"https:\/\/rrunning.tribalt.agency\/index.php?rest_route=\/wp\/v2\/product\/1618","targetHints":{"allow":["GET"]}}],"collection":[{"href":"https:\/\/rrunning.tribalt.agency\/index.php?rest_route=\/wp\/v2\/product"}],"about":[{"href":"https:\/\/rrunning.tribalt.agency\/index.php?rest_route=\/wp\/v2\/types\/product"}],"wp:featuredmedia":[{"embeddable":true,"href":"https:\/\/rrunning.tribalt.agency\/index.php?rest_route=\/wp\/v2\/media\/1619"}],"wp:attachment":[{"href":"https:\/\/rrunning.tribalt.agency\/index.php?rest_route=%2Fwp%2Fv2%2Fmedia&parent=1618"}],"wp:term":[{"taxonomy":"pwb-brand","embeddable":true,"href":"https:\/\/rrunning.tribalt.agency\/index.php?rest_route=%2Fwp%2Fv2%2Fpwb-brand&post=1618"},{"taxonomy":"product_brand","embeddable":true,"href":"https:\/\/rrunning.tribalt.agency\/index.php?rest_route=%2Fwp%2Fv2%2Fproduct_brand&post=1618"},{"taxonomy":"product_cat","embeddable":true,"href":"https:\/\/rrunning.tribalt.agency\/index.php?rest_route=%2Fwp%2Fv2%2Fproduct_cat&post=1618"},{"taxonomy":"product_tag","embeddable":true,"href":"https:\/\/rrunning.tribalt.agency\/index.php?rest_route=%2Fwp%2Fv2%2Fproduct_tag&post=1618"}],"curies":[{"name":"wp","href":"https:\/\/api.w.org\/{rel}","templated":true}]}}