{"id":1616,"date":"2025-06-25T15:18:37","date_gmt":"2025-06-25T13:18:37","guid":{"rendered":"https:\/\/rrunning.tribalt.agency\/?post_type=product&#038;p=1616"},"modified":"2025-09-17T17:38:11","modified_gmt":"2025-09-17T15:38:11","slug":"malto-ultra-fruits-rouges","status":"publish","type":"product","link":"https:\/\/rrunning.tribalt.agency\/?product=malto-ultra-fruits-rouges","title":{"rendered":"MALTO ULTRA FRUITS ROUGES"},"content":{"rendered":"<div class=\"product-information\">\n<div class=\"container-tab\">\n<div class=\"tab-content\">\n<div id=\"details\" class=\"tab-pane fade in active\" role=\"tabpanel\">\n<div class=\"product-description-classic\">\n<div class=\"container product-details-wrapper\">\n<div class=\"row\">\n<div class=\"col-xs-12 col-lg-offset-1 col-lg-10\">\n<div class=\"product-details-cell-description classic\">\n<h2>Pourquoi augmenter ses r\u00e9serves \u00e9nerg\u00e9tiques ?<\/h2>\n<p>Augmenter ses r\u00e9serves de glycog\u00e8ne est vital pour \u00e9viter l'\u00e9puisement pr\u00e9matur\u00e9. Lorsque ses r\u00e9serves s\u2019amenuisent, le corps recourt \u00e0 des sources d\u2019\u00e9nergie moins efficaces, comme les graisses, ce qui peut entra\u00eener une baisse de la vitesse et de la puissance.<\/p>\n<p>MALTO ULTRA permet d'augmenter ses r\u00e9serves \u00e9nerg\u00e9tiques (glycog\u00e8ne) afin d'<strong>optimiser sa r\u00e9sistance<\/strong>\u00a0et son\u00a0<strong>endurance<\/strong>\u00a0en pr\u00e9vision d'un effort long (marathon, trail, triathlon ou cyclosportive).<\/p>\n<h2>Quel est l'int\u00e9r\u00eat du MALTO ULTRA ?<\/h2>\n<p>La consommation de MALTO ULTRA, compos\u00e9 de glucides lents (dextrose \u00e9quivalent de 18), permet :<\/p>\n<ul>\n<li><strong>compl\u00e9ter l'apport en glucides<\/strong>\u00a0sans avoir \u00e0 augmenter les portions de f\u00e9culents<\/li>\n<li><strong>pr\u00e9venir d'une consommation de glucides \u00e0 outrance<\/strong>\u00a0et \u00e9viter les sensations de ballonnements, d'inconfort intestinal<\/li>\n<li><strong>assurer un niveau d'hydratation id\u00e9al<\/strong>\u00a0(afin de faciliter le m\u00e9tabolisme des glucides et leur conversion en glycog\u00e8ne)<\/li>\n<li><strong>appporter des \u00e9lectrolytes<\/strong>\u00a0(sodium, calcium, magn\u00e9sium)<\/li>\n<li><strong>apporter des vitamines et des antioxydants<\/strong>\u00a0(vitamines B1, B6, C et E)<\/li>\n<\/ul>\n<p>MALTO ULTRA apporte une pr\u00e9cieuse \u00e9nergie de r\u00e9serve, est totalement d\u00e9pourvu d'acidit\u00e9 et ne provoque ni aigreurs ni troubles digestifs !<\/p>\n<h2>Quand et comment consommer MALTO ULTRA ?<\/h2>\n<p>Durant les 3 jours pr\u00e9c\u00e9dant une \u00e9preuve sportive, buvez chaque jour tout au long de la journ\u00e9e, 150g de MALTO ULTRA dilu\u00e9 dans 1,5L d'eau.<\/p>\n<p>MALTO ULTRA \u00e9tant sans conservateur, pensez \u00e0 boire votre boisson le jour m\u00eame de sa pr\u00e9paration.<\/p>\n<h2>Quel est l'int\u00e9r\u00eat de la betterave pour le sportif ?<\/h2>\n<p>MALTO ULTRA contient 33% de betterave. Plusieurs \u00e9tudes scientifiques d\u00e9montrent l'int\u00e9r\u00eat de la consommation de betterave pour les sportifs et plus particuli\u00e8rement dans les sports d'endurance.<\/p>\n<h2>MALTO : une histoire qui remonte \u00e0 plus de 20 ans d\u00e9j\u00e0 !<\/h2>\n<p>Le saviez-vous ? C'est en 1998 qu'OVERSTIM.s lan\u00e7a sur le march\u00e9 le premier MALTO \u00e0 l'usage des sportifs. Il vous accompagne depuis plus de 20 ans d\u00e9j\u00e0 avant chaque \u00e9preuve et s'est naturellement impos\u00e9 pour l'optimisation de votre pr\u00e9paration.<\/p>\n<p id=\"legal\">Pr\u00e9paration en poudre pour boisson de l'effort d'apport glucidique.<\/p>\n<\/div>\n<\/div>\n<\/div>\n<\/div>\n<\/div>\n<\/div>\n<\/div>\n<\/div>\n<\/div>\n","protected":false},"excerpt":{"rendered":"<p>Pourquoi augmenter ses r\u00e9serves \u00e9nerg\u00e9tiques ? Augmenter ses r\u00e9serves de glycog\u00e8ne est vital pour \u00e9viter l'\u00e9puisement pr\u00e9matur\u00e9. Lorsque ses r\u00e9serves s\u2019amenuisent, le corps recourt \u00e0 des sources d\u2019\u00e9nergie moins efficaces, comme les graisses, ce qui peut entra\u00eener une baisse de la vitesse et de la puissance. MALTO ULTRA permet d'augmenter ses r\u00e9serves \u00e9nerg\u00e9tiques (glycog\u00e8ne) afin [&hellip;]<\/p>\n","protected":false},"featured_media":3739,"template":"","meta":[],"pwb-brand":[114],"product_brand":[],"product_cat":[84],"product_tag":[],"class_list":{"0":"post-1616","1":"product","2":"type-product","3":"status-publish","4":"has-post-thumbnail","6":"pwb-brand-overstims","7":"product_cat-nutrition","9":"first","10":"instock","11":"shipping-taxable","12":"purchasable","13":"product-type-simple"},"brands":[{"id":114,"name":"OVERSTIM'S","slug":"overstims"}],"_links":{"self":[{"href":"https:\/\/rrunning.tribalt.agency\/index.php?rest_route=\/wp\/v2\/product\/1616","targetHints":{"allow":["GET"]}}],"collection":[{"href":"https:\/\/rrunning.tribalt.agency\/index.php?rest_route=\/wp\/v2\/product"}],"about":[{"href":"https:\/\/rrunning.tribalt.agency\/index.php?rest_route=\/wp\/v2\/types\/product"}],"wp:featuredmedia":[{"embeddable":true,"href":"https:\/\/rrunning.tribalt.agency\/index.php?rest_route=\/wp\/v2\/media\/3739"}],"wp:attachment":[{"href":"https:\/\/rrunning.tribalt.agency\/index.php?rest_route=%2Fwp%2Fv2%2Fmedia&parent=1616"}],"wp:term":[{"taxonomy":"pwb-brand","embeddable":true,"href":"https:\/\/rrunning.tribalt.agency\/index.php?rest_route=%2Fwp%2Fv2%2Fpwb-brand&post=1616"},{"taxonomy":"product_brand","embeddable":true,"href":"https:\/\/rrunning.tribalt.agency\/index.php?rest_route=%2Fwp%2Fv2%2Fproduct_brand&post=1616"},{"taxonomy":"product_cat","embeddable":true,"href":"https:\/\/rrunning.tribalt.agency\/index.php?rest_route=%2Fwp%2Fv2%2Fproduct_cat&post=1616"},{"taxonomy":"product_tag","embeddable":true,"href":"https:\/\/rrunning.tribalt.agency\/index.php?rest_route=%2Fwp%2Fv2%2Fproduct_tag&post=1616"}],"curies":[{"name":"wp","href":"https:\/\/api.w.org\/{rel}","templated":true}]}}