{"id":1600,"date":"2025-06-25T15:09:36","date_gmt":"2025-06-25T13:09:36","guid":{"rendered":"https:\/\/rrunning.tribalt.agency\/?post_type=product&#038;p=1600"},"modified":"2025-09-17T17:46:24","modified_gmt":"2025-09-17T15:46:24","slug":"hydrixir-longue-distance-fruits-rouges","status":"publish","type":"product","link":"https:\/\/rrunning.tribalt.agency\/?product=hydrixir-longue-distance-fruits-rouges","title":{"rendered":"HYDRIXIR LONGUE DISTANCE  FRUITS ROUGES"},"content":{"rendered":"<div class=\"product-information\">\n<div class=\"container-tab\">\n<div class=\"tab-content\">\n<div id=\"details\" class=\"tab-pane fade in active\" role=\"tabpanel\">\n<div class=\"product-description-classic\">\n<div class=\"container product-details-wrapper\">\n<div class=\"row\">\n<div class=\"col-xs-12 col-lg-offset-1 col-lg-10\">\n<div class=\"product-details-cell-description classic\">\n<h2>L'hydratation : un geste essentiel pour le sportif<\/h2>\n<p>Lors d'une activit\u00e9 sportive les muscles travaillent et ont besoin d'\u00e9nergie. Leur travail produit de la chaleur qui doit \u00eatre \u00e9vacu\u00e9e pour permettre le r\u00e9gulation thermique de votre corps.<\/p>\n<p>La transpiration permet de r\u00e9guler la temp\u00e9rature de votre corps en entrainant une\u00a0<strong>perte de liquide<\/strong>\u00a0et\u00a0<strong>d'\u00e9lectrolytes<\/strong>\u00a0(sodium, magn\u00e9sium, ...). Ce m\u00e9canisme\u00a0<strong>favorise la d\u00e9shydratation<\/strong>\u00a0avec des pertes d'eau variant entre 0,5L \u00e0 1,5L par heure en fonction de l'intensit\u00e9 de l'effort et des conditions climatiques.<\/p>\n<p>Une d\u00e9shydratation faible \u00e0 mod\u00e9r\u00e9e a des cons\u00e9quences importantes pour le sportif et peut entrainer : une baisse d'\u00e9nergie et moins d'endurance, des crampes, des risques de blessures, une moins bonne r\u00e9cup\u00e9ration.<\/p>\n<p><strong>Une d\u00e9shydratation de 2% repr\u00e9sente une baisse des performances de 20% !<\/strong>\u00a0(ex : 1,3L pour une personne de 65kg)<\/p>\n<p>C'est pourquoi il est important de s'hydrater d\u00e8s les premiers instants d'effort et de fa\u00e7on r\u00e9guli\u00e8re, en apportant l'eau mais surtout les \u00e9l\u00e9ments nutritionnels (\u00e9nergie, \u00e9lectrolytes et vitamines) indispensables pour maintenir votre performance et pr\u00e9venir les incidents musculaires.<\/p>\n<h2>Hydratation et maintien des performances<\/h2>\n<p>La boisson \u00e9nerg\u00e9tique HYDRIXIR LONGUE DISTANCE permet d'allier hydratation et performance.<\/p>\n<p>Sa formule sp\u00e9cifique compos\u00e9e de plusieurs sources de glucides, de prot\u00e9ines, de BCAA, d'\u00e9lectrolytes (sodium, magn\u00e9sium) et de vitamines (B1, B6, C, E) apporte une hydratation optimale et l'\u00e9nergie n\u00e9cessaire pour maintenir votre efficacit\u00e9 pendant les efforts longs.<\/p>\n<p>Ses glucides et ses \u00e9lectrolytes (sodium, magn\u00e9sium) contribuent \u00e0 maintenir la performance au cours d'un effort d'endurance prolong\u00e9 et accroissent l'absorption hydrique durant un exercice physique.<\/p>\n<h2>Quels sont les points forts de la boisson Hydrixir Longue Distance ?<\/h2>\n<p>La boisson \u00e9nerg\u00e9tique HYDRIXIR LONGUE DISTANCE vous apporte :<\/p>\n<ul>\n<li>une association de 4 sources de glucides : maltodextrines, glucose, fructose et dextrose<\/li>\n<li>des prot\u00e9ines et des BCAA<\/li>\n<li>du sodium compensant les pertes en min\u00e9raux et am\u00e9liorant l'absorption hydrique<\/li>\n<li>du magn\u00e9sium contribuant au bon fonctionnement musculaire<\/li>\n<li>de la vitamine B1 contribuant au bon m\u00e9tabolisme \u00e9nerg\u00e9tique<\/li>\n<li>des vitamines C et B6 contribuant \u00e0 r\u00e9duire la fatigue<\/li>\n<li>de la vitamine E antioxydante contribuant \u00e0 prot\u00e9ger les cellules contre le stress oxydatif<\/li>\n<\/ul>\n<h2>Parfaitement tol\u00e9r\u00e9e<\/h2>\n<p>HYDRIXIR LONGUE DISTANCE est parfaitement tol\u00e9r\u00e9e pour vous accompagner lors de votre pratique sportive.<\/p>\n<p>Isotonique, sans conservateur et sans acidit\u00e9 (pH neutre), HYDRIXIR LONGUE DISTANCE vous garantit une absence totale d'aigreurs ou de troubles digestifs.<\/p>\n<p>Go\u00fbts sucr\u00e9s peu marqu\u00e9s pour \u00e9viter l'\u00e9coeurement m\u00eame apr\u00e8s plusieurs heures d'effort.<\/p>\n<h2>Ar\u00f4mes 100% naturels<\/h2>\n<p>Les ar\u00f4mes naturels de l'HYDRIXIR LONGUE DISTANCE offrent une qualit\u00e9 gustative unique.<\/p>\n<p>Avec un large choix d'ar\u00f4mes, HYDRIXIR LONGUE DISTANCE associe plaisir et efficacit\u00e9.v<\/p>\n<\/div>\n<\/div>\n<\/div>\n<\/div>\n<\/div>\n<\/div>\n<\/div>\n<\/div>\n<\/div>\n","protected":false},"excerpt":{"rendered":"<p>L'hydratation : un geste essentiel pour le sportif Lors d'une activit\u00e9 sportive les muscles travaillent et ont besoin d'\u00e9nergie. Leur travail produit de la chaleur qui doit \u00eatre \u00e9vacu\u00e9e pour permettre le r\u00e9gulation thermique de votre corps. La transpiration permet de r\u00e9guler la temp\u00e9rature de votre corps en entrainant une\u00a0perte de liquide\u00a0et\u00a0d'\u00e9lectrolytes\u00a0(sodium, magn\u00e9sium, ...). Ce [&hellip;]<\/p>\n","protected":false},"featured_media":3747,"template":"","meta":[],"pwb-brand":[114],"product_brand":[],"product_cat":[84],"product_tag":[],"class_list":{"0":"post-1600","1":"product","2":"type-product","3":"status-publish","4":"has-post-thumbnail","6":"pwb-brand-overstims","7":"product_cat-nutrition","9":"first","10":"instock","11":"shipping-taxable","12":"purchasable","13":"product-type-simple"},"brands":[{"id":114,"name":"OVERSTIM'S","slug":"overstims"}],"_links":{"self":[{"href":"https:\/\/rrunning.tribalt.agency\/index.php?rest_route=\/wp\/v2\/product\/1600","targetHints":{"allow":["GET"]}}],"collection":[{"href":"https:\/\/rrunning.tribalt.agency\/index.php?rest_route=\/wp\/v2\/product"}],"about":[{"href":"https:\/\/rrunning.tribalt.agency\/index.php?rest_route=\/wp\/v2\/types\/product"}],"wp:featuredmedia":[{"embeddable":true,"href":"https:\/\/rrunning.tribalt.agency\/index.php?rest_route=\/wp\/v2\/media\/3747"}],"wp:attachment":[{"href":"https:\/\/rrunning.tribalt.agency\/index.php?rest_route=%2Fwp%2Fv2%2Fmedia&parent=1600"}],"wp:term":[{"taxonomy":"pwb-brand","embeddable":true,"href":"https:\/\/rrunning.tribalt.agency\/index.php?rest_route=%2Fwp%2Fv2%2Fpwb-brand&post=1600"},{"taxonomy":"product_brand","embeddable":true,"href":"https:\/\/rrunning.tribalt.agency\/index.php?rest_route=%2Fwp%2Fv2%2Fproduct_brand&post=1600"},{"taxonomy":"product_cat","embeddable":true,"href":"https:\/\/rrunning.tribalt.agency\/index.php?rest_route=%2Fwp%2Fv2%2Fproduct_cat&post=1600"},{"taxonomy":"product_tag","embeddable":true,"href":"https:\/\/rrunning.tribalt.agency\/index.php?rest_route=%2Fwp%2Fv2%2Fproduct_tag&post=1600"}],"curies":[{"name":"wp","href":"https:\/\/api.w.org\/{rel}","templated":true}]}}