{"id":1596,"date":"2025-06-25T15:06:23","date_gmt":"2025-06-25T13:06:23","guid":{"rendered":"https:\/\/rrunning.tribalt.agency\/?post_type=product&#038;p=1596"},"modified":"2025-09-17T17:46:35","modified_gmt":"2025-09-17T15:46:35","slug":"hydrixir-antioxydant-the-peche","status":"publish","type":"product","link":"https:\/\/rrunning.tribalt.agency\/?product=hydrixir-antioxydant-the-peche","title":{"rendered":"HYDRIXIR ANTIOXYDANT THE PECHE"},"content":{"rendered":"<div class=\"product-information\">\n<div class=\"container-tab\">\n<div class=\"tab-content\">\n<div id=\"details\" class=\"tab-pane fade in active\" role=\"tabpanel\">\n<div class=\"product-description-classic\">\n<div class=\"container product-details-wrapper\">\n<div class=\"row\">\n<div class=\"col-xs-12 col-lg-offset-1 col-lg-10\">\n<div class=\"product-details-cell-description classic\">\n<h2>L'hydratation : un geste essentiel pour le sportif<\/h2>\n<p>Lors d'une activit\u00e9 sportive les muscles travaillent et ont besoin d'\u00e9nergie. Leur travail produit de la chaleur qui doit \u00eatre \u00e9vacu\u00e9e pour permettre le r\u00e9gulation thermique de votre corps.<\/p>\n<p>La transpiration permet de r\u00e9guler la temp\u00e9rature de votre corps en entrainant une\u00a0<strong>perte de liquide<\/strong>\u00a0et\u00a0<strong>d'\u00e9lectrolytes<\/strong>\u00a0(sodium, magn\u00e9sium, ...). Ce m\u00e9canisme\u00a0<strong>favorise la d\u00e9shydratation<\/strong>\u00a0avec des pertes d'eau variant entre 0,5L \u00e0 1,5L par heure en fonction de l'intensit\u00e9 de l'effort et des conditions climatiques.<\/p>\n<p>Une d\u00e9shydratation faible \u00e0 mod\u00e9r\u00e9e a des cons\u00e9quences importantes pour le sportif et peut entrainer : une baisse d'\u00e9nergie et moins d'endurance, des crampes, des risques de blessures, une moins bonne r\u00e9cup\u00e9ration.<\/p>\n<p><strong>Une d\u00e9shydratation de 2% repr\u00e9sente une baisse des performances de 20% !<\/strong>\u00a0(ex : 1,3L pour une personne de 65kg)<\/p>\n<p>C'est pourquoi il est important de s'hydrater d\u00e8s les premiers instants d'effort et de fa\u00e7on r\u00e9guli\u00e8re, en apportant l'eau mais surtout les \u00e9l\u00e9ments nutritionnels (\u00e9nergie, \u00e9lectrolytes et vitamines) indispensables pour maintenir votre performance et pr\u00e9venir les incidents musculaires.<\/p>\n<h2>Hydratation et maintien des performances<\/h2>\n<p>La boisson \u00e9nerg\u00e9tique\u00a0<strong>Hydrixir antioxydant<\/strong>\u00a0permet d'allier hydratation et performance. Elle doit \u00eatre consid\u00e9r\u00e9e comme l'\u00e9nergie de base de la plupart de vos efforts.<\/p>\n<p><strong>Hydrixir antioxydant<\/strong>\u00a0est sp\u00e9cialement formul\u00e9e pour vous aider \u00e0 maintenir un\u00a0<strong>\u00e9quilibre \u00e9lectrolytique optimal<\/strong>\u00a0tout en vous apportant une\u00a0<strong>\u00e9nergie durable<\/strong>.<\/p>\n<p>Sa composition riches en glucides, \u00e9lectrolytes (sodium, magn\u00e9sium) et vitamines (B1, B6, C, E) apporte une hydratation optimale et l'\u00e9nergie n\u00e9cessaire pour maintenir votre efficacit\u00e9 pendant les efforts longs.<\/p>\n<p><strong>Isotonique<\/strong>,\u00a0<strong>sans conservateur<\/strong>\u00a0et\u00a0<strong>sans acidit\u00e9<\/strong>\u00a0(pH neutre), la boisson Hydrixir antioxydant vous garantit une absence totale d'aigreurs ou de troubles digestifs.<\/p>\n<h2>Quels sont les r\u00f4les des glucides, \u00e9lectrolytes et vitamines de l'Hydrixir Antioxydant ?<\/h2>\n<p>La boisson \u00e9nerg\u00e9tique\u00a0<strong>Hydrixir antioxydant<\/strong>\u00a0vous apporte:<\/p>\n<ul>\n<li>des\u00a0<strong>glucides<\/strong>\u00a0pour apporter une \u00e9nergie durable<\/li>\n<li>du\u00a0<strong>sodium<\/strong>\u00a0pour compenser les pertes en sels min\u00e9raux li\u00e9es \u00e0 la transpiration et am\u00e9liorer l'absorption hydrique<\/li>\n<li>du\u00a0<strong>magn\u00e9sium<\/strong>\u00a0pour le bon fonctionnement musculaire et limiter les crampes<\/li>\n<li>de la\u00a0<strong>vitamine B1<\/strong>\u00a0pour contribuer au bon m\u00e9tabolisme \u00e9nerg\u00e9tique<\/li>\n<li>des\u00a0<strong>vitamines C et B6<\/strong>\u00a0pour r\u00e9duire la fatigue<\/li>\n<li>de la\u00a0<strong>vitamine E antioxydante<\/strong>\u00a0pour prot\u00e9ger les cellules contre le stress oxydatif<\/li>\n<\/ul>\n<h2>Parfaitement tol\u00e9r\u00e9e<\/h2>\n<p><strong>Hydrixir antioxydant<\/strong>\u00a0est parfaitement tol\u00e9r\u00e9e pour vous accompagner tout au long de votre pratique sportive.<\/p>\n<p>Isotonique, sans conservateur et sans acidit\u00e9 (pH neutre), Hydrixir antioxydant vous garantit une absence totale d'aigreurs ou de troubles digestifs.<\/p>\n<p>De saveur peu sucr\u00e9e, elle \u00e9vite l'\u00e9coeurement m\u00eame apr\u00e8s plusieurs heures d'effort.<\/p>\n<h2>Ar\u00f4mes 100% naturels<\/h2>\n<p>Les ar\u00f4mes naturels de l'Hydrixir antioxydant offrent une qualit\u00e9 gustative unique.<\/p>\n<p>Avec un large choix d'ar\u00f4mes, Hydrixir antioxydant associe plaisir et efficacit\u00e9.<\/p>\n<h2>Pour les besoins \u00e9nerg\u00e9tiques tr\u00e8s \u00e9lev\u00e9s<\/h2>\n<p><strong>Hydrixir antioxydant<\/strong>\u00a0peut \u00eatre enrichie d' 1 cuill\u00e8re \u00e0 soupe suppl\u00e9mentaire pour 500 ml et 2 cuill\u00e8res \u00e0 soupe suppl\u00e9mentaire pour 750 ml de boisson.<\/p>\n<\/div>\n<\/div>\n<\/div>\n<\/div>\n<\/div>\n<\/div>\n<\/div>\n<\/div>\n<\/div>\n","protected":false},"excerpt":{"rendered":"<p>L'hydratation : un geste essentiel pour le sportif Lors d'une activit\u00e9 sportive les muscles travaillent et ont besoin d'\u00e9nergie. Leur travail produit de la chaleur qui doit \u00eatre \u00e9vacu\u00e9e pour permettre le r\u00e9gulation thermique de votre corps. La transpiration permet de r\u00e9guler la temp\u00e9rature de votre corps en entrainant une\u00a0perte de liquide\u00a0et\u00a0d'\u00e9lectrolytes\u00a0(sodium, magn\u00e9sium, ...). Ce [&hellip;]<\/p>\n","protected":false},"featured_media":3749,"template":"","meta":[],"pwb-brand":[114],"product_brand":[],"product_cat":[84],"product_tag":[],"class_list":{"0":"post-1596","1":"product","2":"type-product","3":"status-publish","4":"has-post-thumbnail","6":"pwb-brand-overstims","7":"product_cat-nutrition","9":"first","10":"instock","11":"shipping-taxable","12":"purchasable","13":"product-type-simple"},"brands":[{"id":114,"name":"OVERSTIM'S","slug":"overstims"}],"_links":{"self":[{"href":"https:\/\/rrunning.tribalt.agency\/index.php?rest_route=\/wp\/v2\/product\/1596","targetHints":{"allow":["GET"]}}],"collection":[{"href":"https:\/\/rrunning.tribalt.agency\/index.php?rest_route=\/wp\/v2\/product"}],"about":[{"href":"https:\/\/rrunning.tribalt.agency\/index.php?rest_route=\/wp\/v2\/types\/product"}],"wp:featuredmedia":[{"embeddable":true,"href":"https:\/\/rrunning.tribalt.agency\/index.php?rest_route=\/wp\/v2\/media\/3749"}],"wp:attachment":[{"href":"https:\/\/rrunning.tribalt.agency\/index.php?rest_route=%2Fwp%2Fv2%2Fmedia&parent=1596"}],"wp:term":[{"taxonomy":"pwb-brand","embeddable":true,"href":"https:\/\/rrunning.tribalt.agency\/index.php?rest_route=%2Fwp%2Fv2%2Fpwb-brand&post=1596"},{"taxonomy":"product_brand","embeddable":true,"href":"https:\/\/rrunning.tribalt.agency\/index.php?rest_route=%2Fwp%2Fv2%2Fproduct_brand&post=1596"},{"taxonomy":"product_cat","embeddable":true,"href":"https:\/\/rrunning.tribalt.agency\/index.php?rest_route=%2Fwp%2Fv2%2Fproduct_cat&post=1596"},{"taxonomy":"product_tag","embeddable":true,"href":"https:\/\/rrunning.tribalt.agency\/index.php?rest_route=%2Fwp%2Fv2%2Fproduct_tag&post=1596"}],"curies":[{"name":"wp","href":"https:\/\/api.w.org\/{rel}","templated":true}]}}