{"id":1588,"date":"2025-06-25T15:01:42","date_gmt":"2025-06-25T13:01:42","guid":{"rendered":"https:\/\/rrunning.tribalt.agency\/?post_type=product&#038;p=1588"},"modified":"2025-06-25T15:02:47","modified_gmt":"2025-06-25T13:02:47","slug":"gel-antioxydant-fruits-rouges","status":"publish","type":"product","link":"https:\/\/rrunning.tribalt.agency\/?product=gel-antioxydant-fruits-rouges","title":{"rendered":"GEL ANTIOXYDANT FRUITS ROUGES"},"content":{"rendered":"<div class=\"product-information\">\n<div class=\"container-tab\">\n<div class=\"tab-content\">\n<div id=\"details\" class=\"tab-pane fade in active\" role=\"tabpanel\">\n<div class=\"product-description-classic\">\n<div class=\"container product-details-wrapper\">\n<div class=\"row\">\n<div class=\"col-xs-12 col-lg-offset-1 col-lg-10\">\n<div class=\"product-details-cell-description classic\">\n<h2>Pourquoi choisir le gel \u00e9nerg\u00e9tique ANTIOXYDANT\u00a0?<\/h2>\n<p>Les perturbations musculaires telles que les crampes peuvent \u00eatre caus\u00e9es par plusieurs facteurs : une d\u00e9shydratation, une perte importante en \u00e9lectrolytes (sels min\u00e9raux) ou une fatigue musculaire excessive.<\/p>\n<p>Le gel ANTIOXYDANT est enrichi en\u00a0<strong>\u00e9lectrolytes essentiels<\/strong>\u00a0(magn\u00e9sium et sodium) pour assurer le bon fonctionnement de vos muscles et pr\u00e9venir l'apparition des crampes \u00e0 l'effort.<\/p>\n<p>Son action est renforc\u00e9 par des\u00a0<strong>antioxydants<\/strong>\u00a0(vitamine E et zinc), par des\u00a0<strong>vitamines B1 et B3<\/strong>\u00a0contribuant au bon rendement \u00e9nerg\u00e9tique et par de la\u00a0<strong>vitamine B6<\/strong>\u00a0r\u00e9duisant la fatigue.<\/p>\n<h2>Une \u00e9nergie durable<\/h2>\n<p>Gr\u00e2ce \u00e0 sa formule compos\u00e9e de\u00a0<strong>2 sources de glucides<\/strong>\u00a0(glucose et fructose), le gel ANTIOXYDANT vous assure une \u00e9nergie durable permettant de maintenir un niveau de performance optimal tout au long de l'effort.<\/p>\n<p>Chaque prise de gel vous apporte\u00a0<strong>26 g de glucides<\/strong>, soit\u00a0<strong>100 kcal<\/strong>.<\/p>\n<h2>R\u00e9duction de la fatigue<\/h2>\n<p>Afin d'optimiser votre endurance, le gel ANTIOXYDANT contient de la vitamine B6 qui joue un r\u00f4le essentiel dans la\u00a0<strong>r\u00e9duction de la fatigue<\/strong>.<\/p>\n<h2>Parfaitement tol\u00e9r\u00e9<\/h2>\n<p>Le gel ANTIOXYDANT se caract\u00e9rise par une texture liquide et une composition sans conservateur et sans acidit\u00e9, garantissant une\u00a0<strong>excellente tol\u00e9rance gastro-intestinale<\/strong>\u00a0sans craindre d'inconfort digestif, m\u00eame apr\u00e8s plusieurs heures d'effort.<\/p>\n<p>Gr\u00e2ce \u00e0 ses\u00a0<strong>ar\u00f4mes 100% naturels<\/strong>, il allie plaisir gustatif et efficacit\u00e9.<\/p>\n<h2>Nouveau format sachet, 20% d'\u00e9nergie en plus !<\/h2>\n<p>Avec son tout nouveau format sachet, le gel \u00e9nerg\u00e9tique ANTIOXYDANT vous offre d\u00e9sormais 20% d'\u00e9nergie en plus, dans un emballage plus compact, plus pratique et facilement transportable.<\/p>\n<p>Glissez-le ais\u00e9ment dans la poche de votre maillot, votre ceinture running ou votre sac trail, et maintenez vos performances o\u00f9 que vous soyez.<\/p>\n<h2>Bye Bye les tubes ... un geste pour la plan\u00e8te<\/h2>\n<p>En adoptant le nouveau format sachet, nous contribuons activement \u00e0\u00a0<strong>r\u00e9duire l'impact environnemental de nos emballages<\/strong>, r\u00e9duisant ainsi la consommation de plastique et le volume de d\u00e9chets produits.<\/p>\n<p>Faites un geste pour la plan\u00e8te tout en boostant vos performances sportives.<\/p>\n<\/div>\n<\/div>\n<\/div>\n<\/div>\n<\/div>\n<\/div>\n<\/div>\n<\/div>\n<\/div>\n","protected":false},"excerpt":{"rendered":"<p>Pourquoi choisir le gel \u00e9nerg\u00e9tique ANTIOXYDANT\u00a0? Les perturbations musculaires telles que les crampes peuvent \u00eatre caus\u00e9es par plusieurs facteurs : une d\u00e9shydratation, une perte importante en \u00e9lectrolytes (sels min\u00e9raux) ou une fatigue musculaire excessive. Le gel ANTIOXYDANT est enrichi en\u00a0\u00e9lectrolytes essentiels\u00a0(magn\u00e9sium et sodium) pour assurer le bon fonctionnement de vos muscles et pr\u00e9venir l'apparition des [&hellip;]<\/p>\n","protected":false},"featured_media":1589,"template":"","meta":[],"pwb-brand":[114],"product_brand":[],"product_cat":[84],"product_tag":[],"class_list":{"0":"post-1588","1":"product","2":"type-product","3":"status-publish","4":"has-post-thumbnail","6":"pwb-brand-overstims","7":"product_cat-nutrition","9":"first","10":"instock","11":"shipping-taxable","12":"purchasable","13":"product-type-simple"},"brands":[{"id":114,"name":"OVERSTIM'S","slug":"overstims"}],"_links":{"self":[{"href":"https:\/\/rrunning.tribalt.agency\/index.php?rest_route=\/wp\/v2\/product\/1588","targetHints":{"allow":["GET"]}}],"collection":[{"href":"https:\/\/rrunning.tribalt.agency\/index.php?rest_route=\/wp\/v2\/product"}],"about":[{"href":"https:\/\/rrunning.tribalt.agency\/index.php?rest_route=\/wp\/v2\/types\/product"}],"wp:featuredmedia":[{"embeddable":true,"href":"https:\/\/rrunning.tribalt.agency\/index.php?rest_route=\/wp\/v2\/media\/1589"}],"wp:attachment":[{"href":"https:\/\/rrunning.tribalt.agency\/index.php?rest_route=%2Fwp%2Fv2%2Fmedia&parent=1588"}],"wp:term":[{"taxonomy":"pwb-brand","embeddable":true,"href":"https:\/\/rrunning.tribalt.agency\/index.php?rest_route=%2Fwp%2Fv2%2Fpwb-brand&post=1588"},{"taxonomy":"product_brand","embeddable":true,"href":"https:\/\/rrunning.tribalt.agency\/index.php?rest_route=%2Fwp%2Fv2%2Fproduct_brand&post=1588"},{"taxonomy":"product_cat","embeddable":true,"href":"https:\/\/rrunning.tribalt.agency\/index.php?rest_route=%2Fwp%2Fv2%2Fproduct_cat&post=1588"},{"taxonomy":"product_tag","embeddable":true,"href":"https:\/\/rrunning.tribalt.agency\/index.php?rest_route=%2Fwp%2Fv2%2Fproduct_tag&post=1588"}],"curies":[{"name":"wp","href":"https:\/\/api.w.org\/{rel}","templated":true}]}}