{"id":1583,"date":"2025-06-25T14:58:13","date_gmt":"2025-06-25T12:58:13","guid":{"rendered":"https:\/\/rrunning.tribalt.agency\/?post_type=product&#038;p=1583"},"modified":"2025-09-17T18:01:32","modified_gmt":"2025-09-17T16:01:32","slug":"gatosport-sans-gluten-chocolat","status":"publish","type":"product","link":"https:\/\/rrunning.tribalt.agency\/?product=gatosport-sans-gluten-chocolat","title":{"rendered":"GATOSPORT SANS GLUTEN CHOCOLAT"},"content":{"rendered":"<div class=\"product-information\">\n<div class=\"container-tab\">\n<div class=\"tab-content\">\n<div id=\"details\" class=\"tab-pane fade in active\" role=\"tabpanel\">\n<div class=\"product-description-classic\">\n<div class=\"container product-details-wrapper\">\n<div class=\"row\">\n<div class=\"col-xs-12 col-lg-offset-1 col-lg-10\">\n<div class=\"product-details-cell-description classic\">\n<h2>Pourquoi consommer GATOSPORT SANS GLUTEN ?<\/h2>\n<p>Un petit-d\u00e9jeuner \u00ab traditionnel \u00bb n\u00e9cessite un temps de digestion important et entra\u00eene bien souvent des perturbations digestives n\u00e9fastes \u00e0 l'activit\u00e9 sportive.<\/p>\n<p>Votre dernier repas avant une comp\u00e9tition, comme un marathon, un trail, un triathlon ou une cyclo sportive, doit vous offrir une\u00a0<strong>\u00e9nergie progressive<\/strong>\u00a0et une\u00a0<strong>haute digestibilit\u00e9<\/strong>\u00a0pour vous permettre de donner votre pleine efficacit\u00e9.<\/p>\n<p>Avec ses apports nutritionnels sp\u00e9cifiques et \u00e9quilibr\u00e9s (en glucides, prot\u00e9ines et lipides), GATOSPORT SANS GLUTEN r\u00e9pond avec pr\u00e9cision \u00e0 vos besoins en vous apportant une \u00e9nergie durable disponible d\u00e8s le d\u00e9but de l'effort.<\/p>\n<h2>Quand et comment consommer GATOSPORT SANS GLUTEN ?<\/h2>\n<p>Consommez 1\/3 \u00e0 1\/2 GATOSPORT SANS GLUTEN accompagn\u00e9 d'eau, de th\u00e9 ou de caf\u00e9 par petites quantit\u00e9s. Tr\u00e8s digeste, GATOSPORT SANS GLUTEN se consomme jusqu'\u00e0 1h avant le d\u00e9but de votre activit\u00e9 sportive.<\/p>\n<p>GATOSPORT SANS GLUTEN se suffit \u00e0 lui-m\u00eame et remplace votre petit d\u00e9jeuner ou votre repas avant effort.<\/p>\n<h2>Profitez d'un gain de sommeil appr\u00e9ciable !<\/h2>\n<p>Sa haute digestibilit\u00e9 autorise une utilisation tardive permettant de profiter d'un suppl\u00e9ment de sommeil avant votre activit\u00e9 sportive.<\/p>\n<h2>GATOSPORT SANS GLUTEN est \u00e9galement un aliment id\u00e9al au cours des efforts de longue dur\u00e9e<\/h2>\n<p>Utilis\u00e9 comme aliment de route, consomm\u00e9 par petites portions, GATOSPORT SANS GLUTEN r\u00e9pond id\u00e9alement aux imp\u00e9ratifs des\u00a0<strong>efforts de longue dur\u00e9e.<\/strong><\/p>\n<h2>OVERSTIM.s cr\u00e9ateur du premier g\u00e2teau \u00e9nerg\u00e9tique pour le sport<\/h2>\n<p>Le saviez-vous ? GATOSPORT est le premier g\u00e2teau \u00e9nerg\u00e9tique du march\u00e9, cr\u00e9\u00e9 en 1982 par OVERSTIM.s.<\/p>\n<p>Depuis sa cr\u00e9ation, GATOSPORT est consid\u00e9r\u00e9 comme la r\u00e9f\u00e9rence \u00e9nerg\u00e9tique avant effort, il est votre principal atout nutritionnel pour r\u00e9aliser vos objectifs.<\/p>\n<\/div>\n<\/div>\n<\/div>\n<\/div>\n<\/div>\n<\/div>\n<\/div>\n<\/div>\n<\/div>\n","protected":false},"excerpt":{"rendered":"<p>Pourquoi consommer GATOSPORT SANS GLUTEN ? Un petit-d\u00e9jeuner \u00ab traditionnel \u00bb n\u00e9cessite un temps de digestion important et entra\u00eene bien souvent des perturbations digestives n\u00e9fastes \u00e0 l'activit\u00e9 sportive. Votre dernier repas avant une comp\u00e9tition, comme un marathon, un trail, un triathlon ou une cyclo sportive, doit vous offrir une\u00a0\u00e9nergie progressive\u00a0et une\u00a0haute digestibilit\u00e9\u00a0pour vous permettre de [&hellip;]<\/p>\n","protected":false},"featured_media":3755,"template":"","meta":[],"pwb-brand":[114],"product_brand":[],"product_cat":[84],"product_tag":[],"class_list":{"0":"post-1583","1":"product","2":"type-product","3":"status-publish","4":"has-post-thumbnail","6":"pwb-brand-overstims","7":"product_cat-nutrition","9":"first","10":"instock","11":"shipping-taxable","12":"purchasable","13":"product-type-simple"},"brands":[{"id":114,"name":"OVERSTIM'S","slug":"overstims"}],"_links":{"self":[{"href":"https:\/\/rrunning.tribalt.agency\/index.php?rest_route=\/wp\/v2\/product\/1583","targetHints":{"allow":["GET"]}}],"collection":[{"href":"https:\/\/rrunning.tribalt.agency\/index.php?rest_route=\/wp\/v2\/product"}],"about":[{"href":"https:\/\/rrunning.tribalt.agency\/index.php?rest_route=\/wp\/v2\/types\/product"}],"wp:featuredmedia":[{"embeddable":true,"href":"https:\/\/rrunning.tribalt.agency\/index.php?rest_route=\/wp\/v2\/media\/3755"}],"wp:attachment":[{"href":"https:\/\/rrunning.tribalt.agency\/index.php?rest_route=%2Fwp%2Fv2%2Fmedia&parent=1583"}],"wp:term":[{"taxonomy":"pwb-brand","embeddable":true,"href":"https:\/\/rrunning.tribalt.agency\/index.php?rest_route=%2Fwp%2Fv2%2Fpwb-brand&post=1583"},{"taxonomy":"product_brand","embeddable":true,"href":"https:\/\/rrunning.tribalt.agency\/index.php?rest_route=%2Fwp%2Fv2%2Fproduct_brand&post=1583"},{"taxonomy":"product_cat","embeddable":true,"href":"https:\/\/rrunning.tribalt.agency\/index.php?rest_route=%2Fwp%2Fv2%2Fproduct_cat&post=1583"},{"taxonomy":"product_tag","embeddable":true,"href":"https:\/\/rrunning.tribalt.agency\/index.php?rest_route=%2Fwp%2Fv2%2Fproduct_tag&post=1583"}],"curies":[{"name":"wp","href":"https:\/\/api.w.org\/{rel}","templated":true}]}}