{"id":1560,"date":"2025-06-25T10:47:41","date_gmt":"2025-06-25T08:47:41","guid":{"rendered":"https:\/\/rrunning.tribalt.agency\/?post_type=product&#038;p=1560"},"modified":"2025-09-17T18:10:12","modified_gmt":"2025-09-17T16:10:12","slug":"gatosport-brownie-chocolat-noix-de-pecan","status":"publish","type":"product","link":"https:\/\/rrunning.tribalt.agency\/?product=gatosport-brownie-chocolat-noix-de-pecan","title":{"rendered":"GATOSPORT BROWNIE CHOCOLAT-NOIX DE PECAN"},"content":{"rendered":"<div class=\"product-information\">\n<div class=\"container-tab\">\n<div class=\"tab-content\">\n<div id=\"details\" class=\"tab-pane fade in active\" role=\"tabpanel\">\n<div class=\"product-description-classic\">\n<div class=\"container product-details-wrapper\">\n<div class=\"row\">\n<div class=\"col-xs-12 col-lg-offset-1 col-lg-10\">\n<div class=\"product-details-cell-description classic\">\n<h2>Comprendre l'importance de bien s'alimenter avant une \u00e9preuve sportive<\/h2>\n<p>Imaginez-vous le jour de la comp\u00e9tition : un marathon, un trail, un triathlon ou une course cycliste intense. Votre corps r\u00e9clame une \u00e9nergie durable, imm\u00e9diatement disponible et sans les inconv\u00e9nients d'un petit-d\u00e9jeuner traditionnel.<\/p>\n<p>En effet, un repas classique demande un long temps de digestion et peut engendrer des troubles digestifs qui freinent vos performances.<\/p>\n<p><strong>Gatosport<\/strong>\u00a0a \u00e9t\u00e9 pens\u00e9 pour \u00e9liminer ces obstacles. Il vous offre une solution innovante, con\u00e7ue sp\u00e9cialement pour les sportifs d'endurance, afin de transformer votre exp\u00e9rience nutritionnelle avant l'effort.<\/p>\n<h2>Les avantages de Gatosport<\/h2>\n<ol>\n<li>\n<h3>Une formule \u00e9quilibr\u00e9e pour une \u00e9nergie durable<\/h3>\n<p><strong>Gatosport<\/strong>\u00a0ne se contente pas d'\u00eatre un simple g\u00e2teau \u00e9nerg\u00e9tique. Sa composition pr\u00e9cise (un \u00e9quilibre judicieux entre glucides, prot\u00e9ines et lipides) garantit une lib\u00e9ration progressive d'\u00e9nergie.<\/p>\n<p>Cette r\u00e9partition nutritionnelle vous permet de disposer d'une puissance disponible d\u00e8s le d\u00e9but de l'effort, sans les d\u00e9sagr\u00e9ments d'une digestion laborieuse.<\/li>\n<li>\n<h3>La haute digestibilit\u00e9 : un atout majeur<\/h3>\n<p>La haute digestibilit\u00e9 de\u00a0<strong>Gatosport<\/strong>\u00a0est sp\u00e9cialement con\u00e7ue pour les sportifs. Elle permet une assimilation rapide des nutriments essentiels, minimisant ainsi le risque de lourdeur ou de troubles gastro-intestinaux, m\u00eame en cas de consommation tardive.<\/p>\n<p>Cette caract\u00e9ristique vous offre la flexibilit\u00e9 de consommer le produit jusqu'\u00e0 1 heure avant leffort, tout en profitant d'un suppl\u00e9ment de sommeil bien m\u00e9rit\u00e9 avant la comp\u00e9tition.<\/li>\n<li>\n<h3>Quand et comment le consommer ?<\/h3>\n<ul>\n<li><strong>Avant l'effort<\/strong>\u00a0: Consommez\u00a0<strong>1\/3 \u00e0 1\/2 de Gatosport<\/strong>, accompagn\u00e9 d'eau, de th\u00e9 ou de caf\u00e9, jusqu'\u00e0\u00a0<strong>1 heure avant le d\u00e9but\u00a0<\/strong>de votre activit\u00e9 sportive. Sa haute digestibilit\u00e9 en fait une alternative id\u00e9ale pour remplacer un petit-d\u00e9jeuner complet ou un repas avant effort.<\/li>\n<li><strong>Entre deux \u00e9tapes le m\u00eame jour<\/strong>\u00a0: Consommez\u00a0<strong>1\/3 \u00e0 1\/2 de Gatosport<\/strong>\u00a0avant la premi\u00e8re \u00e9tape du matin, puis \u00e0 l'heure du d\u00e9jeuner pour une digestion facile et un apport \u00e9nerg\u00e9tique optimal en vue de la seconde \u00e9tape.<\/li>\n<li><strong>Gain de sommeil<\/strong>\u00a0: Sa rapidit\u00e9 de digestion vous permet de consommer le produit tardivement, optimisant ainsi votre repos avant la comp\u00e9tition.<\/li>\n<\/ul>\n<\/li>\n<li>\n<h3>La r\u00e9f\u00e9rence depuis 1982<\/h3>\n<p>Cr\u00e9\u00e9 par OVERSTIM.s en 1982,\u00a0<strong>Gatosport<\/strong>\u00a0est le premier g\u00e2teau \u00e9nerg\u00e9tique du march\u00e9. Depuis pr\u00e8s de quatre d\u00e9cennies, il est devenu la r\u00e9f\u00e9rence incontournable pour les sportifs qui souhaitent exploiter leur plein potentiel.<\/li>\n<\/ol>\n<h2>Passez \u00e0 l'action pour atteindre vos objectifs<\/h2>\n<p>En int\u00e9grant\u00a0<strong>Gatosport<\/strong>\u00a0\u00e0 votre routine, vous optez pour :<\/p>\n<ul>\n<li><strong>Une \u00e9nergie imm\u00e9diatement accessible<\/strong>\u00a0et durable.<\/li>\n<li><strong>Une digestibilit\u00e9 optimale<\/strong>\u00a0qui vous \u00e9vite les d\u00e9sagr\u00e9ments d'un repas classique.<\/li>\n<li><strong>Une flexibilit\u00e9 d'utilisation<\/strong>, aussi bien avant qu'en cours d'effort.<\/li>\n<li><strong>Un h\u00e9ritage d'excellence<\/strong>, avec plus de 40 ans d'innovation \u00e0 votre service.<\/li>\n<\/ul>\n<p>Ne laissez plus la nutrition freiner vos ambitions sportives. Choisissez\u00a0<strong>Gatosport<\/strong>\u00a0et atteignez vos objectifs sportifs.<\/p>\n<\/div>\n<\/div>\n<\/div>\n<\/div>\n<\/div>\n<\/div>\n<\/div>\n<\/div>\n<\/div>\n","protected":false},"excerpt":{"rendered":"<p>Comprendre l'importance de bien s'alimenter avant une \u00e9preuve sportive Imaginez-vous le jour de la comp\u00e9tition : un marathon, un trail, un triathlon ou une course cycliste intense. Votre corps r\u00e9clame une \u00e9nergie durable, imm\u00e9diatement disponible et sans les inconv\u00e9nients d'un petit-d\u00e9jeuner traditionnel. En effet, un repas classique demande un long temps de digestion et peut [&hellip;]<\/p>\n","protected":false},"featured_media":3767,"template":"","meta":[],"pwb-brand":[114],"product_brand":[],"product_cat":[84],"product_tag":[],"class_list":{"0":"post-1560","1":"product","2":"type-product","3":"status-publish","4":"has-post-thumbnail","6":"pwb-brand-overstims","7":"product_cat-nutrition","9":"first","10":"instock","11":"shipping-taxable","12":"purchasable","13":"product-type-simple"},"brands":[{"id":114,"name":"OVERSTIM'S","slug":"overstims"}],"_links":{"self":[{"href":"https:\/\/rrunning.tribalt.agency\/index.php?rest_route=\/wp\/v2\/product\/1560","targetHints":{"allow":["GET"]}}],"collection":[{"href":"https:\/\/rrunning.tribalt.agency\/index.php?rest_route=\/wp\/v2\/product"}],"about":[{"href":"https:\/\/rrunning.tribalt.agency\/index.php?rest_route=\/wp\/v2\/types\/product"}],"wp:featuredmedia":[{"embeddable":true,"href":"https:\/\/rrunning.tribalt.agency\/index.php?rest_route=\/wp\/v2\/media\/3767"}],"wp:attachment":[{"href":"https:\/\/rrunning.tribalt.agency\/index.php?rest_route=%2Fwp%2Fv2%2Fmedia&parent=1560"}],"wp:term":[{"taxonomy":"pwb-brand","embeddable":true,"href":"https:\/\/rrunning.tribalt.agency\/index.php?rest_route=%2Fwp%2Fv2%2Fpwb-brand&post=1560"},{"taxonomy":"product_brand","embeddable":true,"href":"https:\/\/rrunning.tribalt.agency\/index.php?rest_route=%2Fwp%2Fv2%2Fproduct_brand&post=1560"},{"taxonomy":"product_cat","embeddable":true,"href":"https:\/\/rrunning.tribalt.agency\/index.php?rest_route=%2Fwp%2Fv2%2Fproduct_cat&post=1560"},{"taxonomy":"product_tag","embeddable":true,"href":"https:\/\/rrunning.tribalt.agency\/index.php?rest_route=%2Fwp%2Fv2%2Fproduct_tag&post=1560"}],"curies":[{"name":"wp","href":"https:\/\/api.w.org\/{rel}","templated":true}]}}