{"id":1546,"date":"2025-06-25T10:24:01","date_gmt":"2025-06-25T08:24:01","guid":{"rendered":"https:\/\/rrunning.tribalt.agency\/?post_type=product&#038;p=1546"},"modified":"2025-06-25T10:25:09","modified_gmt":"2025-06-25T08:25:09","slug":"coup-de-fouet-fruits-rouges","status":"publish","type":"product","link":"https:\/\/rrunning.tribalt.agency\/?product=coup-de-fouet-fruits-rouges","title":{"rendered":"COUP DE FOUET FRUITS ROUGES"},"content":{"rendered":"<div class=\"product-information\">\n<div class=\"container-tab\">\n<div class=\"tab-content\">\n<div id=\"details\" class=\"tab-pane fade in active\" role=\"tabpanel\">\n<div class=\"product-description-classic\">\n<div class=\"container product-details-wrapper\">\n<div class=\"row\">\n<div class=\"col-xs-12 col-lg-offset-1 col-lg-10\">\n<div class=\"product-details-cell-description classic\">\n<h2>Pourquoi choisir le gel \u00e9nerg\u00e9tique COUP DE FOUET\u00a0?<\/h2>\n<p>Le rythme est soutenu, vous avez besoin de\u00a0<strong>concentrer rapidement toutes vos ressources<\/strong>\u00a0et vous\u00a0<strong>mettre \u00e0 l'abri d'une d\u00e9faillance<\/strong>\u00a0: consommez au plus vite un gel \u00e9nerg\u00e9tique COUP DE FOUET.<\/p>\n<h2>Le concentr\u00e9 d'\u00e9nergie instantan\u00e9e<\/h2>\n<p>V\u00e9ritable concentr\u00e9 d'\u00e9nergie instantan\u00e9e, le gel \u00e9nerg\u00e9tique COUP DE FOUET s'est forg\u00e9 une extraordinaire r\u00e9putation dans toutes les \u00e9preuves \u00e0 grandes difficult\u00e9s (marathon, trail, cyclosportive, triathlon ...).<\/p>\n<p>Le gel \u00e9nerg\u00e9tique COUP DE FOUET s'utilise \u00e0 tout moment en cours d'\u00e9preuve pendant les phases d'efforts intenses (difficult\u00e9s, ascensions ...) et \u00e0 l'approche de l'arriv\u00e9e.<\/p>\n<p>Chaque prise de gel vous apporte\u00a0<strong>26 g de glucides<\/strong>, soit\u00a0<strong>100 kcal<\/strong>\u00a0pour un apport \u00e9nerg\u00e9tique imm\u00e9diat.<\/p>\n<h2>R\u00e9duction de la fatigue<\/h2>\n<p>Le gel \u00e9nerg\u00e9tique COUP DE FOUET contient de la gel\u00e9e royale et de la vitamine B6 qui contribuent efficacement \u00e0 r\u00e9duire la fatigue lors d'activit\u00e9s physiques intenses.<\/p>\n<h2>Parfaitement tol\u00e9r\u00e9<\/h2>\n<p>Le gel COUP DE FOUET se caract\u00e9rise par une texture liquide et une composition sans conservateur et sans acidit\u00e9, garantissant une\u00a0<strong>excellente tol\u00e9rance gastro-intestinale<\/strong>\u00a0sans craindre d'inconfort digestif, m\u00eame apr\u00e8s plusieurs heures d'effort.<\/p>\n<p>Gr\u00e2ce \u00e0 ses\u00a0<strong>ar\u00f4mes 100% naturels<\/strong>, il allie plaisir gustatif et efficacit\u00e9.<\/p>\n<h2>Nouveau format sachet, 20% d'\u00e9nergie en plus !<\/h2>\n<p>Avec son tout nouveau format sachet, le gel \u00e9nerg\u00e9tique COUP DE FOUET vous offre d\u00e9sormais 20% d'\u00e9nergie en plus, dans un emballage plus compact, plus pratique et facilement transportable.<\/p>\n<p>Glissez-le ais\u00e9ment dans la poche de votre maillot, votre ceinture running ou votre sac trail, et maintenez vos performances o\u00f9 que vous soyez.<\/p>\n<h2>Bye Bye les tubes ... un geste pour la plan\u00e8te<\/h2>\n<p>En adoptant le nouveau format sachet, nous contribuons activement \u00e0\u00a0<strong>r\u00e9duire l'impact environnemental de nos emballages<\/strong>, r\u00e9duisant ainsi la consommation de plastique et le volume de d\u00e9chets produits.<\/p>\n<p>Faites un geste pour la plan\u00e8te tout en boostant vos performances sportives.<\/p>\n<\/div>\n<\/div>\n<\/div>\n<\/div>\n<\/div>\n<\/div>\n<\/div>\n<\/div>\n<\/div>\n","protected":false},"excerpt":{"rendered":"<p>Pourquoi choisir le gel \u00e9nerg\u00e9tique COUP DE FOUET\u00a0? Le rythme est soutenu, vous avez besoin de\u00a0concentrer rapidement toutes vos ressources\u00a0et vous\u00a0mettre \u00e0 l'abri d'une d\u00e9faillance\u00a0: consommez au plus vite un gel \u00e9nerg\u00e9tique COUP DE FOUET. Le concentr\u00e9 d'\u00e9nergie instantan\u00e9e V\u00e9ritable concentr\u00e9 d'\u00e9nergie instantan\u00e9e, le gel \u00e9nerg\u00e9tique COUP DE FOUET s'est forg\u00e9 une extraordinaire r\u00e9putation dans [&hellip;]<\/p>\n","protected":false},"featured_media":1547,"template":"","meta":[],"pwb-brand":[114],"product_brand":[],"product_cat":[84],"product_tag":[],"class_list":{"0":"post-1546","1":"product","2":"type-product","3":"status-publish","4":"has-post-thumbnail","6":"pwb-brand-overstims","7":"product_cat-nutrition","9":"first","10":"instock","11":"shipping-taxable","12":"purchasable","13":"product-type-simple"},"brands":[{"id":114,"name":"OVERSTIM'S","slug":"overstims"}],"_links":{"self":[{"href":"https:\/\/rrunning.tribalt.agency\/index.php?rest_route=\/wp\/v2\/product\/1546","targetHints":{"allow":["GET"]}}],"collection":[{"href":"https:\/\/rrunning.tribalt.agency\/index.php?rest_route=\/wp\/v2\/product"}],"about":[{"href":"https:\/\/rrunning.tribalt.agency\/index.php?rest_route=\/wp\/v2\/types\/product"}],"wp:featuredmedia":[{"embeddable":true,"href":"https:\/\/rrunning.tribalt.agency\/index.php?rest_route=\/wp\/v2\/media\/1547"}],"wp:attachment":[{"href":"https:\/\/rrunning.tribalt.agency\/index.php?rest_route=%2Fwp%2Fv2%2Fmedia&parent=1546"}],"wp:term":[{"taxonomy":"pwb-brand","embeddable":true,"href":"https:\/\/rrunning.tribalt.agency\/index.php?rest_route=%2Fwp%2Fv2%2Fpwb-brand&post=1546"},{"taxonomy":"product_brand","embeddable":true,"href":"https:\/\/rrunning.tribalt.agency\/index.php?rest_route=%2Fwp%2Fv2%2Fproduct_brand&post=1546"},{"taxonomy":"product_cat","embeddable":true,"href":"https:\/\/rrunning.tribalt.agency\/index.php?rest_route=%2Fwp%2Fv2%2Fproduct_cat&post=1546"},{"taxonomy":"product_tag","embeddable":true,"href":"https:\/\/rrunning.tribalt.agency\/index.php?rest_route=%2Fwp%2Fv2%2Fproduct_tag&post=1546"}],"curies":[{"name":"wp","href":"https:\/\/api.w.org\/{rel}","templated":true}]}}