{"id":1537,"date":"2025-06-25T10:17:53","date_gmt":"2025-06-25T08:17:53","guid":{"rendered":"https:\/\/rrunning.tribalt.agency\/?post_type=product&#038;p=1537"},"modified":"2025-06-25T10:19:55","modified_gmt":"2025-06-25T08:19:55","slug":"cafein-gel","status":"publish","type":"product","link":"https:\/\/rrunning.tribalt.agency\/?product=cafein-gel","title":{"rendered":"CAFEIN' GEL"},"content":{"rendered":"<div class=\"product-information\">\n<div class=\"container-tab\">\n<div class=\"tab-content\">\n<div id=\"details\" class=\"tab-pane fade in active\" role=\"tabpanel\">\n<div class=\"product-description-classic\">\n<div class=\"container product-details-wrapper\">\n<div class=\"row\">\n<div class=\"col-xs-12 col-lg-offset-1 col-lg-10\">\n<div class=\"product-details-cell-description classic\">\n<h2>Pourquoi choisir le CAFEIN GEL\u00a0?<\/h2>\n<p>Le CAFEIN GEL vous apporte une\u00a0<strong>\u00e9nergie instantan\u00e9e<\/strong>, v\u00e9ritable coup de boost lors des\u00a0<strong>efforts les plus intenses<\/strong>.<\/p>\n<p>Avec\u00a0<strong>80 mg de caf\u00e9ine<\/strong>\u00a0d'origine naturelle, il a une action stimulante pour maximiser vos performances en\u00a0<strong>am\u00e9liorant votre endurance<\/strong>\u00a0et pour amplifier votre\u00a0<strong>concentration<\/strong>\u00a0et votre\u00a0<strong>vigilance<\/strong>, un atout majeur pour les \u00e9preuves longues ou nocturnes.<\/p>\n<h2>Am\u00e9lioration de l'endurance<\/h2>\n<p>La caf\u00e9ine du CAFEIN GEL contibue \u00e0 augmenter l'endurance en r\u00e9duisant la perception de l'effort et en retardant l'apparition de la fatigue. Cela permet aux athl\u00e8tes d'endurance de maintenir un niveau d'effort \u00e9lev\u00e9 pendant une plus longue p\u00e9riode.<\/p>\n<p>Chaque prise de gel vous apporte\u00a0<strong>25 g de glucides<\/strong>, soit\u00a0<strong>100 kcal<\/strong>\u00a0pour un apport \u00e9nerg\u00e9tique imm\u00e9diat.<\/p>\n<h2>Amplification de la concentration et de la vigilance<\/h2>\n<p>La caf\u00e9ine a des effets b\u00e9n\u00e9fiques sur la concentration, la vigilance et la r\u00e9activit\u00e9, ce qui est particuli\u00e8rement utile lors des comp\u00e9titions longues ou nocturnes o\u00f9 la fatigue mentale peut impacter la performance.<\/p>\n<h2>What else\u00a0?<\/h2>\n<p>Succombez au plaisir du CAFEIN GEL avec sa d\u00e9licieuse saveur de caf\u00e9 et sa texture onctueuse qui s\u00e9duiront les amateurs d'expresso les plus exigeants !<\/p>\n<h2>Parfaitement tol\u00e9r\u00e9<\/h2>\n<p>Le CAFEIN GEL se caract\u00e9rise par une texture onctueuse et une composition sans conservateur et sans acidit\u00e9, garantissant une\u00a0<strong>excellente tol\u00e9rance gastro-intestinale<\/strong>\u00a0sans craindre d'inconfort digestif, m\u00eame apr\u00e8s plusieurs heures d'effort.<\/p>\n<p>Gr\u00e2ce \u00e0 ses\u00a0<strong>ar\u00f4mes 100% naturels<\/strong>, il allie plaisir gustatif et efficacit\u00e9.<\/p>\n<h2>Nouveau format sachet, 20% d'\u00e9nergie en plus !<\/h2>\n<p>Avec son tout nouveau format sachet, le CAFEIN GEL vous offre d\u00e9sormais 20% d'\u00e9nergie en plus, dans un emballage plus compact, plus pratique et facilement transportable.<\/p>\n<p>Glissez-le ais\u00e9ment dans la poche de votre maillot, votre ceinture running ou votre sac trail, et maintenez vos performances o\u00f9 que vous soyez.<\/p>\n<h2>Bye Bye les tubes ... un geste pour la plan\u00e8te<\/h2>\n<p>En adoptant le nouveau format sachet, nous contribuons activement \u00e0\u00a0<strong>r\u00e9duire l'impact environnemental de nos emballages<\/strong>, r\u00e9duisant ainsi la consommation de plastique et le volume de d\u00e9chets produits.<\/p>\n<p>Faites un geste pour la plan\u00e8te tout en boostant vos performances sportives.<\/p>\n<\/div>\n<\/div>\n<\/div>\n<\/div>\n<\/div>\n<\/div>\n<\/div>\n<\/div>\n<\/div>\n","protected":false},"excerpt":{"rendered":"<p>Pourquoi choisir le CAFEIN GEL\u00a0? Le CAFEIN GEL vous apporte une\u00a0\u00e9nergie instantan\u00e9e, v\u00e9ritable coup de boost lors des\u00a0efforts les plus intenses. Avec\u00a080 mg de caf\u00e9ine\u00a0d'origine naturelle, il a une action stimulante pour maximiser vos performances en\u00a0am\u00e9liorant votre endurance\u00a0et pour amplifier votre\u00a0concentration\u00a0et votre\u00a0vigilance, un atout majeur pour les \u00e9preuves longues ou nocturnes. Am\u00e9lioration de l'endurance La [&hellip;]<\/p>\n","protected":false},"featured_media":1538,"template":"","meta":[],"pwb-brand":[114],"product_brand":[],"product_cat":[84],"product_tag":[],"class_list":{"0":"post-1537","1":"product","2":"type-product","3":"status-publish","4":"has-post-thumbnail","6":"pwb-brand-overstims","7":"product_cat-nutrition","9":"first","10":"instock","11":"shipping-taxable","12":"purchasable","13":"product-type-simple"},"brands":[{"id":114,"name":"OVERSTIM'S","slug":"overstims"}],"_links":{"self":[{"href":"https:\/\/rrunning.tribalt.agency\/index.php?rest_route=\/wp\/v2\/product\/1537","targetHints":{"allow":["GET"]}}],"collection":[{"href":"https:\/\/rrunning.tribalt.agency\/index.php?rest_route=\/wp\/v2\/product"}],"about":[{"href":"https:\/\/rrunning.tribalt.agency\/index.php?rest_route=\/wp\/v2\/types\/product"}],"wp:featuredmedia":[{"embeddable":true,"href":"https:\/\/rrunning.tribalt.agency\/index.php?rest_route=\/wp\/v2\/media\/1538"}],"wp:attachment":[{"href":"https:\/\/rrunning.tribalt.agency\/index.php?rest_route=%2Fwp%2Fv2%2Fmedia&parent=1537"}],"wp:term":[{"taxonomy":"pwb-brand","embeddable":true,"href":"https:\/\/rrunning.tribalt.agency\/index.php?rest_route=%2Fwp%2Fv2%2Fpwb-brand&post=1537"},{"taxonomy":"product_brand","embeddable":true,"href":"https:\/\/rrunning.tribalt.agency\/index.php?rest_route=%2Fwp%2Fv2%2Fproduct_brand&post=1537"},{"taxonomy":"product_cat","embeddable":true,"href":"https:\/\/rrunning.tribalt.agency\/index.php?rest_route=%2Fwp%2Fv2%2Fproduct_cat&post=1537"},{"taxonomy":"product_tag","embeddable":true,"href":"https:\/\/rrunning.tribalt.agency\/index.php?rest_route=%2Fwp%2Fv2%2Fproduct_tag&post=1537"}],"curies":[{"name":"wp","href":"https:\/\/api.w.org\/{rel}","templated":true}]}}