{"id":1534,"date":"2025-06-25T10:14:43","date_gmt":"2025-06-25T08:14:43","guid":{"rendered":"https:\/\/rrunning.tribalt.agency\/?post_type=product&#038;p=1534"},"modified":"2025-09-17T17:49:23","modified_gmt":"2025-09-17T15:49:23","slug":"boissons-electrolytes-citron","status":"publish","type":"product","link":"https:\/\/rrunning.tribalt.agency\/?product=boissons-electrolytes-citron","title":{"rendered":"BOISSONS ELECTROLYTES CITRON"},"content":{"rendered":"<div class=\"product-information\">\n<div class=\"container-tab\">\n<div class=\"tab-content\">\n<div id=\"details\" class=\"tab-pane fade in active\" role=\"tabpanel\">\n<div class=\"product-description-classic\">\n<div class=\"container product-details-wrapper\">\n<div class=\"row\">\n<div class=\"col-xs-12 col-lg-offset-1 col-lg-10\">\n<div class=\"product-details-cell-description classic\">\n<h2>Hydratation optimale sans apport \u00e9nerg\u00e9tique (z\u00e9ro calorie)<\/h2>\n<p>Durant l'exercice vous transpirez, perdant ainsi des sels min\u00e9raux et \u00e9lectrolytes essentiels \u00e0 l'organisme ce qui peut conduire \u00e0 une baisse de performance voire une d\u00e9shydratation. Il est donc important qu'ils soient reconstitu\u00e9s.<\/p>\n<p>La\u00a0<strong>boisson \u00e9lectrolytes<\/strong>\u00a0OVERSTIM.s vous apporte une\u00a0<strong>hydratation optimale<\/strong>\u00a0et compense vos\u00a0<strong>pertes en sels min\u00e9raux<\/strong>\u00a0li\u00e9es \u00e0 la transpiration, le tout sans apport calorique.<\/p>\n<p>Avec ses\u00a0<strong>1528 mg d'\u00e9lectrolytes<\/strong>\u00a0(sodium, magn\u00e9sium, calcium et potassium) et ses\u00a0<strong>5 vitamines<\/strong>\u00a0(B1, B2, B3, B6 et C), elle vous apporte ce que l'eau pure seule ne peut vous fournir.<\/p>\n<p>La boisson \u00e9lectrolytes est naturellement aromatis\u00e9e, sans conservateur, sans acide citrique et sans \u00e9dulcorant.<\/p>\n<h2>Pourquoi s'hydrater avec la Boisson \u00e9lectrolytes ?<\/h2>\n<p>La\u00a0<strong>boisson \u00e9lectrolytes<\/strong>\u00a0OVERSTIM.s est sp\u00e9cialement formul\u00e9es pour r\u00e9pondre aux besoins des sportifs les plus exigeants. Elle\u00a0convient \u00e0 toutes les activit\u00e9s sportives o\u00f9 une bonne hydratation est importante pour le maintien des performances.<\/p>\n<p>En choisissant la boisson \u00e9lectrolytes OVERSTIM.s, vous \u00eates s\u00fbr de b\u00e9n\u00e9ficier d'une solution pratique et facile \u00e0 transporter pour maintenir votre hydratation pendant votre activit\u00e9 sportive :<\/p>\n<ul>\n<li>pour les\u00a0<strong>efforts de moins de 1h30<\/strong>\u00a0o\u00f9 les besoins \u00e9nerg\u00e9tiques sont moins importants.<\/li>\n<li>en cas de\u00a0<strong>forte chaleur<\/strong>\u00a0pour compenser vos pertes en sels min\u00e9raux perdus dans la sueur.<\/li>\n<li>lors d'<strong>efforts de longue dur\u00e9e<\/strong>\u00a0en association avec votre boisson \u00e9nerg\u00e9tique lorsque vos besoins en \u00e9lectrolytes sont tr\u00e8s importants.<\/li>\n<li>pour les\u00a0<strong>pratiques sportives d'int\u00e9rieur<\/strong>\u00a0comme le home-trainer, le tapis de course, le fitness ... o\u00f9 la transpiration est importante.<\/li>\n<\/ul>\n<p>La d\u00e9shydratation a pour principale cause un d\u00e9s\u00e9quilibre entre les entr\u00e9es et les sorties hydriques. La d\u00e9shydratation est principalement li\u00e9e \u00e0 la transpiration et peut entra\u00eener un d\u00e9s\u00e9quilibre en sels min\u00e9raux, principalement de sodium, potassium, magn\u00e9sium et calcium. Ce d\u00e9s\u00e9quilibre en \u00e9lectrolytes peut \u00eatre \u00e0 l'origine de perturbations musculaires.<\/p>\n<p>Il est donc important de compenser vos pertes en sels min\u00e9raux pour maintenir une bonne hydratation, gr\u00e2ce aux \u00e9lectrolytes.<\/p>\n<h2>Quels sont les points forts de la Boisson \u00e9lectrolytes ?<\/h2>\n<p>La\u00a0<strong>boisson \u00e9lectrolytes<\/strong>\u00a0OVERSTIM.s contient un m\u00e9lange \u00e9quilibr\u00e9 d'\u00e9lectrolytes essentiels et de vitamines :<\/p>\n<ul>\n<li>de\u00a0<strong>1528 mg d'\u00e9lectrolytes<\/strong>\u00a0(sodium, calcium, magn\u00e9sium et potassium) compensant vos pertes en sels min\u00e9raux,<\/li>\n<li>des\u00a0<strong>vitamines B1, B2, B3 et B6<\/strong>\u00a0contribuant au bon m\u00e9tabolisme \u00e9nerg\u00e9tique,<\/li>\n<li>de la\u00a0<strong>vitamine C<\/strong>\u00a0antioxydante contribuant \u00e0 prot\u00e9ger les cellules contre le stress oxydatif,<\/li>\n<li>des\u00a0<strong>vitamines B6 et C<\/strong>\u00a0contribuant \u00e0 r\u00e9duire la fatigue,<\/li>\n<li>des\u00a0<strong>bicarbonates<\/strong><\/li>\n<\/ul>\n<h2>Pourquoi avons-nous choisi un format stick plut\u00f4t que des pastilles effervescentes ?<\/h2>\n<p>La majorit\u00e9 des boissons \u00e9lectrolytes disponibles sur le march\u00e9 sont propos\u00e9es sous forme de pastilles effervescentes, mais ce format limite fortement la quantit\u00e9 d'\u00e9lectrolytes int\u00e9gr\u00e9e, rendant leur efficacit\u00e9 insuffisante.<\/p>\n<p>Avec son format stick, la boisson \u00e9lectrolytes OVERSTIM.s vous apporte\u00a0<strong>2 \u00e0 4 fois plus d'\u00e9lectrolytes (1528 mg)<\/strong>\u00a0que les pastilles classiques.<\/p>\n<p>Par ailleurs, les pastilles effervescentes contiennent syst\u00e9matiquement de\u00a0<strong>l'acide citrique<\/strong>\u00a0et des\u00a0<strong>\u00e9dulcorants<\/strong>, deux ingr\u00e9dients volontairement exclus de nos recettes afin de garantir une parfaite tol\u00e9rance digestive \u00e0 tous les sportifs.<\/p>\n<\/div>\n<\/div>\n<\/div>\n<\/div>\n<\/div>\n<\/div>\n<\/div>\n<\/div>\n<\/div>\n","protected":false},"excerpt":{"rendered":"<p>Hydratation optimale sans apport \u00e9nerg\u00e9tique (z\u00e9ro calorie) Durant l'exercice vous transpirez, perdant ainsi des sels min\u00e9raux et \u00e9lectrolytes essentiels \u00e0 l'organisme ce qui peut conduire \u00e0 une baisse de performance voire une d\u00e9shydratation. Il est donc important qu'ils soient reconstitu\u00e9s. La\u00a0boisson \u00e9lectrolytes\u00a0OVERSTIM.s vous apporte une\u00a0hydratation optimale\u00a0et compense vos\u00a0pertes en sels min\u00e9raux\u00a0li\u00e9es \u00e0 la transpiration, le [&hellip;]<\/p>\n","protected":false},"featured_media":3752,"template":"","meta":[],"pwb-brand":[114],"product_brand":[],"product_cat":[84],"product_tag":[],"class_list":{"0":"post-1534","1":"product","2":"type-product","3":"status-publish","4":"has-post-thumbnail","6":"pwb-brand-overstims","7":"product_cat-nutrition","9":"first","10":"instock","11":"shipping-taxable","12":"purchasable","13":"product-type-simple"},"brands":[{"id":114,"name":"OVERSTIM'S","slug":"overstims"}],"_links":{"self":[{"href":"https:\/\/rrunning.tribalt.agency\/index.php?rest_route=\/wp\/v2\/product\/1534","targetHints":{"allow":["GET"]}}],"collection":[{"href":"https:\/\/rrunning.tribalt.agency\/index.php?rest_route=\/wp\/v2\/product"}],"about":[{"href":"https:\/\/rrunning.tribalt.agency\/index.php?rest_route=\/wp\/v2\/types\/product"}],"wp:featuredmedia":[{"embeddable":true,"href":"https:\/\/rrunning.tribalt.agency\/index.php?rest_route=\/wp\/v2\/media\/3752"}],"wp:attachment":[{"href":"https:\/\/rrunning.tribalt.agency\/index.php?rest_route=%2Fwp%2Fv2%2Fmedia&parent=1534"}],"wp:term":[{"taxonomy":"pwb-brand","embeddable":true,"href":"https:\/\/rrunning.tribalt.agency\/index.php?rest_route=%2Fwp%2Fv2%2Fpwb-brand&post=1534"},{"taxonomy":"product_brand","embeddable":true,"href":"https:\/\/rrunning.tribalt.agency\/index.php?rest_route=%2Fwp%2Fv2%2Fproduct_brand&post=1534"},{"taxonomy":"product_cat","embeddable":true,"href":"https:\/\/rrunning.tribalt.agency\/index.php?rest_route=%2Fwp%2Fv2%2Fproduct_cat&post=1534"},{"taxonomy":"product_tag","embeddable":true,"href":"https:\/\/rrunning.tribalt.agency\/index.php?rest_route=%2Fwp%2Fv2%2Fproduct_tag&post=1534"}],"curies":[{"name":"wp","href":"https:\/\/api.w.org\/{rel}","templated":true}]}}