{"id":1531,"date":"2025-06-25T10:13:04","date_gmt":"2025-06-25T08:13:04","guid":{"rendered":"https:\/\/rrunning.tribalt.agency\/?post_type=product&#038;p=1531"},"modified":"2025-09-17T17:49:18","modified_gmt":"2025-09-17T15:49:18","slug":"boisson-de-recuperation-elite-citron-citron-vert","status":"publish","type":"product","link":"https:\/\/rrunning.tribalt.agency\/?product=boisson-de-recuperation-elite-citron-citron-vert","title":{"rendered":"BOISSON DE RECUPERATION ELITE CITRON-CITRON VERT"},"content":{"rendered":"<div class=\"product-information\">\n<div class=\"container-tab\">\n<div class=\"tab-content\">\n<div id=\"details\" class=\"tab-pane fade in active\" role=\"tabpanel\">\n<div class=\"product-description-classic\">\n<div class=\"container product-details-wrapper\">\n<div class=\"row\">\n<div class=\"col-xs-12 col-lg-offset-1 col-lg-10\">\n<div class=\"product-details-cell-description classic\">\n<h2>Pourquoi consommer la Boisson de r\u00e9cup\u00e9ration \u00e9lite ?<\/h2>\n<p>Si la n\u00e9cessit\u00e9 d'une alimentation sp\u00e9cifique est g\u00e9n\u00e9ralement admise \u00e0 l'occasion des comp\u00e9titions, la nutrition sportive en p\u00e9riode d'entra\u00eenement n'a pas toujours l'attention qu'elle m\u00e9rite !<\/p>\n<p>Pourtant la r\u00e9cup\u00e9ration fait partie int\u00e9grante de l'entra\u00eenement. Bien r\u00e9cup\u00e9rer permet :<\/p>\n<ul>\n<li>de\u00a0<strong>conserver un bon \u00e9tat de forme<\/strong>\u00a0tout au long de la saison.<\/li>\n<li>de\u00a0<strong>limiter le risque de blessures<\/strong>.<\/li>\n<li>d'<strong>am\u00e9liorer vos performances<\/strong>\u00a0dans le temps.<\/li>\n<\/ul>\n<p>La\u00a0<strong>Boisson de r\u00e9cup\u00e9ration \u00e9lite<\/strong>\u00a0vous aide \u00e0 tirer le meilleur parti de vos\u00a0<strong>entra\u00eenements,<\/strong>\u00a0\u00e0 bien r\u00e9cup\u00e9rer pour\u00a0<strong>mieux encha\u00eener<\/strong>\u00a0vos prochaines sessions et d'arriver au top de votre forme le jour de la comp\u00e9tition.<\/p>\n<h2>Quels bienfaits vous apporte-t-elle ?<\/h2>\n<p>La composition de la\u00a0<strong>Boisson de r\u00e9cup\u00e9ration \u00e9lite<\/strong>\u00a0r\u00e9pond pr\u00e9cis\u00e9ment aux besoins nutritionnels du sportif pour une r\u00e9cup\u00e9ration optimale avec :<\/p>\n<ul>\n<li>des\u00a0<strong>prot\u00e9ines<\/strong>\u00a0et des\u00a0<strong>acides amin\u00e9s essentiels<\/strong>\u00a0(BCCA, glutamine, ...) pour assurer votre r\u00e9g\u00e9n\u00e9ration musculaire.<\/li>\n<li>des\u00a0<strong>glucides<\/strong>\u00a0pour reconstituer vos r\u00e9serves \u00e9nerg\u00e9tiques (stocks de glycog\u00e8ne).<\/li>\n<li>des\u00a0<strong>\u00e9lectrolytes<\/strong>\u00a0(magn\u00e9sium, calcium, sodium) pour remin\u00e9raliser votre organisme et r\u00e9tablir votre \u00e9quilibre \u00e9lectrolytique.<\/li>\n<li>des\u00a0<strong>vitamines<\/strong>\u00a0B1, B6 et C pour r\u00e9duire la fatigue.<\/li>\n<li>des\u00a0<strong>bicarbonates de sodium<\/strong>\u00a0pour tamponner l'acide lactique.<\/li>\n<\/ul>\n<p>Une\u00a0<strong>portion<\/strong>\u00a0de 60 g de Boisson de r\u00e9cup\u00e9ration \u00e9lite vous apporte :<\/p>\n<ul>\n<li><strong>21 g de prot\u00e9ines<\/strong><\/li>\n<li><strong>34 g de glucides<\/strong><\/li>\n<li><strong>4 g de BCAA et 5 g de glutamine<\/strong><\/li>\n<\/ul>\n<h2>Quand et comment se consomme-t-elle ?<\/h2>\n<p>La\u00a0<strong>Boisson de r\u00e9cup\u00e9ration \u00e9lite<\/strong>\u00a0se consomme apr\u00e8s un entra\u00eenement long ou intensif (fractionn\u00e9) et apr\u00e8s une \u00e9preuve sportive.<\/p>\n<p>La Boisson de r\u00e9cup\u00e9ration \u00e9lite doit \u00eatre consomm\u00e9e\u00a0<strong>le plus rapidement possible apr\u00e8s la fin de l'effort<\/strong>, dans les 15 minutes qui suivent, pour augmenter la vitesse de reconstitution des r\u00e9serves \u00e9nerg\u00e9tiques et de r\u00e9g\u00e9n\u00e9ration musculaire.<\/p>\n<p>M\u00e9langer 60 g de\u00a0<strong>Boisson de r\u00e9cup\u00e9ration \u00e9lite<\/strong>\u00a0avec 500 ml de boisson v\u00e9g\u00e9tale (riz, amande, etc...), de lait ou d'eau. Agiter tr\u00e8s vivement et consommer par petites gorg\u00e9es.<\/p>\n<h2>Une assimilation rapide pour une r\u00e9cup\u00e9ration efficace<\/h2>\n<p>L'association de ses\u00a0<strong>prot\u00e9ines<\/strong>, ses\u00a0<strong>BCAA<\/strong>\u00a0et ses\u00a0<strong>glucides<\/strong>\u00a0fait de la\u00a0<strong>Boisson de r\u00e9cup\u00e9ration \u00e9lite<\/strong>\u00a0une boisson \u00e0 assimilation rapide pour une r\u00e9cup\u00e9ration des plus efficaces.<\/p>\n<h2>BCAA &amp; Glutamine : le r\u00f4le des acides amin\u00e9s en r\u00e9cup\u00e9ration<\/h2>\n<p>Les acides amin\u00e9s sont les composants des prot\u00e9ines musculaires. Ils sont indispensables \u00e0 la r\u00e9cup\u00e9ration car ils permettent de reconstituer les fibres musculaires l\u00e9s\u00e9es lors de l'effort.<\/p>\n<p>Certains acides amin\u00e9s sont particuli\u00e8rement int\u00e9ressants pour le sportif comme les BCAA et la glutamine. Ils ont un r\u00f4le important dans la r\u00e9cup\u00e9ration musculaire, l'am\u00e9lioration de la r\u00e9sistance \u00e0 l'effort et la protection immunitaire.<\/p>\n<\/div>\n<\/div>\n<\/div>\n<\/div>\n<\/div>\n<\/div>\n<\/div>\n<\/div>\n<\/div>\n","protected":false},"excerpt":{"rendered":"<p>Pourquoi consommer la Boisson de r\u00e9cup\u00e9ration \u00e9lite ? Si la n\u00e9cessit\u00e9 d'une alimentation sp\u00e9cifique est g\u00e9n\u00e9ralement admise \u00e0 l'occasion des comp\u00e9titions, la nutrition sportive en p\u00e9riode d'entra\u00eenement n'a pas toujours l'attention qu'elle m\u00e9rite ! Pourtant la r\u00e9cup\u00e9ration fait partie int\u00e9grante de l'entra\u00eenement. Bien r\u00e9cup\u00e9rer permet : de\u00a0conserver un bon \u00e9tat de forme\u00a0tout au long de [&hellip;]<\/p>\n","protected":false},"featured_media":3753,"template":"","meta":[],"pwb-brand":[114],"product_brand":[],"product_cat":[84],"product_tag":[],"class_list":{"0":"post-1531","1":"product","2":"type-product","3":"status-publish","4":"has-post-thumbnail","6":"pwb-brand-overstims","7":"product_cat-nutrition","9":"first","10":"instock","11":"shipping-taxable","12":"purchasable","13":"product-type-simple"},"brands":[{"id":114,"name":"OVERSTIM'S","slug":"overstims"}],"_links":{"self":[{"href":"https:\/\/rrunning.tribalt.agency\/index.php?rest_route=\/wp\/v2\/product\/1531","targetHints":{"allow":["GET"]}}],"collection":[{"href":"https:\/\/rrunning.tribalt.agency\/index.php?rest_route=\/wp\/v2\/product"}],"about":[{"href":"https:\/\/rrunning.tribalt.agency\/index.php?rest_route=\/wp\/v2\/types\/product"}],"wp:featuredmedia":[{"embeddable":true,"href":"https:\/\/rrunning.tribalt.agency\/index.php?rest_route=\/wp\/v2\/media\/3753"}],"wp:attachment":[{"href":"https:\/\/rrunning.tribalt.agency\/index.php?rest_route=%2Fwp%2Fv2%2Fmedia&parent=1531"}],"wp:term":[{"taxonomy":"pwb-brand","embeddable":true,"href":"https:\/\/rrunning.tribalt.agency\/index.php?rest_route=%2Fwp%2Fv2%2Fpwb-brand&post=1531"},{"taxonomy":"product_brand","embeddable":true,"href":"https:\/\/rrunning.tribalt.agency\/index.php?rest_route=%2Fwp%2Fv2%2Fproduct_brand&post=1531"},{"taxonomy":"product_cat","embeddable":true,"href":"https:\/\/rrunning.tribalt.agency\/index.php?rest_route=%2Fwp%2Fv2%2Fproduct_cat&post=1531"},{"taxonomy":"product_tag","embeddable":true,"href":"https:\/\/rrunning.tribalt.agency\/index.php?rest_route=%2Fwp%2Fv2%2Fproduct_tag&post=1531"}],"curies":[{"name":"wp","href":"https:\/\/api.w.org\/{rel}","templated":true}]}}