{"id":1529,"date":"2025-06-25T10:11:21","date_gmt":"2025-06-25T08:11:21","guid":{"rendered":"https:\/\/rrunning.tribalt.agency\/?post_type=product&#038;p=1529"},"modified":"2025-06-25T10:12:44","modified_gmt":"2025-06-25T08:12:44","slug":"boisson-dattente-50-cl","status":"publish","type":"product","link":"https:\/\/rrunning.tribalt.agency\/?product=boisson-dattente-50-cl","title":{"rendered":"BOISSON D'ATTENTE 50 CL"},"content":{"rendered":"<div class=\"product-information\">\n<div class=\"container-tab\">\n<div class=\"tab-content\">\n<div id=\"details\" class=\"tab-pane fade in active\" role=\"tabpanel\">\n<div class=\"product-description-classic\">\n<div class=\"container product-details-wrapper\">\n<div class=\"row\">\n<div class=\"col-xs-12 col-lg-offset-1 col-lg-10\">\n<div class=\"product-details-cell-description classic\">\n<h2>Pourquoi consomer la BOISSON D'ATTENTE ?<\/h2>\n<p>Dans les \u00e9preuves d'endurance, chaque d\u00e9tail compte, surtout en ce qui concerne la nutrition. Avant des \u00e9preuves exigeantes telles que le marathon, le trail, le cyclisme ou le triathlon, il est essentiel de pr\u00e9parer son corps de mani\u00e8re optimale.<\/p>\n<p>C'est l\u00e0 qu'intervient la BOISSON D'ATTENTE OVERSTIM.s, une solution nutritionnelle strat\u00e9gique, souvent sous-estim\u00e9e, mais cruciale.<\/p>\n<h2>Maintien du potentiel \u00e9nerg\u00e9tique<\/h2>\n<p>Avant une comp\u00e9tition, il est crucial de maximiser les r\u00e9serves de glycog\u00e8ne musculaire et h\u00e9patique. La consommation de la BOISSON D'ATTENTE OVERSTIM.s riche en fructose et maltodextrine peut aider \u00e0 remplir ces r\u00e9serves de glycog\u00e8ne.<\/p>\n<p>En maintenant des niveaux \u00e9lev\u00e9s de glycog\u00e8ne, la BOISSON D'ATTENTE aide \u00e0 retarder l'apparition de la fatigue musculaire. Cela permet aux sportifs d'endurance de maintenir une performance optimale pendant une p\u00e9riode prolong\u00e9e.<\/p>\n<h2>Stabilise la glyc\u00e9mie<\/h2>\n<p>La fluctuation de la glyc\u00e9mie est un facteur cl\u00e9 dans la gestion de l'\u00e9nergie et de la performance.<\/p>\n<p>Les pics et les chutes rapides de la glyc\u00e9mie peuvent entra\u00eener des sensations de fatigue, de faiblesse et d'incapacit\u00e9 \u00e0 maintenir un effort soutenu.<\/p>\n<p>La combinaison de fructose et maltodextrine de la BOISSON D'ATTENTE OVERSTIM.s aide \u00e0 stabiliser la glyc\u00e9mie. La maltodextrine, avec son indice glyc\u00e9mique mod\u00e9r\u00e9, assure une lib\u00e9ration d'\u00e9nergie plus constante, tandis que le fructose, avec un indice glyc\u00e9mique plus bas, \u00e9vite les pics de glyc\u00e9mie contre-productifs.<\/p>\n<h2>Att\u00e9nuation du stress pr\u00e9-comp\u00e9titif<\/h2>\n<p>La p\u00e9riode pr\u00e9c\u00e9dant une comp\u00e9tition est souvent marqu\u00e9e par une augmentation du stress, tant mental que physique. Ce stress peut d\u00e9clencher une s\u00e9rie de r\u00e9actions hormonales.<\/p>\n<p>Une consommation ad\u00e9quate de glucides, comme ceux trouv\u00e9s dans la BOISSON D'ATTENTE OVERSTIM.s, aide \u00e0 moduler cette r\u00e9ponse en fournissant \u00e0 l'organisme l'\u00e9nergie n\u00e9cessaire pour g\u00e9rer efficacement le stress.<\/p>\n<h2>Parfaitement tol\u00e9r\u00e9e<\/h2>\n<p>La BOISSON D'ATTENTE OVERSTIM.s se caract\u00e9rise par une composition sans acidit\u00e9, sans conservateur et des ar\u00f4mes 100% naturels, garantissant une excellente tol\u00e9rance gastro-intestinale sans craindre d'inconfort digestif.<\/p>\n<\/div>\n<\/div>\n<\/div>\n<\/div>\n<\/div>\n<\/div>\n<\/div>\n<\/div>\n<\/div>\n","protected":false},"excerpt":{"rendered":"<p>Pourquoi consomer la BOISSON D'ATTENTE ? Dans les \u00e9preuves d'endurance, chaque d\u00e9tail compte, surtout en ce qui concerne la nutrition. Avant des \u00e9preuves exigeantes telles que le marathon, le trail, le cyclisme ou le triathlon, il est essentiel de pr\u00e9parer son corps de mani\u00e8re optimale. C'est l\u00e0 qu'intervient la BOISSON D'ATTENTE OVERSTIM.s, une solution nutritionnelle [&hellip;]<\/p>\n","protected":false},"featured_media":1530,"template":"","meta":[],"pwb-brand":[114],"product_brand":[],"product_cat":[84],"product_tag":[],"class_list":{"0":"post-1529","1":"product","2":"type-product","3":"status-publish","4":"has-post-thumbnail","6":"pwb-brand-overstims","7":"product_cat-nutrition","9":"first","10":"instock","11":"shipping-taxable","12":"purchasable","13":"product-type-simple"},"brands":[{"id":114,"name":"OVERSTIM'S","slug":"overstims"}],"_links":{"self":[{"href":"https:\/\/rrunning.tribalt.agency\/index.php?rest_route=\/wp\/v2\/product\/1529","targetHints":{"allow":["GET"]}}],"collection":[{"href":"https:\/\/rrunning.tribalt.agency\/index.php?rest_route=\/wp\/v2\/product"}],"about":[{"href":"https:\/\/rrunning.tribalt.agency\/index.php?rest_route=\/wp\/v2\/types\/product"}],"wp:featuredmedia":[{"embeddable":true,"href":"https:\/\/rrunning.tribalt.agency\/index.php?rest_route=\/wp\/v2\/media\/1530"}],"wp:attachment":[{"href":"https:\/\/rrunning.tribalt.agency\/index.php?rest_route=%2Fwp%2Fv2%2Fmedia&parent=1529"}],"wp:term":[{"taxonomy":"pwb-brand","embeddable":true,"href":"https:\/\/rrunning.tribalt.agency\/index.php?rest_route=%2Fwp%2Fv2%2Fpwb-brand&post=1529"},{"taxonomy":"product_brand","embeddable":true,"href":"https:\/\/rrunning.tribalt.agency\/index.php?rest_route=%2Fwp%2Fv2%2Fproduct_brand&post=1529"},{"taxonomy":"product_cat","embeddable":true,"href":"https:\/\/rrunning.tribalt.agency\/index.php?rest_route=%2Fwp%2Fv2%2Fproduct_cat&post=1529"},{"taxonomy":"product_tag","embeddable":true,"href":"https:\/\/rrunning.tribalt.agency\/index.php?rest_route=%2Fwp%2Fv2%2Fproduct_tag&post=1529"}],"curies":[{"name":"wp","href":"https:\/\/api.w.org\/{rel}","templated":true}]}}