{"id":1526,"date":"2025-06-25T10:09:12","date_gmt":"2025-06-25T08:09:12","guid":{"rendered":"https:\/\/rrunning.tribalt.agency\/?post_type=product&#038;p=1526"},"modified":"2025-09-17T17:49:36","modified_gmt":"2025-09-17T15:49:36","slug":"bcaa-180-comprimes","status":"publish","type":"product","link":"https:\/\/rrunning.tribalt.agency\/?product=bcaa-180-comprimes","title":{"rendered":"BCAA 180 COMPRIMES"},"content":{"rendered":"<div class=\"product-information\">\n<div class=\"container-tab\">\n<div class=\"tab-content\">\n<div id=\"details\" class=\"tab-pane fade in active\" role=\"tabpanel\">\n<div class=\"product-description-classic\">\n<div class=\"container product-details-wrapper\">\n<div class=\"row\">\n<div class=\"col-xs-12 col-lg-offset-1 col-lg-10\">\n<div class=\"product-details-cell-description classic\">\n<h2>Qu'est-ce que les BCAA ?<\/h2>\n<p>Les BCAA, aussi connus sous le nom d'acides amin\u00e9s ramifi\u00e9s, sont des nutriments essentiels pour le corps humain et sont constitu\u00e9s de trois acides amin\u00e9s :\u00a0<strong>leucine<\/strong>,\u00a0<strong>isoleucine<\/strong>\u00a0et\u00a0<strong>valine<\/strong>.<\/p>\n<p>Ils sont largement utilis\u00e9s comme suppl\u00e9ments alimentaires par les sportifs et les athl\u00e8tes pour am\u00e9liorer leur performance et leur r\u00e9cup\u00e9ration musculaire.<\/p>\n<p>La leucine, l\u2019isoleucine et la valine sont acides amin\u00e9s essentiels pour nos muscles. Notre corps ne fabricant pas ces acides amin\u00e9s leur apport par l\u2019alimentation est primordial.<\/p>\n<h2>Quels sont les avantages des BCAA pour les sportifs ?<\/h2>\n<p>On sait que le muscle lors d'une activit\u00e9 physique se d\u00e9grade. Les fibres se contractent et se rel\u00e2chent continuellement, de mani\u00e8re intensive et r\u00e9p\u00e9t\u00e9e. Les fibres les plus fragiles finissent par \u00eatre d\u00e9truites : c'est ce que l'on appelle le catabolisme musculaire \u00e0 l'effort.<\/p>\n<p>Lorsque ses fibres sont d\u00e9truites, elles lib\u00e8rent principalement de la leucine et en plus petites quantit\u00e9s de la valine et de l'isoleucine. Le fait de consommer les BCAA OVERSTIM.s au cours d'un effort physique ou en r\u00e9cup\u00e9ration apr\u00e8s effort permet de diminuer ce ph\u00e9nom\u00e8ne de catabolisme musculaire.<\/p>\n<p>Les deux principaux avantages des BCAA OVERSTIM.s pour les sportifs :<\/p>\n<ol>\n<li><strong>Am\u00e9lioration de la r\u00e9cup\u00e9ration musculaire<\/strong>\u00a0: Les BCAA peuvent aider \u00e0 r\u00e9duire les dommages musculaires caus\u00e9s par l'exercice et favoriser une r\u00e9cup\u00e9ration musculaire plus rapide apr\u00e8s l'entra\u00eenement.<\/li>\n<li><strong>R\u00e9duction de la fatigue<\/strong>\u00a0: Les BCAA peuvent aider \u00e0 r\u00e9duire la fatigue physique pendant l'exercice, ce qui peut permettre aux athl\u00e8tes de s'entra\u00eener plus longtemps et plus intens\u00e9ment.<\/li>\n<\/ol>\n<h2>Comment s'utilisent nos BCAA ?<\/h2>\n<p>L\u2019am\u00e9lioration de vos performances passe par un entra\u00eenement r\u00e9gilier. Les BCAA OVERSTIM.s nourrissent vos muscles en acides amin\u00e9s essentiels et maintiennent votre niveau de force musculaire.<\/p>\n<p>Lorsqu'on s'entra\u00eene 2 \u00e0 6 fois par semaine, une r\u00e9cup\u00e9ration rapide de son potentiel physique est fondamentale.<\/p>\n<p><strong>Nos BCAA se consomment<\/strong>\u00a0:<\/p>\n<ul>\n<li>En p\u00e9riode d'entra\u00eenement : 3 comprim\u00e9s \u00e0 chacun des 3 principaux repas pendant 15 \u00e0 20 jours. A renouveler si n\u00e9cessaire.<\/li>\n<li>En r\u00e9cup\u00e9ration : 3 comprim\u00e9s directement apr\u00e8s l'effort.<\/li>\n<li>Pendant les efforts de plus de 3 heures : 1 comprim\u00e9 toutes les heures.<\/li>\n<\/ul>\n<\/div>\n<\/div>\n<\/div>\n<\/div>\n<\/div>\n<\/div>\n<\/div>\n<\/div>\n<\/div>\n","protected":false},"excerpt":{"rendered":"<p>Qu'est-ce que les BCAA ? Les BCAA, aussi connus sous le nom d'acides amin\u00e9s ramifi\u00e9s, sont des nutriments essentiels pour le corps humain et sont constitu\u00e9s de trois acides amin\u00e9s :\u00a0leucine,\u00a0isoleucine\u00a0et\u00a0valine. Ils sont largement utilis\u00e9s comme suppl\u00e9ments alimentaires par les sportifs et les athl\u00e8tes pour am\u00e9liorer leur performance et leur r\u00e9cup\u00e9ration musculaire. La leucine, l\u2019isoleucine [&hellip;]<\/p>\n","protected":false},"featured_media":3754,"template":"","meta":[],"pwb-brand":[114],"product_brand":[],"product_cat":[84],"product_tag":[],"class_list":{"0":"post-1526","1":"product","2":"type-product","3":"status-publish","4":"has-post-thumbnail","6":"pwb-brand-overstims","7":"product_cat-nutrition","9":"first","10":"instock","11":"shipping-taxable","12":"purchasable","13":"product-type-simple"},"brands":[{"id":114,"name":"OVERSTIM'S","slug":"overstims"}],"_links":{"self":[{"href":"https:\/\/rrunning.tribalt.agency\/index.php?rest_route=\/wp\/v2\/product\/1526","targetHints":{"allow":["GET"]}}],"collection":[{"href":"https:\/\/rrunning.tribalt.agency\/index.php?rest_route=\/wp\/v2\/product"}],"about":[{"href":"https:\/\/rrunning.tribalt.agency\/index.php?rest_route=\/wp\/v2\/types\/product"}],"wp:featuredmedia":[{"embeddable":true,"href":"https:\/\/rrunning.tribalt.agency\/index.php?rest_route=\/wp\/v2\/media\/3754"}],"wp:attachment":[{"href":"https:\/\/rrunning.tribalt.agency\/index.php?rest_route=%2Fwp%2Fv2%2Fmedia&parent=1526"}],"wp:term":[{"taxonomy":"pwb-brand","embeddable":true,"href":"https:\/\/rrunning.tribalt.agency\/index.php?rest_route=%2Fwp%2Fv2%2Fpwb-brand&post=1526"},{"taxonomy":"product_brand","embeddable":true,"href":"https:\/\/rrunning.tribalt.agency\/index.php?rest_route=%2Fwp%2Fv2%2Fproduct_brand&post=1526"},{"taxonomy":"product_cat","embeddable":true,"href":"https:\/\/rrunning.tribalt.agency\/index.php?rest_route=%2Fwp%2Fv2%2Fproduct_cat&post=1526"},{"taxonomy":"product_tag","embeddable":true,"href":"https:\/\/rrunning.tribalt.agency\/index.php?rest_route=%2Fwp%2Fv2%2Fproduct_tag&post=1526"}],"curies":[{"name":"wp","href":"https:\/\/api.w.org\/{rel}","templated":true}]}}