{"id":1433,"date":"2025-06-25T09:12:08","date_gmt":"2025-06-25T07:12:08","guid":{"rendered":"https:\/\/rrunning.tribalt.agency\/?post_type=product&#038;p=1433"},"modified":"2025-06-25T09:16:01","modified_gmt":"2025-06-25T07:16:01","slug":"hot-v2","status":"publish","type":"product","link":"https:\/\/rrunning.tribalt.agency\/?product=hot-v2","title":{"rendered":"HOT V2"},"content":{"rendered":"<p>Chaussette de course avec un meilleur soutien au niveau de la cheville et du m\u00e9tatarsien. Il a un niveau de compression moyen qui favorise la circulation sanguine et r\u00e9duit l'inflammation lors de courses plus longues. Le talon et la pointe sont en tissu \u00e9ponge COOLMAX\u00ae pour minimiser l'impact, cr\u00e9ant une plus grande sensation de confort et de respirabilit\u00e9. Pr\u00e9vient et pr\u00e9vient l'apparition d'ampoules.<\/p>\n<p>CARACT\u00c9RISTIQUES:<\/p>\n<ul>\n<li>Fabriqu\u00e9 100% en Espagne.<\/li>\n<li>Fabriqu\u00e9 en Coolmax\u00ae et Nylon.<\/li>\n<li>Maille respirante optimisant la thermor\u00e9gulation cutan\u00e9e.<\/li>\n<li>\u00c9vacue l'humidit\u00e9 vers l'ext\u00e9rieur et s\u00e8che rapidement.<\/li>\n<li>Toucher exceptionnellement doux<\/li>\n<\/ul>\n","protected":false},"excerpt":{"rendered":"<p>Chaussette de course avec un meilleur soutien au niveau de la cheville et du m\u00e9tatarsien. Il a un niveau de compression moyen qui favorise la circulation sanguine et r\u00e9duit l'inflammation lors de courses plus longues. Le talon et la pointe sont en tissu \u00e9ponge COOLMAX\u00ae pour minimiser l'impact, cr\u00e9ant une plus grande sensation de confort [&hellip;]<\/p>\n","protected":false},"featured_media":1436,"template":"","meta":[],"pwb-brand":[155],"product_brand":[],"product_cat":[28],"product_tag":[],"class_list":{"0":"post-1433","1":"product","2":"type-product","3":"status-publish","4":"has-post-thumbnail","6":"pwb-brand-sporcks","7":"product_cat-chaussettes","9":"first","10":"instock","11":"shipping-taxable","12":"purchasable","13":"product-type-simple"},"brands":[{"id":155,"name":"SPORCKS","slug":"sporcks"}],"_links":{"self":[{"href":"https:\/\/rrunning.tribalt.agency\/index.php?rest_route=\/wp\/v2\/product\/1433","targetHints":{"allow":["GET"]}}],"collection":[{"href":"https:\/\/rrunning.tribalt.agency\/index.php?rest_route=\/wp\/v2\/product"}],"about":[{"href":"https:\/\/rrunning.tribalt.agency\/index.php?rest_route=\/wp\/v2\/types\/product"}],"wp:featuredmedia":[{"embeddable":true,"href":"https:\/\/rrunning.tribalt.agency\/index.php?rest_route=\/wp\/v2\/media\/1436"}],"wp:attachment":[{"href":"https:\/\/rrunning.tribalt.agency\/index.php?rest_route=%2Fwp%2Fv2%2Fmedia&parent=1433"}],"wp:term":[{"taxonomy":"pwb-brand","embeddable":true,"href":"https:\/\/rrunning.tribalt.agency\/index.php?rest_route=%2Fwp%2Fv2%2Fpwb-brand&post=1433"},{"taxonomy":"product_brand","embeddable":true,"href":"https:\/\/rrunning.tribalt.agency\/index.php?rest_route=%2Fwp%2Fv2%2Fproduct_brand&post=1433"},{"taxonomy":"product_cat","embeddable":true,"href":"https:\/\/rrunning.tribalt.agency\/index.php?rest_route=%2Fwp%2Fv2%2Fproduct_cat&post=1433"},{"taxonomy":"product_tag","embeddable":true,"href":"https:\/\/rrunning.tribalt.agency\/index.php?rest_route=%2Fwp%2Fv2%2Fproduct_tag&post=1433"}],"curies":[{"name":"wp","href":"https:\/\/api.w.org\/{rel}","templated":true}]}}