{"id":1400,"date":"2025-06-24T19:03:15","date_gmt":"2025-06-24T17:03:15","guid":{"rendered":"https:\/\/rrunning.tribalt.agency\/?post_type=product&#038;p=1400"},"modified":"2025-06-24T19:04:19","modified_gmt":"2025-06-24T17:04:19","slug":"ultratrail-fx-one-superlite","status":"publish","type":"product","link":"https:\/\/rrunning.tribalt.agency\/?product=ultratrail-fx-one-superlite","title":{"rendered":"ULTRATRAIL FX ONE SUPERLITE"},"content":{"rendered":"<p>L'Ultratrail FX.One Superlite vous assiste dans la bataille pour les kilom\u00e8tres et l'altitude ! La tige ultra-l\u00e9g\u00e8re d'un diam\u00e8tre de 14 mm seulement a \u00e9t\u00e9 d\u00e9velopp\u00e9e en collaboration avec des athl\u00e8tes de haut niveau pour une utilisation en comp\u00e9tition. Le carbone haut de gamme est ainsi optimis\u00e9 pour un poids minimal. Le b\u00e2ton de comp\u00e9tition est \u00e9quip\u00e9 du nouveau Trail Shark, le premier syst\u00e8me de dragonnes de poign\u00e9e d\u00e9velopp\u00e9 \u00e0 100 % pour le trail running. Gr\u00e2ce \u00e0 de nouveaux canaux d'air, le poids de la poign\u00e9e a \u00e9t\u00e9 r\u00e9duit de 30 % par rapport au c\u00e9l\u00e8bre syst\u00e8me Shark. Le Shark Frame Strap Mesh s'adapte comme un gant et transf\u00e8re la puissance directement au centre du b\u00e2ton. Gr\u00e2ce \u00e0 la forme fine du mandrin Shark, le loop d'encliquetage s\u2019attrape m\u00eame les yeux ferm\u00e9s. Une protub\u00e9rance suppl\u00e9mentaire sur la poign\u00e9e offre une deuxi\u00e8me possibilit\u00e9 de prise en main et permet un guidage plus pr\u00e9cis. Avec une taille de sac de 35 cm et un poids de 137 g pour une longueur de 120 cm, l'Ultratrail FX.One Superlite est un compagnon indispensable pour votre prochaine marche !<\/p>\n","protected":false},"excerpt":{"rendered":"<p>L'Ultratrail FX.One Superlite vous assiste dans la bataille pour les kilom\u00e8tres et l'altitude ! La tige ultra-l\u00e9g\u00e8re d'un diam\u00e8tre de 14 mm seulement a \u00e9t\u00e9 d\u00e9velopp\u00e9e en collaboration avec des athl\u00e8tes de haut niveau pour une utilisation en comp\u00e9tition. Le carbone haut de gamme est ainsi optimis\u00e9 pour un poids minimal. Le b\u00e2ton de comp\u00e9tition [&hellip;]<\/p>\n","protected":false},"featured_media":1399,"template":"","meta":[],"pwb-brand":[105],"product_brand":[],"product_cat":[24],"product_tag":[],"class_list":{"0":"post-1400","1":"product","2":"type-product","3":"status-publish","4":"has-post-thumbnail","6":"pwb-brand-leki","7":"product_cat-batons-de-marche","9":"first","10":"instock","11":"shipping-taxable","12":"purchasable","13":"product-type-simple"},"brands":[{"id":105,"name":"LEKI","slug":"leki"}],"_links":{"self":[{"href":"https:\/\/rrunning.tribalt.agency\/index.php?rest_route=\/wp\/v2\/product\/1400","targetHints":{"allow":["GET"]}}],"collection":[{"href":"https:\/\/rrunning.tribalt.agency\/index.php?rest_route=\/wp\/v2\/product"}],"about":[{"href":"https:\/\/rrunning.tribalt.agency\/index.php?rest_route=\/wp\/v2\/types\/product"}],"wp:featuredmedia":[{"embeddable":true,"href":"https:\/\/rrunning.tribalt.agency\/index.php?rest_route=\/wp\/v2\/media\/1399"}],"wp:attachment":[{"href":"https:\/\/rrunning.tribalt.agency\/index.php?rest_route=%2Fwp%2Fv2%2Fmedia&parent=1400"}],"wp:term":[{"taxonomy":"pwb-brand","embeddable":true,"href":"https:\/\/rrunning.tribalt.agency\/index.php?rest_route=%2Fwp%2Fv2%2Fpwb-brand&post=1400"},{"taxonomy":"product_brand","embeddable":true,"href":"https:\/\/rrunning.tribalt.agency\/index.php?rest_route=%2Fwp%2Fv2%2Fproduct_brand&post=1400"},{"taxonomy":"product_cat","embeddable":true,"href":"https:\/\/rrunning.tribalt.agency\/index.php?rest_route=%2Fwp%2Fv2%2Fproduct_cat&post=1400"},{"taxonomy":"product_tag","embeddable":true,"href":"https:\/\/rrunning.tribalt.agency\/index.php?rest_route=%2Fwp%2Fv2%2Fproduct_tag&post=1400"}],"curies":[{"name":"wp","href":"https:\/\/api.w.org\/{rel}","templated":true}]}}