{"id":1396,"date":"2025-06-24T19:01:23","date_gmt":"2025-06-24T17:01:23","guid":{"rendered":"https:\/\/rrunning.tribalt.agency\/?post_type=product&#038;p=1396"},"modified":"2025-06-24T19:02:32","modified_gmt":"2025-06-24T17:02:32","slug":"ultratrail-fx-one","status":"publish","type":"product","link":"https:\/\/rrunning.tribalt.agency\/?product=ultratrail-fx-one","title":{"rendered":"ULTRATRAIL FX ONE"},"content":{"rendered":"<p>L'Ultratrail FX.One est un compagnon indispensable pour votre prochaine course de trail running ! Il est \u00e9quip\u00e9 du nouveau Trail Shark, le premier syst\u00e8me de dragonnes de poign\u00e9e d\u00e9velopp\u00e9 \u00e0 100% pour le trail running. Gr\u00e2ce \u00e0 de nouveaux canaux d'air, le poids de la poign\u00e9e a \u00e9t\u00e9 r\u00e9duit de 30% par rapport au syst\u00e8me Shark bien connu. Le Shark Frame Strap Mesh s'adapte comme un gant et transf\u00e8re la puissance directement au centre du b\u00e2ton. Gr\u00e2ce \u00e0 la forme fine du mandrin Shark, le loop d'encliquetage s'attrappe m\u00eame les yeux ferm\u00e9s. Une protub\u00e9rance suppl\u00e9mentaire sur le manche et l'extension du manche offrent d'autres possibilit\u00e9s de prise en main. Avec une taille de sac de 36 cm et un poids de 182 g pour une longueur de 120 cm, il vous soutient sur chaque kilom\u00e8tre.<\/p>\n","protected":false},"excerpt":{"rendered":"<p>L'Ultratrail FX.One est un compagnon indispensable pour votre prochaine course de trail running ! Il est \u00e9quip\u00e9 du nouveau Trail Shark, le premier syst\u00e8me de dragonnes de poign\u00e9e d\u00e9velopp\u00e9 \u00e0 100% pour le trail running. Gr\u00e2ce \u00e0 de nouveaux canaux d'air, le poids de la poign\u00e9e a \u00e9t\u00e9 r\u00e9duit de 30% par rapport au syst\u00e8me [&hellip;]<\/p>\n","protected":false},"featured_media":1397,"template":"","meta":[],"pwb-brand":[105],"product_brand":[],"product_cat":[24],"product_tag":[],"class_list":{"0":"post-1396","1":"product","2":"type-product","3":"status-publish","4":"has-post-thumbnail","6":"pwb-brand-leki","7":"product_cat-batons-de-marche","9":"first","10":"instock","11":"shipping-taxable","12":"purchasable","13":"product-type-simple"},"brands":[{"id":105,"name":"LEKI","slug":"leki"}],"_links":{"self":[{"href":"https:\/\/rrunning.tribalt.agency\/index.php?rest_route=\/wp\/v2\/product\/1396","targetHints":{"allow":["GET"]}}],"collection":[{"href":"https:\/\/rrunning.tribalt.agency\/index.php?rest_route=\/wp\/v2\/product"}],"about":[{"href":"https:\/\/rrunning.tribalt.agency\/index.php?rest_route=\/wp\/v2\/types\/product"}],"wp:featuredmedia":[{"embeddable":true,"href":"https:\/\/rrunning.tribalt.agency\/index.php?rest_route=\/wp\/v2\/media\/1397"}],"wp:attachment":[{"href":"https:\/\/rrunning.tribalt.agency\/index.php?rest_route=%2Fwp%2Fv2%2Fmedia&parent=1396"}],"wp:term":[{"taxonomy":"pwb-brand","embeddable":true,"href":"https:\/\/rrunning.tribalt.agency\/index.php?rest_route=%2Fwp%2Fv2%2Fpwb-brand&post=1396"},{"taxonomy":"product_brand","embeddable":true,"href":"https:\/\/rrunning.tribalt.agency\/index.php?rest_route=%2Fwp%2Fv2%2Fproduct_brand&post=1396"},{"taxonomy":"product_cat","embeddable":true,"href":"https:\/\/rrunning.tribalt.agency\/index.php?rest_route=%2Fwp%2Fv2%2Fproduct_cat&post=1396"},{"taxonomy":"product_tag","embeddable":true,"href":"https:\/\/rrunning.tribalt.agency\/index.php?rest_route=%2Fwp%2Fv2%2Fproduct_tag&post=1396"}],"curies":[{"name":"wp","href":"https:\/\/api.w.org\/{rel}","templated":true}]}}