{"id":1393,"date":"2025-06-24T18:58:11","date_gmt":"2025-06-24T16:58:11","guid":{"rendered":"https:\/\/rrunning.tribalt.agency\/?post_type=product&#038;p=1393"},"modified":"2025-06-24T19:00:57","modified_gmt":"2025-06-24T17:00:57","slug":"surgants-ultratrail","status":"publish","type":"product","link":"https:\/\/rrunning.tribalt.agency\/?product=surgants-ultratrail","title":{"rendered":"SURGANTS ULTRATRAIL"},"content":{"rendered":"<p>Lors de courses intensives de trail running, vous devriez toujours avoir l'Ultratrail Overglove dans vos bagages. En cas de pluie, vous pouvez facilement enfiler le sur-gant par-dessus tes gants de trail running habituels. Le sur-gant imperm\u00e9able est fabriqu\u00e9 en mat\u00e9riau Rip Line light avec une adh\u00e9rence suppl\u00e9mentaire Silicone Palm Grip, ce qui te permet d'avoir la meilleure adh\u00e9rence possible sur le b\u00e2ton malgr\u00e9 l'humidit\u00e9. Gr\u00e2ce \u00e0 l'ouverture du Shark System, le sur-gant peut \u00eatre port\u00e9 de plusieurs fa\u00e7ons, avec un gant normal ou un gant Shark. Le loop du gant Shark peut \u00eatre facilement tir\u00e9 \u00e0 travers l'ouverture du sur-gant pour \u00eatre cliqu\u00e9 et d\u00e9cliqu\u00e9 dans votre b\u00e2ton. Lorsqu'il n'est pas utilis\u00e9, le sur-gant peut \u00eatre rang\u00e9 dans la poche int\u00e9gr\u00e9e.<\/p>\n","protected":false},"excerpt":{"rendered":"<p>Lors de courses intensives de trail running, vous devriez toujours avoir l'Ultratrail Overglove dans vos bagages. En cas de pluie, vous pouvez facilement enfiler le sur-gant par-dessus tes gants de trail running habituels. Le sur-gant imperm\u00e9able est fabriqu\u00e9 en mat\u00e9riau Rip Line light avec une adh\u00e9rence suppl\u00e9mentaire Silicone Palm Grip, ce qui te permet d'avoir [&hellip;]<\/p>\n","protected":false},"featured_media":1395,"template":"","meta":[],"pwb-brand":[105],"product_brand":[],"product_cat":[31],"product_tag":[],"class_list":{"0":"post-1393","1":"product","2":"type-product","3":"status-publish","4":"has-post-thumbnail","6":"pwb-brand-leki","7":"product_cat-gants","9":"first","10":"instock","11":"shipping-taxable","12":"purchasable","13":"product-type-simple"},"brands":[{"id":105,"name":"LEKI","slug":"leki"}],"_links":{"self":[{"href":"https:\/\/rrunning.tribalt.agency\/index.php?rest_route=\/wp\/v2\/product\/1393","targetHints":{"allow":["GET"]}}],"collection":[{"href":"https:\/\/rrunning.tribalt.agency\/index.php?rest_route=\/wp\/v2\/product"}],"about":[{"href":"https:\/\/rrunning.tribalt.agency\/index.php?rest_route=\/wp\/v2\/types\/product"}],"wp:featuredmedia":[{"embeddable":true,"href":"https:\/\/rrunning.tribalt.agency\/index.php?rest_route=\/wp\/v2\/media\/1395"}],"wp:attachment":[{"href":"https:\/\/rrunning.tribalt.agency\/index.php?rest_route=%2Fwp%2Fv2%2Fmedia&parent=1393"}],"wp:term":[{"taxonomy":"pwb-brand","embeddable":true,"href":"https:\/\/rrunning.tribalt.agency\/index.php?rest_route=%2Fwp%2Fv2%2Fpwb-brand&post=1393"},{"taxonomy":"product_brand","embeddable":true,"href":"https:\/\/rrunning.tribalt.agency\/index.php?rest_route=%2Fwp%2Fv2%2Fproduct_brand&post=1393"},{"taxonomy":"product_cat","embeddable":true,"href":"https:\/\/rrunning.tribalt.agency\/index.php?rest_route=%2Fwp%2Fv2%2Fproduct_cat&post=1393"},{"taxonomy":"product_tag","embeddable":true,"href":"https:\/\/rrunning.tribalt.agency\/index.php?rest_route=%2Fwp%2Fv2%2Fproduct_tag&post=1393"}],"curies":[{"name":"wp","href":"https:\/\/api.w.org\/{rel}","templated":true}]}}