{"id":1388,"date":"2025-06-24T18:52:42","date_gmt":"2025-06-24T16:52:42","guid":{"rendered":"https:\/\/rrunning.tribalt.agency\/?post_type=product&#038;p=1388"},"modified":"2025-06-24T18:55:58","modified_gmt":"2025-06-24T16:55:58","slug":"shark-frame-mesh-strap","status":"publish","type":"product","link":"https:\/\/rrunning.tribalt.agency\/?product=shark-frame-mesh-strap","title":{"rendered":"SHARK FRAME MESH STRAP"},"content":{"rendered":"<p>Cette dragonne pour le pouce soutient ta pouss\u00e9e et le mouvement de rappel. La coupe anatomique perfectionn\u00e9e et le mat\u00e9riel int\u00e9rieur Soft respirant avec sa large surface d'appui permettent \u00e0 la dragonne d'\u00e9pouser la main en toute s\u00e9curit\u00e9 et en toute souplesse. La Frame Strap Shark est fabriqu\u00e9e d'une seule pi\u00e8ce et entoure la main \u00e0 360\u00a0degr\u00e9s. Les chevauchements de mat\u00e9riaux g\u00eanants sont exclus, ce qui \u00e9vite les ampoules ou les points de pression. La largeur est r\u00e9glable en continu par velcro. La liaison directe avec la poign\u00e9e garantit que chaque impulsion est transmise au b\u00e2ton sans perte de force.<\/p>\n","protected":false},"excerpt":{"rendered":"<p>Cette dragonne pour le pouce soutient ta pouss\u00e9e et le mouvement de rappel. La coupe anatomique perfectionn\u00e9e et le mat\u00e9riel int\u00e9rieur Soft respirant avec sa large surface d'appui permettent \u00e0 la dragonne d'\u00e9pouser la main en toute s\u00e9curit\u00e9 et en toute souplesse. La Frame Strap Shark est fabriqu\u00e9e d'une seule pi\u00e8ce et entoure la main [&hellip;]<\/p>\n","protected":false},"featured_media":1390,"template":"","meta":[],"pwb-brand":[105],"product_brand":[],"product_cat":[24],"product_tag":[],"class_list":{"0":"post-1388","1":"product","2":"type-product","3":"status-publish","4":"has-post-thumbnail","6":"pwb-brand-leki","7":"product_cat-batons-de-marche","9":"first","10":"instock","11":"shipping-taxable","12":"purchasable","13":"product-type-simple"},"brands":[{"id":105,"name":"LEKI","slug":"leki"}],"_links":{"self":[{"href":"https:\/\/rrunning.tribalt.agency\/index.php?rest_route=\/wp\/v2\/product\/1388","targetHints":{"allow":["GET"]}}],"collection":[{"href":"https:\/\/rrunning.tribalt.agency\/index.php?rest_route=\/wp\/v2\/product"}],"about":[{"href":"https:\/\/rrunning.tribalt.agency\/index.php?rest_route=\/wp\/v2\/types\/product"}],"wp:featuredmedia":[{"embeddable":true,"href":"https:\/\/rrunning.tribalt.agency\/index.php?rest_route=\/wp\/v2\/media\/1390"}],"wp:attachment":[{"href":"https:\/\/rrunning.tribalt.agency\/index.php?rest_route=%2Fwp%2Fv2%2Fmedia&parent=1388"}],"wp:term":[{"taxonomy":"pwb-brand","embeddable":true,"href":"https:\/\/rrunning.tribalt.agency\/index.php?rest_route=%2Fwp%2Fv2%2Fpwb-brand&post=1388"},{"taxonomy":"product_brand","embeddable":true,"href":"https:\/\/rrunning.tribalt.agency\/index.php?rest_route=%2Fwp%2Fv2%2Fproduct_brand&post=1388"},{"taxonomy":"product_cat","embeddable":true,"href":"https:\/\/rrunning.tribalt.agency\/index.php?rest_route=%2Fwp%2Fv2%2Fproduct_cat&post=1388"},{"taxonomy":"product_tag","embeddable":true,"href":"https:\/\/rrunning.tribalt.agency\/index.php?rest_route=%2Fwp%2Fv2%2Fproduct_tag&post=1388"}],"curies":[{"name":"wp","href":"https:\/\/api.w.org\/{rel}","templated":true}]}}