{"id":1385,"date":"2025-06-24T18:50:42","date_gmt":"2025-06-24T16:50:42","guid":{"rendered":"https:\/\/rrunning.tribalt.agency\/?post_type=product&#038;p=1385"},"modified":"2025-06-24T18:52:19","modified_gmt":"2025-06-24T16:52:19","slug":"quiver-trail","status":"publish","type":"product","link":"https:\/\/rrunning.tribalt.agency\/?product=quiver-trail","title":{"rendered":"QUIVER TRAIL"},"content":{"rendered":"<p>Le Trail Running Quiver vous permet de ranger rapidement et facilement vos b\u00e2tons pendant la course, par exemple sur les parties plates, et de les r\u00e9cup\u00e9rer rapidement en cas de besoin. Le carquoi est livr\u00e9 avec un syst\u00e8me de support \u00e9lastique et confortable qui permet de l'utiliser sans sac \u00e0 dos ni veste. L'id\u00e9al est d'accrocher le carquois \u00e0 la veste LEKI Trail Running Quiver Vest dans le syst\u00e8me de fixation pr\u00e9vu \u00e0 cet effet. Le carquois s'adapte parfaitement aux mod\u00e8les LEKI Superlite de 14 mm de diam\u00e8tre ainsi qu'aux mod\u00e8les de 16 mm de diam\u00e8tre.<\/p>\n","protected":false},"excerpt":{"rendered":"<p>Le Trail Running Quiver vous permet de ranger rapidement et facilement vos b\u00e2tons pendant la course, par exemple sur les parties plates, et de les r\u00e9cup\u00e9rer rapidement en cas de besoin. Le carquoi est livr\u00e9 avec un syst\u00e8me de support \u00e9lastique et confortable qui permet de l'utiliser sans sac \u00e0 dos ni veste. L'id\u00e9al est [&hellip;]<\/p>\n","protected":false},"featured_media":1386,"template":"","meta":[],"pwb-brand":[105],"product_brand":[],"product_cat":[24],"product_tag":[],"class_list":{"0":"post-1385","1":"product","2":"type-product","3":"status-publish","4":"has-post-thumbnail","6":"pwb-brand-leki","7":"product_cat-batons-de-marche","9":"first","10":"instock","11":"shipping-taxable","12":"purchasable","13":"product-type-simple"},"brands":[{"id":105,"name":"LEKI","slug":"leki"}],"_links":{"self":[{"href":"https:\/\/rrunning.tribalt.agency\/index.php?rest_route=\/wp\/v2\/product\/1385","targetHints":{"allow":["GET"]}}],"collection":[{"href":"https:\/\/rrunning.tribalt.agency\/index.php?rest_route=\/wp\/v2\/product"}],"about":[{"href":"https:\/\/rrunning.tribalt.agency\/index.php?rest_route=\/wp\/v2\/types\/product"}],"wp:featuredmedia":[{"embeddable":true,"href":"https:\/\/rrunning.tribalt.agency\/index.php?rest_route=\/wp\/v2\/media\/1386"}],"wp:attachment":[{"href":"https:\/\/rrunning.tribalt.agency\/index.php?rest_route=%2Fwp%2Fv2%2Fmedia&parent=1385"}],"wp:term":[{"taxonomy":"pwb-brand","embeddable":true,"href":"https:\/\/rrunning.tribalt.agency\/index.php?rest_route=%2Fwp%2Fv2%2Fpwb-brand&post=1385"},{"taxonomy":"product_brand","embeddable":true,"href":"https:\/\/rrunning.tribalt.agency\/index.php?rest_route=%2Fwp%2Fv2%2Fproduct_brand&post=1385"},{"taxonomy":"product_cat","embeddable":true,"href":"https:\/\/rrunning.tribalt.agency\/index.php?rest_route=%2Fwp%2Fv2%2Fproduct_cat&post=1385"},{"taxonomy":"product_tag","embeddable":true,"href":"https:\/\/rrunning.tribalt.agency\/index.php?rest_route=%2Fwp%2Fv2%2Fproduct_tag&post=1385"}],"curies":[{"name":"wp","href":"https:\/\/api.w.org\/{rel}","templated":true}]}}