{"id":1382,"date":"2025-06-24T18:49:25","date_gmt":"2025-06-24T16:49:25","guid":{"rendered":"https:\/\/rrunning.tribalt.agency\/?post_type=product&#038;p=1382"},"modified":"2025-06-24T18:49:25","modified_gmt":"2025-06-24T16:49:25","slug":"flash-carbon","status":"publish","type":"product","link":"https:\/\/rrunning.tribalt.agency\/?product=flash-carbon","title":{"rendered":"FLASH CARBON"},"content":{"rendered":"<p>En route pour le prochain entra\u00eenement de marche nordique avec le Flash Carbon ! Le b\u00e2ton de marche nordique est \u00e9quip\u00e9 de la toute nouvelle \"Nordic Shark\", une technologie de poign\u00e9e \u00e0 dragonne optimale, sp\u00e9cialement con\u00e7ue pour les disciplines nordiques. Gr\u00e2ce \u00e0 cette nouvelle poign\u00e9e, vous b\u00e9n\u00e9ficiez d'un guidage pr\u00e9cis, d'un contr\u00f4le et d'une transmission de puissance sur le b\u00e2ton qui permettent de gagner en efficacit\u00e9 lors de votre entra\u00eenement. Le b\u00e2ton \u00e0 longueur fixe est disponible dans les longueurs de 100 \u00e0 130 cm. Avec une teneur en carbone de 70 % et un diam\u00e8tre du tuyau de14 mm, il impressionne par son faible poids et r\u00e9pond aux normes de qualit\u00e9 les plus strictes. Afin d'avoir une adh\u00e9rence parfaite sur toutes les surfaces, le Flash Carbon a \u00e9t\u00e9 \u00e9quip\u00e9 d'une pointe Speed Tip l\u00e9g\u00e8re, qui assure une utilisation pr\u00e9cise du b\u00e2ton. La maille respirante de la Trigger Shark Frame Strap Mesh garantit une connexion parfaite entre la main et le b\u00e2ton. La dragonne optimis\u00e9e offre une large surface de contact, entoure la main de mani\u00e8re s\u00fbre et assure une transmission de puissance tr\u00e8s efficace.<\/p>\n","protected":false},"excerpt":{"rendered":"<p>En route pour le prochain entra\u00eenement de marche nordique avec le Flash Carbon ! Le b\u00e2ton de marche nordique est \u00e9quip\u00e9 de la toute nouvelle \"Nordic Shark\", une technologie de poign\u00e9e \u00e0 dragonne optimale, sp\u00e9cialement con\u00e7ue pour les disciplines nordiques. Gr\u00e2ce \u00e0 cette nouvelle poign\u00e9e, vous b\u00e9n\u00e9ficiez d'un guidage pr\u00e9cis, d'un contr\u00f4le et d'une transmission [&hellip;]<\/p>\n","protected":false},"featured_media":1383,"template":"","meta":[],"pwb-brand":[105],"product_brand":[],"product_cat":[24],"product_tag":[],"class_list":{"0":"post-1382","1":"product","2":"type-product","3":"status-publish","4":"has-post-thumbnail","6":"pwb-brand-leki","7":"product_cat-batons-de-marche","9":"first","10":"instock","11":"shipping-taxable","12":"purchasable","13":"product-type-simple"},"brands":[{"id":105,"name":"LEKI","slug":"leki"}],"_links":{"self":[{"href":"https:\/\/rrunning.tribalt.agency\/index.php?rest_route=\/wp\/v2\/product\/1382","targetHints":{"allow":["GET"]}}],"collection":[{"href":"https:\/\/rrunning.tribalt.agency\/index.php?rest_route=\/wp\/v2\/product"}],"about":[{"href":"https:\/\/rrunning.tribalt.agency\/index.php?rest_route=\/wp\/v2\/types\/product"}],"wp:featuredmedia":[{"embeddable":true,"href":"https:\/\/rrunning.tribalt.agency\/index.php?rest_route=\/wp\/v2\/media\/1383"}],"wp:attachment":[{"href":"https:\/\/rrunning.tribalt.agency\/index.php?rest_route=%2Fwp%2Fv2%2Fmedia&parent=1382"}],"wp:term":[{"taxonomy":"pwb-brand","embeddable":true,"href":"https:\/\/rrunning.tribalt.agency\/index.php?rest_route=%2Fwp%2Fv2%2Fpwb-brand&post=1382"},{"taxonomy":"product_brand","embeddable":true,"href":"https:\/\/rrunning.tribalt.agency\/index.php?rest_route=%2Fwp%2Fv2%2Fproduct_brand&post=1382"},{"taxonomy":"product_cat","embeddable":true,"href":"https:\/\/rrunning.tribalt.agency\/index.php?rest_route=%2Fwp%2Fv2%2Fproduct_cat&post=1382"},{"taxonomy":"product_tag","embeddable":true,"href":"https:\/\/rrunning.tribalt.agency\/index.php?rest_route=%2Fwp%2Fv2%2Fproduct_tag&post=1382"}],"curies":[{"name":"wp","href":"https:\/\/api.w.org\/{rel}","templated":true}]}}