{"id":1373,"date":"2025-06-24T17:57:29","date_gmt":"2025-06-24T15:57:29","guid":{"rendered":"https:\/\/rrunning.tribalt.agency\/?post_type=product&#038;p=1373"},"modified":"2025-06-24T17:57:29","modified_gmt":"2025-06-24T15:57:29","slug":"cross-trail-fx-superlite","status":"publish","type":"product","link":"https:\/\/rrunning.tribalt.agency\/?product=cross-trail-fx-superlite","title":{"rendered":"CROSS TRAIL FX SUPERLITE"},"content":{"rendered":"<p>Partez pour votre prochaine marche avec le nouveau Cross Trail FX Superlite ! Le b\u00e2ton l\u00e9ger et pliable en carbone, d'un diam\u00e8tre de seulement 14 mm est \u00e9quip\u00e9 de la poign\u00e9e Cross Shark. Il s'agit d'une combinaison entre une poign\u00e9e de course de trail et une poign\u00e9e de trekking qui offre \u00e0 la fois la transmission de puissance du syst\u00e8me Shark et le soutien ergonomique. La large dragonne en filet tr\u00e8s respirant entoure votre main de mani\u00e8re s\u00fbre et ferme et en soulage les muscles. L'extension de la poign\u00e9e en mousse \u00e0 pores ouverts offre des options de prise suppl\u00e9mentaires. Le b\u00e2ton pliable polyvalent au look unisexe moderne, d'une taille de 42 cm et d'un poids de 186 g, vous offre son meilleur soutien pendant les randonn\u00e9es rapides.<\/p>\n","protected":false},"excerpt":{"rendered":"<p>Partez pour votre prochaine marche avec le nouveau Cross Trail FX Superlite ! Le b\u00e2ton l\u00e9ger et pliable en carbone, d'un diam\u00e8tre de seulement 14 mm est \u00e9quip\u00e9 de la poign\u00e9e Cross Shark. Il s'agit d'une combinaison entre une poign\u00e9e de course de trail et une poign\u00e9e de trekking qui offre \u00e0 la fois la [&hellip;]<\/p>\n","protected":false},"featured_media":1374,"template":"","meta":[],"pwb-brand":[105],"product_brand":[],"product_cat":[24],"product_tag":[],"class_list":{"0":"post-1373","1":"product","2":"type-product","3":"status-publish","4":"has-post-thumbnail","6":"pwb-brand-leki","7":"product_cat-batons-de-marche","9":"first","10":"instock","11":"shipping-taxable","12":"purchasable","13":"product-type-simple"},"brands":[{"id":105,"name":"LEKI","slug":"leki"}],"_links":{"self":[{"href":"https:\/\/rrunning.tribalt.agency\/index.php?rest_route=\/wp\/v2\/product\/1373","targetHints":{"allow":["GET"]}}],"collection":[{"href":"https:\/\/rrunning.tribalt.agency\/index.php?rest_route=\/wp\/v2\/product"}],"about":[{"href":"https:\/\/rrunning.tribalt.agency\/index.php?rest_route=\/wp\/v2\/types\/product"}],"wp:featuredmedia":[{"embeddable":true,"href":"https:\/\/rrunning.tribalt.agency\/index.php?rest_route=\/wp\/v2\/media\/1374"}],"wp:attachment":[{"href":"https:\/\/rrunning.tribalt.agency\/index.php?rest_route=%2Fwp%2Fv2%2Fmedia&parent=1373"}],"wp:term":[{"taxonomy":"pwb-brand","embeddable":true,"href":"https:\/\/rrunning.tribalt.agency\/index.php?rest_route=%2Fwp%2Fv2%2Fpwb-brand&post=1373"},{"taxonomy":"product_brand","embeddable":true,"href":"https:\/\/rrunning.tribalt.agency\/index.php?rest_route=%2Fwp%2Fv2%2Fproduct_brand&post=1373"},{"taxonomy":"product_cat","embeddable":true,"href":"https:\/\/rrunning.tribalt.agency\/index.php?rest_route=%2Fwp%2Fv2%2Fproduct_cat&post=1373"},{"taxonomy":"product_tag","embeddable":true,"href":"https:\/\/rrunning.tribalt.agency\/index.php?rest_route=%2Fwp%2Fv2%2Fproduct_tag&post=1373"}],"curies":[{"name":"wp","href":"https:\/\/api.w.org\/{rel}","templated":true}]}}