{"id":1362,"date":"2025-06-24T17:38:17","date_gmt":"2025-06-24T15:38:17","guid":{"rendered":"https:\/\/rrunning.tribalt.agency\/?post_type=product&#038;p=1362"},"modified":"2025-06-24T17:40:26","modified_gmt":"2025-06-24T15:40:26","slug":"solid-c-160","status":"publish","type":"product","link":"https:\/\/rrunning.tribalt.agency\/?product=solid-c-160","title":{"rendered":"SOLID C 160"},"content":{"rendered":"<p>Solid 160 de Maurten est une barre au cacao \u00e0 base d\u2019avoine et de riz, divis\u00e9e en deux portions - 1 paquet, 2 mini-barres. 40 grammes de glucides r\u00e9partis en deux portions \u00e9gales de 20 grammes, pour un ravitaillement optimal. Rapide, l\u00e9ger, pauvre en fibres et riche en glucides, c\u2019est l\u2019incontournable du ravitaillement.<\/p>\n<p>La barre Solid C 160 de Maurten, c\u2019est le ravitaillement incontournable, pour les moments de transition du quotidien : sur le chemin de la piscine, du stade, de la course, pendant une pause sur le sentier, ou en rentrant apr\u00e8s l\u2019entra\u00eenement. Pour que le ravitaillement puisse se faire en toute simplicit\u00e9<\/p>\n<p>\u00ab C \u00bb pour cacao. Une variante savoureuse qui r\u00e9volutionne le ravitaillement d\u2019endurance.<strong><\/p>\n<p>Et rien n\u2019est laiss\u00e9 au hasard dans sa composition.<\/strong><\/p>\n<p>La barre Solid contient 40 grammes de glucides, tout comme le Gel 160 et le Drink Mix 160. Quel que soit le format que vous choisissez, vous pouvez mesurer facilement votre apport en \u00e9nergie. Un syst\u00e8me de ravitaillement modulable sign\u00e9 Maurten, qui permet aux athl\u00e8tes de calculer plus facilement leur consommation de glucides pendant l\u2019entra\u00eenement et la course. u2028u2028<\/p>\n","protected":false},"excerpt":{"rendered":"<p>Solid 160 de Maurten est une barre au cacao \u00e0 base d\u2019avoine et de riz, divis\u00e9e en deux portions - 1 paquet, 2 mini-barres. 40 grammes de glucides r\u00e9partis en deux portions \u00e9gales de 20 grammes, pour un ravitaillement optimal. Rapide, l\u00e9ger, pauvre en fibres et riche en glucides, c\u2019est l\u2019incontournable du ravitaillement. La barre [&hellip;]<\/p>\n","protected":false},"featured_media":1363,"template":"","meta":[],"pwb-brand":[108],"product_brand":[],"product_cat":[84],"product_tag":[],"class_list":{"0":"post-1362","1":"product","2":"type-product","3":"status-publish","4":"has-post-thumbnail","6":"pwb-brand-maurten","7":"product_cat-nutrition","9":"first","10":"instock","11":"shipping-taxable","12":"purchasable","13":"product-type-simple"},"brands":[{"id":108,"name":"MAURTEN","slug":"maurten"}],"_links":{"self":[{"href":"https:\/\/rrunning.tribalt.agency\/index.php?rest_route=\/wp\/v2\/product\/1362","targetHints":{"allow":["GET"]}}],"collection":[{"href":"https:\/\/rrunning.tribalt.agency\/index.php?rest_route=\/wp\/v2\/product"}],"about":[{"href":"https:\/\/rrunning.tribalt.agency\/index.php?rest_route=\/wp\/v2\/types\/product"}],"wp:featuredmedia":[{"embeddable":true,"href":"https:\/\/rrunning.tribalt.agency\/index.php?rest_route=\/wp\/v2\/media\/1363"}],"wp:attachment":[{"href":"https:\/\/rrunning.tribalt.agency\/index.php?rest_route=%2Fwp%2Fv2%2Fmedia&parent=1362"}],"wp:term":[{"taxonomy":"pwb-brand","embeddable":true,"href":"https:\/\/rrunning.tribalt.agency\/index.php?rest_route=%2Fwp%2Fv2%2Fpwb-brand&post=1362"},{"taxonomy":"product_brand","embeddable":true,"href":"https:\/\/rrunning.tribalt.agency\/index.php?rest_route=%2Fwp%2Fv2%2Fproduct_brand&post=1362"},{"taxonomy":"product_cat","embeddable":true,"href":"https:\/\/rrunning.tribalt.agency\/index.php?rest_route=%2Fwp%2Fv2%2Fproduct_cat&post=1362"},{"taxonomy":"product_tag","embeddable":true,"href":"https:\/\/rrunning.tribalt.agency\/index.php?rest_route=%2Fwp%2Fv2%2Fproduct_tag&post=1362"}],"curies":[{"name":"wp","href":"https:\/\/api.w.org\/{rel}","templated":true}]}}