{"id":1351,"date":"2025-06-24T17:25:40","date_gmt":"2025-06-24T15:25:40","guid":{"rendered":"https:\/\/rrunning.tribalt.agency\/?post_type=product&#038;p=1351"},"modified":"2025-06-24T17:30:55","modified_gmt":"2025-06-24T15:30:55","slug":"pack-marathon","status":"publish","type":"product","link":"https:\/\/rrunning.tribalt.agency\/?product=pack-marathon","title":{"rendered":"PACK MARATHON"},"content":{"rendered":"<p><strong>Marathon Race Collection<\/strong><\/p>\n<p>D\u00e9couvrez la Collection Marathon de Maurten. Une solution de ravitaillement soigneusement con\u00e7ue pour vous apporter tout ce dont vous avez besoin le jour de la course. Chaque bo\u00eete contient 7 Gels 100, 2 Drink Mixes 160, 2 Drink Mixes 320, 2 barres Solid ainsi qu\u2019une gourde Maurten de 500 ml offerte en cadeau.<\/p>\n<h3>Tenir la distance.<\/h3>\n<p>Les marathons les plus rapides de l\u2019histoire ont \u00e9t\u00e9 courus par des athl\u00e8tes qui carburaient aux Gels et aux Drink Mixes Maurten, des produits bas\u00e9s sur la technologie Hydrogel.<\/p>\n<p>Aujourd\u2019hui, c\u2019est \u00e0 votre tour d\u2019\u00eatre rapide avec la Collection Marathon. La force de notre solution de ravitaillement pour les marathons r\u00e9side dans sa simplicit\u00e9 : un Gel 100 tous les 6 km pendant la course ! Mais l\u2019int\u00e9gration de 2 barres Solid 160 comme carburant avant de courir ou pour r\u00e9cup\u00e9rer plus rapidement apr\u00e8s l\u2019effort, ainsi que des Drink Mixes pour garantir une bonne hydratation, permet d\u2019aller encore plus loin.<\/p>\n<p>Votre ravitaillement le jour de la course est tout aussi important que votre montre de sport ou vos chaussures de course. Le principe ? Vous vous y habituez progressivement lors de vos entra\u00eenements et vous l\u2019utilisez le jour de la course pour prendre le meilleur d\u00e9part.<\/p>\n<p>Le coffret Collection Marathon comprend une gourde de 500 ml offerte.<\/p>\n","protected":false},"excerpt":{"rendered":"<p>Marathon Race Collection D\u00e9couvrez la Collection Marathon de Maurten. Une solution de ravitaillement soigneusement con\u00e7ue pour vous apporter tout ce dont vous avez besoin le jour de la course. Chaque bo\u00eete contient 7 Gels 100, 2 Drink Mixes 160, 2 Drink Mixes 320, 2 barres Solid ainsi qu\u2019une gourde Maurten de 500 ml offerte en [&hellip;]<\/p>\n","protected":false},"featured_media":1352,"template":"","meta":[],"pwb-brand":[108],"product_brand":[],"product_cat":[84],"product_tag":[],"class_list":{"0":"post-1351","1":"product","2":"type-product","3":"status-publish","4":"has-post-thumbnail","6":"pwb-brand-maurten","7":"product_cat-nutrition","9":"first","10":"instock","11":"shipping-taxable","12":"purchasable","13":"product-type-simple"},"brands":[{"id":108,"name":"MAURTEN","slug":"maurten"}],"_links":{"self":[{"href":"https:\/\/rrunning.tribalt.agency\/index.php?rest_route=\/wp\/v2\/product\/1351","targetHints":{"allow":["GET"]}}],"collection":[{"href":"https:\/\/rrunning.tribalt.agency\/index.php?rest_route=\/wp\/v2\/product"}],"about":[{"href":"https:\/\/rrunning.tribalt.agency\/index.php?rest_route=\/wp\/v2\/types\/product"}],"wp:featuredmedia":[{"embeddable":true,"href":"https:\/\/rrunning.tribalt.agency\/index.php?rest_route=\/wp\/v2\/media\/1352"}],"wp:attachment":[{"href":"https:\/\/rrunning.tribalt.agency\/index.php?rest_route=%2Fwp%2Fv2%2Fmedia&parent=1351"}],"wp:term":[{"taxonomy":"pwb-brand","embeddable":true,"href":"https:\/\/rrunning.tribalt.agency\/index.php?rest_route=%2Fwp%2Fv2%2Fpwb-brand&post=1351"},{"taxonomy":"product_brand","embeddable":true,"href":"https:\/\/rrunning.tribalt.agency\/index.php?rest_route=%2Fwp%2Fv2%2Fproduct_brand&post=1351"},{"taxonomy":"product_cat","embeddable":true,"href":"https:\/\/rrunning.tribalt.agency\/index.php?rest_route=%2Fwp%2Fv2%2Fproduct_cat&post=1351"},{"taxonomy":"product_tag","embeddable":true,"href":"https:\/\/rrunning.tribalt.agency\/index.php?rest_route=%2Fwp%2Fv2%2Fproduct_tag&post=1351"}],"curies":[{"name":"wp","href":"https:\/\/api.w.org\/{rel}","templated":true}]}}