{"id":1348,"date":"2025-06-24T17:21:54","date_gmt":"2025-06-24T15:21:54","guid":{"rendered":"https:\/\/rrunning.tribalt.agency\/?post_type=product&#038;p=1348"},"modified":"2025-06-24T17:24:01","modified_gmt":"2025-06-24T15:24:01","slug":"gelflask-150-ml","status":"publish","type":"product","link":"https:\/\/rrunning.tribalt.agency\/?product=gelflask-150-ml","title":{"rendered":"GELFLASK 150 ML"},"content":{"rendered":"<p>Simplifiez votre prise d\u2019hydrogel gr\u00e2ce \u00e0 la Maurten Gelflask 150 ml. Con\u00e7ue pour la course, cette gourde portable peut contenir 3 doses de Gel 160 ou 5 doses de Gel 100.<\/p>\n<p><strong>CARACT\u00c9RISTIQUES DE LA GELFLASK 150<br \/>\n<\/strong><br \/>\n- Volume : 150 ml (200 grammes de gel)<br \/>\n- Mode Hydrogel : 3 doses de Gel 160 ou 5 doses de Gel 100<br \/>\n- Valve plus large pour faciliter la consommation de gel pendant la course<br \/>\n- Bouchon rabattable<br \/>\n- Large ouverture pour faciliter le remplissage<br \/>\n- Portable \u2014 tient dans la main<br \/>\n- Sport : trail, course gravel.<strong><br \/>\n<\/strong><\/p>\n","protected":false},"excerpt":{"rendered":"<p>Simplifiez votre prise d\u2019hydrogel gr\u00e2ce \u00e0 la Maurten Gelflask 150 ml. Con\u00e7ue pour la course, cette gourde portable peut contenir 3 doses de Gel 160 ou 5 doses de Gel 100. CARACT\u00c9RISTIQUES DE LA GELFLASK 150 - Volume : 150 ml (200 grammes de gel) - Mode Hydrogel : 3 doses de Gel 160 ou [&hellip;]<\/p>\n","protected":false},"featured_media":1349,"template":"","meta":[],"pwb-brand":[108],"product_brand":[],"product_cat":[34],"product_tag":[],"class_list":{"0":"post-1348","1":"product","2":"type-product","3":"status-publish","4":"has-post-thumbnail","6":"pwb-brand-maurten","7":"product_cat-sac-dhydratation-poche-a-eau","9":"first","10":"instock","11":"shipping-taxable","12":"purchasable","13":"product-type-simple"},"brands":[{"id":108,"name":"MAURTEN","slug":"maurten"}],"_links":{"self":[{"href":"https:\/\/rrunning.tribalt.agency\/index.php?rest_route=\/wp\/v2\/product\/1348","targetHints":{"allow":["GET"]}}],"collection":[{"href":"https:\/\/rrunning.tribalt.agency\/index.php?rest_route=\/wp\/v2\/product"}],"about":[{"href":"https:\/\/rrunning.tribalt.agency\/index.php?rest_route=\/wp\/v2\/types\/product"}],"wp:featuredmedia":[{"embeddable":true,"href":"https:\/\/rrunning.tribalt.agency\/index.php?rest_route=\/wp\/v2\/media\/1349"}],"wp:attachment":[{"href":"https:\/\/rrunning.tribalt.agency\/index.php?rest_route=%2Fwp%2Fv2%2Fmedia&parent=1348"}],"wp:term":[{"taxonomy":"pwb-brand","embeddable":true,"href":"https:\/\/rrunning.tribalt.agency\/index.php?rest_route=%2Fwp%2Fv2%2Fpwb-brand&post=1348"},{"taxonomy":"product_brand","embeddable":true,"href":"https:\/\/rrunning.tribalt.agency\/index.php?rest_route=%2Fwp%2Fv2%2Fproduct_brand&post=1348"},{"taxonomy":"product_cat","embeddable":true,"href":"https:\/\/rrunning.tribalt.agency\/index.php?rest_route=%2Fwp%2Fv2%2Fproduct_cat&post=1348"},{"taxonomy":"product_tag","embeddable":true,"href":"https:\/\/rrunning.tribalt.agency\/index.php?rest_route=%2Fwp%2Fv2%2Fproduct_tag&post=1348"}],"curies":[{"name":"wp","href":"https:\/\/api.w.org\/{rel}","templated":true}]}}