{"id":1345,"date":"2025-06-24T17:19:11","date_gmt":"2025-06-24T15:19:11","guid":{"rendered":"https:\/\/rrunning.tribalt.agency\/?post_type=product&#038;p=1345"},"modified":"2025-06-24T17:20:55","modified_gmt":"2025-06-24T15:20:55","slug":"gel-160","status":"publish","type":"product","link":"https:\/\/rrunning.tribalt.agency\/?product=gel-160","title":{"rendered":"GEL 160"},"content":{"rendered":"<p>Le Gel 160 est un produit hydrogel plus concentr\u00e9 - encapsulant 40 grammes de glucides dans chaque portion. M\u00eame technologie \u00e9prouv\u00e9e, fabriqu\u00e9 \u00e0 partir de 6 ingr\u00e9dients naturels, sans colorants, conservateurs ou ar\u00f4mes ajout\u00e9s. Pour les athl\u00e8tes qui veulent plus d\u2019\u00e9nergie dans chaque gel pour se ravitailler pendant leur entra\u00eenement et leur course.<\/p>\n","protected":false},"excerpt":{"rendered":"<p>Le Gel 160 est un produit hydrogel plus concentr\u00e9 - encapsulant 40 grammes de glucides dans chaque portion. M\u00eame technologie \u00e9prouv\u00e9e, fabriqu\u00e9 \u00e0 partir de 6 ingr\u00e9dients naturels, sans colorants, conservateurs ou ar\u00f4mes ajout\u00e9s. Pour les athl\u00e8tes qui veulent plus d\u2019\u00e9nergie dans chaque gel pour se ravitailler pendant leur entra\u00eenement et leur course.<\/p>\n","protected":false},"featured_media":1346,"template":"","meta":[],"pwb-brand":[108],"product_brand":[],"product_cat":[84],"product_tag":[],"class_list":{"0":"post-1345","1":"product","2":"type-product","3":"status-publish","4":"has-post-thumbnail","6":"pwb-brand-maurten","7":"product_cat-nutrition","9":"first","10":"instock","11":"shipping-taxable","12":"purchasable","13":"product-type-simple"},"brands":[{"id":108,"name":"MAURTEN","slug":"maurten"}],"_links":{"self":[{"href":"https:\/\/rrunning.tribalt.agency\/index.php?rest_route=\/wp\/v2\/product\/1345","targetHints":{"allow":["GET"]}}],"collection":[{"href":"https:\/\/rrunning.tribalt.agency\/index.php?rest_route=\/wp\/v2\/product"}],"about":[{"href":"https:\/\/rrunning.tribalt.agency\/index.php?rest_route=\/wp\/v2\/types\/product"}],"wp:featuredmedia":[{"embeddable":true,"href":"https:\/\/rrunning.tribalt.agency\/index.php?rest_route=\/wp\/v2\/media\/1346"}],"wp:attachment":[{"href":"https:\/\/rrunning.tribalt.agency\/index.php?rest_route=%2Fwp%2Fv2%2Fmedia&parent=1345"}],"wp:term":[{"taxonomy":"pwb-brand","embeddable":true,"href":"https:\/\/rrunning.tribalt.agency\/index.php?rest_route=%2Fwp%2Fv2%2Fpwb-brand&post=1345"},{"taxonomy":"product_brand","embeddable":true,"href":"https:\/\/rrunning.tribalt.agency\/index.php?rest_route=%2Fwp%2Fv2%2Fproduct_brand&post=1345"},{"taxonomy":"product_cat","embeddable":true,"href":"https:\/\/rrunning.tribalt.agency\/index.php?rest_route=%2Fwp%2Fv2%2Fproduct_cat&post=1345"},{"taxonomy":"product_tag","embeddable":true,"href":"https:\/\/rrunning.tribalt.agency\/index.php?rest_route=%2Fwp%2Fv2%2Fproduct_tag&post=1345"}],"curies":[{"name":"wp","href":"https:\/\/api.w.org\/{rel}","templated":true}]}}