{"id":1342,"date":"2025-06-24T17:14:59","date_gmt":"2025-06-24T15:14:59","guid":{"rendered":"https:\/\/rrunning.tribalt.agency\/?post_type=product&#038;p=1342"},"modified":"2025-06-24T17:18:56","modified_gmt":"2025-06-24T15:18:56","slug":"gel-100-caf-100","status":"publish","type":"product","link":"https:\/\/rrunning.tribalt.agency\/?product=gel-100-caf-100","title":{"rendered":"GEL 100 CAF 100"},"content":{"rendered":"<p>De l'\u00e9nergie dans un hydrogel naturel. Chaque sachet contient 100 mg de caf\u00e9ine et fournit 25 grammes de glucides. Fabriqu\u00e9 \u00e0 partir de sept ingr\u00e9dients, sans colorants, conservateurs ou ar\u00f4mes ajout\u00e9s.<\/p>\n","protected":false},"excerpt":{"rendered":"<p>De l'\u00e9nergie dans un hydrogel naturel. Chaque sachet contient 100 mg de caf\u00e9ine et fournit 25 grammes de glucides. Fabriqu\u00e9 \u00e0 partir de sept ingr\u00e9dients, sans colorants, conservateurs ou ar\u00f4mes ajout\u00e9s.<\/p>\n","protected":false},"featured_media":1343,"template":"","meta":[],"pwb-brand":[108],"product_brand":[],"product_cat":[84],"product_tag":[],"class_list":{"0":"post-1342","1":"product","2":"type-product","3":"status-publish","4":"has-post-thumbnail","6":"pwb-brand-maurten","7":"product_cat-nutrition","9":"first","10":"instock","11":"shipping-taxable","12":"purchasable","13":"product-type-simple"},"brands":[{"id":108,"name":"MAURTEN","slug":"maurten"}],"_links":{"self":[{"href":"https:\/\/rrunning.tribalt.agency\/index.php?rest_route=\/wp\/v2\/product\/1342","targetHints":{"allow":["GET"]}}],"collection":[{"href":"https:\/\/rrunning.tribalt.agency\/index.php?rest_route=\/wp\/v2\/product"}],"about":[{"href":"https:\/\/rrunning.tribalt.agency\/index.php?rest_route=\/wp\/v2\/types\/product"}],"wp:featuredmedia":[{"embeddable":true,"href":"https:\/\/rrunning.tribalt.agency\/index.php?rest_route=\/wp\/v2\/media\/1343"}],"wp:attachment":[{"href":"https:\/\/rrunning.tribalt.agency\/index.php?rest_route=%2Fwp%2Fv2%2Fmedia&parent=1342"}],"wp:term":[{"taxonomy":"pwb-brand","embeddable":true,"href":"https:\/\/rrunning.tribalt.agency\/index.php?rest_route=%2Fwp%2Fv2%2Fpwb-brand&post=1342"},{"taxonomy":"product_brand","embeddable":true,"href":"https:\/\/rrunning.tribalt.agency\/index.php?rest_route=%2Fwp%2Fv2%2Fproduct_brand&post=1342"},{"taxonomy":"product_cat","embeddable":true,"href":"https:\/\/rrunning.tribalt.agency\/index.php?rest_route=%2Fwp%2Fv2%2Fproduct_cat&post=1342"},{"taxonomy":"product_tag","embeddable":true,"href":"https:\/\/rrunning.tribalt.agency\/index.php?rest_route=%2Fwp%2Fv2%2Fproduct_tag&post=1342"}],"curies":[{"name":"wp","href":"https:\/\/api.w.org\/{rel}","templated":true}]}}