{"id":1341,"date":"2025-06-24T17:13:54","date_gmt":"2025-06-24T15:13:54","guid":{"rendered":"https:\/\/rrunning.tribalt.agency\/?post_type=product&#038;p=1341"},"modified":"2025-06-24T17:14:11","modified_gmt":"2025-06-24T15:14:11","slug":"gel-100-12","status":"publish","type":"product","link":"https:\/\/rrunning.tribalt.agency\/?product=gel-100-12","title":{"rendered":"GEL 100 * 12"},"content":{"rendered":"<p>Une dose d\u2019\u00e9nergie dans un hydrogel naturel. Pr\u00e9par\u00e9 \u00e0 partir de 6 ingr\u00e9dients et sans colorants, conservateurs ou ar\u00f4mes ajout\u00e9s. 25 g de glucides par sachet. Peut \u00eatre utilis\u00e9 avant, pendant et\/ou apr\u00e8s l\u2019activit\u00e9 physique.<\/p>\n","protected":false},"excerpt":{"rendered":"<p>Une dose d\u2019\u00e9nergie dans un hydrogel naturel. Pr\u00e9par\u00e9 \u00e0 partir de 6 ingr\u00e9dients et sans colorants, conservateurs ou ar\u00f4mes ajout\u00e9s. 25 g de glucides par sachet. Peut \u00eatre utilis\u00e9 avant, pendant et\/ou apr\u00e8s l\u2019activit\u00e9 physique.<\/p>\n","protected":false},"featured_media":1340,"template":"","meta":[],"pwb-brand":[108],"product_brand":[],"product_cat":[84],"product_tag":[],"class_list":{"0":"post-1341","1":"product","2":"type-product","3":"status-publish","4":"has-post-thumbnail","6":"pwb-brand-maurten","7":"product_cat-nutrition","9":"first","10":"instock","11":"shipping-taxable","12":"purchasable","13":"product-type-simple"},"brands":[{"id":108,"name":"MAURTEN","slug":"maurten"}],"_links":{"self":[{"href":"https:\/\/rrunning.tribalt.agency\/index.php?rest_route=\/wp\/v2\/product\/1341","targetHints":{"allow":["GET"]}}],"collection":[{"href":"https:\/\/rrunning.tribalt.agency\/index.php?rest_route=\/wp\/v2\/product"}],"about":[{"href":"https:\/\/rrunning.tribalt.agency\/index.php?rest_route=\/wp\/v2\/types\/product"}],"wp:featuredmedia":[{"embeddable":true,"href":"https:\/\/rrunning.tribalt.agency\/index.php?rest_route=\/wp\/v2\/media\/1340"}],"wp:attachment":[{"href":"https:\/\/rrunning.tribalt.agency\/index.php?rest_route=%2Fwp%2Fv2%2Fmedia&parent=1341"}],"wp:term":[{"taxonomy":"pwb-brand","embeddable":true,"href":"https:\/\/rrunning.tribalt.agency\/index.php?rest_route=%2Fwp%2Fv2%2Fpwb-brand&post=1341"},{"taxonomy":"product_brand","embeddable":true,"href":"https:\/\/rrunning.tribalt.agency\/index.php?rest_route=%2Fwp%2Fv2%2Fproduct_brand&post=1341"},{"taxonomy":"product_cat","embeddable":true,"href":"https:\/\/rrunning.tribalt.agency\/index.php?rest_route=%2Fwp%2Fv2%2Fproduct_cat&post=1341"},{"taxonomy":"product_tag","embeddable":true,"href":"https:\/\/rrunning.tribalt.agency\/index.php?rest_route=%2Fwp%2Fv2%2Fproduct_tag&post=1341"}],"curies":[{"name":"wp","href":"https:\/\/api.w.org\/{rel}","templated":true}]}}