{"id":1338,"date":"2025-06-24T17:09:44","date_gmt":"2025-06-24T15:09:44","guid":{"rendered":"https:\/\/rrunning.tribalt.agency\/?post_type=product&#038;p=1338"},"modified":"2025-06-24T17:49:08","modified_gmt":"2025-06-24T15:49:08","slug":"drink-mix-320-caf-100-14","status":"publish","type":"product","link":"https:\/\/rrunning.tribalt.agency\/?product=drink-mix-320-caf-100-14","title":{"rendered":"DRINK MIX 320 CAF 100 *14"},"content":{"rendered":"<p>Le Drink Mix 320 Caf 100 de Maurten est une boisson \u00e9nerg\u00e9tique en poudre con\u00e7ue pour les sports d\u2019endurance, qui utilise notre technologie hydrogel. Chaque sachet (\u00e0 m\u00e9langer \u00e0 500 ml d\u2019eau) contient 80 grammes de glucides et 100 mg de caf\u00e9ine.<\/p>\n","protected":false},"excerpt":{"rendered":"<p>Le Drink Mix 320 Caf 100 de Maurten est une boisson \u00e9nerg\u00e9tique en poudre con\u00e7ue pour les sports d\u2019endurance, qui utilise notre technologie hydrogel. Chaque sachet (\u00e0 m\u00e9langer \u00e0 500 ml d\u2019eau) contient 80 grammes de glucides et 100 mg de caf\u00e9ine.<\/p>\n","protected":false},"featured_media":1370,"template":"","meta":[],"pwb-brand":[108],"product_brand":[],"product_cat":[84],"product_tag":[],"class_list":{"0":"post-1338","1":"product","2":"type-product","3":"status-publish","4":"has-post-thumbnail","6":"pwb-brand-maurten","7":"product_cat-nutrition","9":"first","10":"instock","11":"shipping-taxable","12":"purchasable","13":"product-type-simple"},"brands":[{"id":108,"name":"MAURTEN","slug":"maurten"}],"_links":{"self":[{"href":"https:\/\/rrunning.tribalt.agency\/index.php?rest_route=\/wp\/v2\/product\/1338","targetHints":{"allow":["GET"]}}],"collection":[{"href":"https:\/\/rrunning.tribalt.agency\/index.php?rest_route=\/wp\/v2\/product"}],"about":[{"href":"https:\/\/rrunning.tribalt.agency\/index.php?rest_route=\/wp\/v2\/types\/product"}],"wp:featuredmedia":[{"embeddable":true,"href":"https:\/\/rrunning.tribalt.agency\/index.php?rest_route=\/wp\/v2\/media\/1370"}],"wp:attachment":[{"href":"https:\/\/rrunning.tribalt.agency\/index.php?rest_route=%2Fwp%2Fv2%2Fmedia&parent=1338"}],"wp:term":[{"taxonomy":"pwb-brand","embeddable":true,"href":"https:\/\/rrunning.tribalt.agency\/index.php?rest_route=%2Fwp%2Fv2%2Fpwb-brand&post=1338"},{"taxonomy":"product_brand","embeddable":true,"href":"https:\/\/rrunning.tribalt.agency\/index.php?rest_route=%2Fwp%2Fv2%2Fproduct_brand&post=1338"},{"taxonomy":"product_cat","embeddable":true,"href":"https:\/\/rrunning.tribalt.agency\/index.php?rest_route=%2Fwp%2Fv2%2Fproduct_cat&post=1338"},{"taxonomy":"product_tag","embeddable":true,"href":"https:\/\/rrunning.tribalt.agency\/index.php?rest_route=%2Fwp%2Fv2%2Fproduct_tag&post=1338"}],"curies":[{"name":"wp","href":"https:\/\/api.w.org\/{rel}","templated":true}]}}