{"id":1333,"date":"2025-06-24T17:06:20","date_gmt":"2025-06-24T15:06:20","guid":{"rendered":"https:\/\/rrunning.tribalt.agency\/?post_type=product&#038;p=1333"},"modified":"2025-07-07T16:22:41","modified_gmt":"2025-07-07T14:22:41","slug":"drink-mix-320","status":"publish","type":"product","link":"https:\/\/rrunning.tribalt.agency\/?product=drink-mix-320","title":{"rendered":"DRINK MIX 320"},"content":{"rendered":"<p>Le Drink Mix 320 de Maurten est une boisson \u00e9nerg\u00e9tique en poudre con\u00e7ue pour les sports d\u2019endurance, qui utilise notre technologie hydrogel. Chaque sachet (\u00e0 m\u00e9langer \u00e0 500 ml d\u2019eau) contient 80 grammes de glucides.<\/p>\n","protected":false},"excerpt":{"rendered":"<p>Le Drink Mix 320 de Maurten est une boisson \u00e9nerg\u00e9tique en poudre con\u00e7ue pour les sports d\u2019endurance, qui utilise notre technologie hydrogel. Chaque sachet (\u00e0 m\u00e9langer \u00e0 500 ml d\u2019eau) contient 80 grammes de glucides.<\/p>\n","protected":false},"featured_media":1372,"template":"","meta":[],"pwb-brand":[108],"product_brand":[],"product_cat":[84],"product_tag":[],"class_list":{"0":"post-1333","1":"product","2":"type-product","3":"status-publish","4":"has-post-thumbnail","6":"pwb-brand-maurten","7":"product_cat-nutrition","9":"first","10":"instock","11":"shipping-taxable","12":"purchasable","13":"product-type-simple"},"brands":[{"id":108,"name":"MAURTEN","slug":"maurten"}],"_links":{"self":[{"href":"https:\/\/rrunning.tribalt.agency\/index.php?rest_route=\/wp\/v2\/product\/1333","targetHints":{"allow":["GET"]}}],"collection":[{"href":"https:\/\/rrunning.tribalt.agency\/index.php?rest_route=\/wp\/v2\/product"}],"about":[{"href":"https:\/\/rrunning.tribalt.agency\/index.php?rest_route=\/wp\/v2\/types\/product"}],"wp:featuredmedia":[{"embeddable":true,"href":"https:\/\/rrunning.tribalt.agency\/index.php?rest_route=\/wp\/v2\/media\/1372"}],"wp:attachment":[{"href":"https:\/\/rrunning.tribalt.agency\/index.php?rest_route=%2Fwp%2Fv2%2Fmedia&parent=1333"}],"wp:term":[{"taxonomy":"pwb-brand","embeddable":true,"href":"https:\/\/rrunning.tribalt.agency\/index.php?rest_route=%2Fwp%2Fv2%2Fpwb-brand&post=1333"},{"taxonomy":"product_brand","embeddable":true,"href":"https:\/\/rrunning.tribalt.agency\/index.php?rest_route=%2Fwp%2Fv2%2Fproduct_brand&post=1333"},{"taxonomy":"product_cat","embeddable":true,"href":"https:\/\/rrunning.tribalt.agency\/index.php?rest_route=%2Fwp%2Fv2%2Fproduct_cat&post=1333"},{"taxonomy":"product_tag","embeddable":true,"href":"https:\/\/rrunning.tribalt.agency\/index.php?rest_route=%2Fwp%2Fv2%2Fproduct_tag&post=1333"}],"curies":[{"name":"wp","href":"https:\/\/api.w.org\/{rel}","templated":true}]}}