{"id":1326,"date":"2025-06-24T16:49:13","date_gmt":"2025-06-24T14:49:13","guid":{"rendered":"https:\/\/rrunning.tribalt.agency\/?post_type=product&#038;p=1326"},"modified":"2025-06-24T16:50:23","modified_gmt":"2025-06-24T14:50:23","slug":"flask-500ml","status":"publish","type":"product","link":"https:\/\/rrunning.tribalt.agency\/?product=flask-500ml","title":{"rendered":"FLASK 500ML"},"content":{"rendered":"<p data-start=\"124\" data-end=\"399\">Optimisez vos performances lors de vos sessions de trail running ou d\u2019activit\u00e9s outdoor avec la flask 500 ml. Con\u00e7ue pour \u00eatre ultra-pratique, elle se plie totalement une fois vide, vous assurant un encombrement minimum dans votre sac ou poche.<\/p>\n<h4 data-start=\"401\" data-end=\"435\"><strong data-start=\"401\" data-end=\"435\">Caract\u00e9ristiques principales :<\/strong><\/h4>\n<ul data-start=\"436\" data-end=\"839\">\n<li data-start=\"436\" data-end=\"459\"><strong data-start=\"438\" data-end=\"452\">Capacit\u00e9 :<\/strong>\u00a0500 ml<\/li>\n<li data-start=\"460\" data-end=\"525\"><strong data-start=\"462\" data-end=\"490\">Mat\u00e9riaux sans risques :<\/strong>\u00a0Sans PVC, Bisph\u00e9nol A ni phtalates<\/li>\n<li data-start=\"526\" data-end=\"645\"><strong data-start=\"528\" data-end=\"564\">Bouchon avec valve haute d\u00e9bit :<\/strong>\u00a0Facilite une hydratation rapide avec un d\u00e9bit optimal et est garanti anti-fuite.<\/li>\n<li data-start=\"646\" data-end=\"746\"><strong data-start=\"648\" data-end=\"679\">Prise en main ergonomique :<\/strong>\u00a0Large ouverture pour un remplissage facile et un nettoyage rapide.<\/li>\n<li data-start=\"747\" data-end=\"839\"><strong data-start=\"749\" data-end=\"784\">Conception souple et compacte :<\/strong>\u00a0Se plie une fois vide pour un rangement ultra-compact.<\/li>\n<\/ul>\n<h4 data-start=\"841\" data-end=\"856\"><strong data-start=\"841\" data-end=\"856\">Avantages de la Flask 500 ml :<\/strong><\/h4>\n<ul data-start=\"857\" data-end=\"1205\">\n<li data-start=\"857\" data-end=\"962\"><strong data-start=\"859\" data-end=\"882\">Pratique et l\u00e9ger :<\/strong>\u00a0Emportez facilement votre hydratation pendant vos activit\u00e9s sportives intenses.<\/li>\n<li data-start=\"963\" data-end=\"1082\"><strong data-start=\"965\" data-end=\"995\">Hygi\u00e9nique et \u00e9cologique :<\/strong>\u00a0Le mat\u00e9riau sans BPA ni phtalates assure une boisson saine, sans risque pour la sant\u00e9.<\/li>\n<li data-start=\"1083\" data-end=\"1205\"><strong data-start=\"1085\" data-end=\"1113\">Facilit\u00e9 d\u2019utilisation :<\/strong>\u00a0Le bouchon avec valve permet de boire sans effort, id\u00e9al pour le trail ou la course \u00e0 pied.<\/li>\n<li data-start=\"1083\" data-end=\"1205\"><strong data-start=\"543\" data-end=\"606\">Compatible avec nos sacs et gilets d\u2019hydratation<\/strong>\u00a0: La flask est con\u00e7ue pour s\u2019int\u00e9grer parfaitement dans nos mod\u00e8les de\u00a0<strong>sacs\u00a0<\/strong>et\u00a0<strong>gilets d\u2019hydratation<\/strong>, vous offrant ainsi une solution pratique et rapide pour boire sans effort.<\/li>\n<li data-start=\"1083\" data-end=\"1205\"><strong data-start=\"785\" data-end=\"800\">Polyvalente<\/strong>\u00a0: Vous pouvez \u00e9galement glisser la flask dans une\u00a0<strong>ceinture\u00a0<\/strong>de course, pour un acc\u00e8s facile et rapide pendant vos entra\u00eenements ou courses.<\/li>\n<\/ul>\n","protected":false},"excerpt":{"rendered":"<p>Optimisez vos performances lors de vos sessions de trail running ou d\u2019activit\u00e9s outdoor avec la flask 500 ml. Con\u00e7ue pour \u00eatre ultra-pratique, elle se plie totalement une fois vide, vous assurant un encombrement minimum dans votre sac ou poche. Caract\u00e9ristiques principales : Capacit\u00e9 :\u00a0500 ml Mat\u00e9riaux sans risques :\u00a0Sans PVC, Bisph\u00e9nol A ni phtalates Bouchon [&hellip;]<\/p>\n","protected":false},"featured_media":1327,"template":"","meta":[],"pwb-brand":[153],"product_brand":[],"product_cat":[34],"product_tag":[],"class_list":{"0":"post-1326","1":"product","2":"type-product","3":"status-publish","4":"has-post-thumbnail","6":"pwb-brand-oxsitis","7":"product_cat-sac-dhydratation-poche-a-eau","9":"first","10":"instock","11":"shipping-taxable","12":"purchasable","13":"product-type-simple"},"brands":[{"id":153,"name":"OXSITIS","slug":"oxsitis"}],"_links":{"self":[{"href":"https:\/\/rrunning.tribalt.agency\/index.php?rest_route=\/wp\/v2\/product\/1326","targetHints":{"allow":["GET"]}}],"collection":[{"href":"https:\/\/rrunning.tribalt.agency\/index.php?rest_route=\/wp\/v2\/product"}],"about":[{"href":"https:\/\/rrunning.tribalt.agency\/index.php?rest_route=\/wp\/v2\/types\/product"}],"wp:featuredmedia":[{"embeddable":true,"href":"https:\/\/rrunning.tribalt.agency\/index.php?rest_route=\/wp\/v2\/media\/1327"}],"wp:attachment":[{"href":"https:\/\/rrunning.tribalt.agency\/index.php?rest_route=%2Fwp%2Fv2%2Fmedia&parent=1326"}],"wp:term":[{"taxonomy":"pwb-brand","embeddable":true,"href":"https:\/\/rrunning.tribalt.agency\/index.php?rest_route=%2Fwp%2Fv2%2Fpwb-brand&post=1326"},{"taxonomy":"product_brand","embeddable":true,"href":"https:\/\/rrunning.tribalt.agency\/index.php?rest_route=%2Fwp%2Fv2%2Fproduct_brand&post=1326"},{"taxonomy":"product_cat","embeddable":true,"href":"https:\/\/rrunning.tribalt.agency\/index.php?rest_route=%2Fwp%2Fv2%2Fproduct_cat&post=1326"},{"taxonomy":"product_tag","embeddable":true,"href":"https:\/\/rrunning.tribalt.agency\/index.php?rest_route=%2Fwp%2Fv2%2Fproduct_tag&post=1326"}],"curies":[{"name":"wp","href":"https:\/\/api.w.org\/{rel}","templated":true}]}}