{"id":1316,"date":"2025-06-24T16:25:42","date_gmt":"2025-06-24T14:25:42","guid":{"rendered":"https:\/\/rrunning.tribalt.agency\/?post_type=product&#038;p=1316"},"modified":"2025-06-24T16:25:42","modified_gmt":"2025-06-24T14:25:42","slug":"couverture-de-survie","status":"publish","type":"product","link":"https:\/\/rrunning.tribalt.agency\/?product=couverture-de-survie","title":{"rendered":"COUVERTURE DE SURVIE"},"content":{"rendered":"<p class=\"\" data-start=\"179\" data-end=\"591\">La couverture de survie Oxsitis est un \u00e9quipement essentiel et l\u00e9ger, con\u00e7u pour vous prot\u00e9ger des intemp\u00e9ries et vous maintenir au chaud en situation d\u2019urgence. Particuli\u00e8rement pris\u00e9e pour les courses en ext\u00e9rieur et les aventures sportives. En effet cette couverture fait partie du mat\u00e9riel obligatoire pour certaines courses et comp\u00e9titions. Elle garantit ainsi votre s\u00e9curit\u00e9 lors de vos exploits.<\/p>\n<h4 data-start=\"593\" data-end=\"627\"><strong data-start=\"593\" data-end=\"627\">Caract\u00e9ristiques principales de la couverture de survie :<\/strong><\/h4>\n<ul>\n<li data-start=\"631\" data-end=\"662\"><strong data-start=\"631\" data-end=\"645\">Dimensions<\/strong>\u00a0: 160 x 210 cm<\/li>\n<li data-start=\"665\" data-end=\"682\"><strong data-start=\"665\" data-end=\"674\">Poids<\/strong>\u00a0: 90g<\/li>\n<li data-start=\"685\" data-end=\"769\"><strong data-start=\"685\" data-end=\"697\">Mat\u00e9riau<\/strong>\u00a0: Aluminium, offrant une excellente r\u00e9tention de la chaleur corporelle.<\/li>\n<li data-start=\"772\" data-end=\"865\"><strong data-start=\"772\" data-end=\"781\">Usage<\/strong>\u00a0: Con\u00e7ue pour prot\u00e9ger efficacement contre le froid et l\u2019humidit\u00e9 en cas de besoin.<\/li>\n<\/ul>\n","protected":false},"excerpt":{"rendered":"<p>La couverture de survie Oxsitis est un \u00e9quipement essentiel et l\u00e9ger, con\u00e7u pour vous prot\u00e9ger des intemp\u00e9ries et vous maintenir au chaud en situation d\u2019urgence. Particuli\u00e8rement pris\u00e9e pour les courses en ext\u00e9rieur et les aventures sportives. En effet cette couverture fait partie du mat\u00e9riel obligatoire pour certaines courses et comp\u00e9titions. Elle garantit ainsi votre s\u00e9curit\u00e9 [&hellip;]<\/p>\n","protected":false},"featured_media":1317,"template":"","meta":[],"pwb-brand":[153],"product_brand":[],"product_cat":[154],"product_tag":[],"class_list":{"0":"post-1316","1":"product","2":"type-product","3":"status-publish","4":"has-post-thumbnail","6":"pwb-brand-oxsitis","7":"product_cat-accessoires-accessoires","9":"first","10":"instock","11":"shipping-taxable","12":"purchasable","13":"product-type-simple"},"brands":[{"id":153,"name":"OXSITIS","slug":"oxsitis"}],"_links":{"self":[{"href":"https:\/\/rrunning.tribalt.agency\/index.php?rest_route=\/wp\/v2\/product\/1316","targetHints":{"allow":["GET"]}}],"collection":[{"href":"https:\/\/rrunning.tribalt.agency\/index.php?rest_route=\/wp\/v2\/product"}],"about":[{"href":"https:\/\/rrunning.tribalt.agency\/index.php?rest_route=\/wp\/v2\/types\/product"}],"wp:featuredmedia":[{"embeddable":true,"href":"https:\/\/rrunning.tribalt.agency\/index.php?rest_route=\/wp\/v2\/media\/1317"}],"wp:attachment":[{"href":"https:\/\/rrunning.tribalt.agency\/index.php?rest_route=%2Fwp%2Fv2%2Fmedia&parent=1316"}],"wp:term":[{"taxonomy":"pwb-brand","embeddable":true,"href":"https:\/\/rrunning.tribalt.agency\/index.php?rest_route=%2Fwp%2Fv2%2Fpwb-brand&post=1316"},{"taxonomy":"product_brand","embeddable":true,"href":"https:\/\/rrunning.tribalt.agency\/index.php?rest_route=%2Fwp%2Fv2%2Fproduct_brand&post=1316"},{"taxonomy":"product_cat","embeddable":true,"href":"https:\/\/rrunning.tribalt.agency\/index.php?rest_route=%2Fwp%2Fv2%2Fproduct_cat&post=1316"},{"taxonomy":"product_tag","embeddable":true,"href":"https:\/\/rrunning.tribalt.agency\/index.php?rest_route=%2Fwp%2Fv2%2Fproduct_tag&post=1316"}],"curies":[{"name":"wp","href":"https:\/\/api.w.org\/{rel}","templated":true}]}}