{"id":1310,"date":"2025-06-24T16:16:10","date_gmt":"2025-06-24T14:16:10","guid":{"rendered":"https:\/\/rrunning.tribalt.agency\/?post_type=product&#038;p=1310"},"modified":"2025-06-24T16:17:43","modified_gmt":"2025-06-24T14:17:43","slug":"belt-ultra-noir","status":"publish","type":"product","link":"https:\/\/rrunning.tribalt.agency\/?product=belt-ultra-noir","title":{"rendered":"BELT ULTRA NOIR"},"content":{"rendered":"<p>La ceinture trail Ultrabelt vous permet de courir librement tout en ayant acc\u00e8s \u00e0 vos essentiels : b\u00e2tons, flasques, smartphone, cl\u00e9s et plus, sans avoir \u00e0 vous arr\u00eater. Ultra-l\u00e9g\u00e8re (90g en taille XL), elle vous offre confort et praticit\u00e9 pour vos sorties trail.<\/p>\n","protected":false},"excerpt":{"rendered":"<p>La ceinture trail Ultrabelt vous permet de courir librement tout en ayant acc\u00e8s \u00e0 vos essentiels : b\u00e2tons, flasques, smartphone, cl\u00e9s et plus, sans avoir \u00e0 vous arr\u00eater. Ultra-l\u00e9g\u00e8re (90g en taille XL), elle vous offre confort et praticit\u00e9 pour vos sorties trail.<\/p>\n","protected":false},"featured_media":1311,"template":"","meta":[],"pwb-brand":[93],"product_brand":[],"product_cat":[27],"product_tag":[],"class_list":{"0":"post-1310","1":"product","2":"type-product","3":"status-publish","4":"has-post-thumbnail","6":"pwb-brand-bv-sport","7":"product_cat-ceinture-porte-dossard","9":"first","10":"instock","11":"shipping-taxable","12":"purchasable","13":"product-type-simple"},"brands":[{"id":93,"name":"BV SPORT","slug":"bv-sport"}],"_links":{"self":[{"href":"https:\/\/rrunning.tribalt.agency\/index.php?rest_route=\/wp\/v2\/product\/1310","targetHints":{"allow":["GET"]}}],"collection":[{"href":"https:\/\/rrunning.tribalt.agency\/index.php?rest_route=\/wp\/v2\/product"}],"about":[{"href":"https:\/\/rrunning.tribalt.agency\/index.php?rest_route=\/wp\/v2\/types\/product"}],"wp:featuredmedia":[{"embeddable":true,"href":"https:\/\/rrunning.tribalt.agency\/index.php?rest_route=\/wp\/v2\/media\/1311"}],"wp:attachment":[{"href":"https:\/\/rrunning.tribalt.agency\/index.php?rest_route=%2Fwp%2Fv2%2Fmedia&parent=1310"}],"wp:term":[{"taxonomy":"pwb-brand","embeddable":true,"href":"https:\/\/rrunning.tribalt.agency\/index.php?rest_route=%2Fwp%2Fv2%2Fpwb-brand&post=1310"},{"taxonomy":"product_brand","embeddable":true,"href":"https:\/\/rrunning.tribalt.agency\/index.php?rest_route=%2Fwp%2Fv2%2Fproduct_brand&post=1310"},{"taxonomy":"product_cat","embeddable":true,"href":"https:\/\/rrunning.tribalt.agency\/index.php?rest_route=%2Fwp%2Fv2%2Fproduct_cat&post=1310"},{"taxonomy":"product_tag","embeddable":true,"href":"https:\/\/rrunning.tribalt.agency\/index.php?rest_route=%2Fwp%2Fv2%2Fproduct_tag&post=1310"}],"curies":[{"name":"wp","href":"https:\/\/api.w.org\/{rel}","templated":true}]}}