{"id":1306,"date":"2025-06-24T16:15:30","date_gmt":"2025-06-24T14:15:30","guid":{"rendered":"https:\/\/rrunning.tribalt.agency\/?post_type=product&#038;p=1306"},"modified":"2025-06-24T16:15:30","modified_gmt":"2025-06-24T14:15:30","slug":"belt-light-noir","status":"publish","type":"product","link":"https:\/\/rrunning.tribalt.agency\/?product=belt-light-noir","title":{"rendered":"BELT LIGHT NOIR"},"content":{"rendered":"<p>La ceinture running Lightbelt vous offre une libert\u00e9 totale de mouvement sans sac \u00e0 dos. Elle vous permet de transporter facilement vos essentiels (2 flasques, smartphone, cl\u00e9s, barre \u00e9nerg\u00e9tique, etc.) tout en restant l\u00e9ger (86g) et accessible \u00e0 tout moment pendant votre course.<\/p>\n","protected":false},"excerpt":{"rendered":"<p>La ceinture running Lightbelt vous offre une libert\u00e9 totale de mouvement sans sac \u00e0 dos. Elle vous permet de transporter facilement vos essentiels (2 flasques, smartphone, cl\u00e9s, barre \u00e9nerg\u00e9tique, etc.) tout en restant l\u00e9ger (86g) et accessible \u00e0 tout moment pendant votre course.<\/p>\n","protected":false},"featured_media":1307,"template":"","meta":[],"pwb-brand":[93],"product_brand":[],"product_cat":[27],"product_tag":[],"class_list":{"0":"post-1306","1":"product","2":"type-product","3":"status-publish","4":"has-post-thumbnail","6":"pwb-brand-bv-sport","7":"product_cat-ceinture-porte-dossard","9":"first","10":"instock","11":"shipping-taxable","12":"purchasable","13":"product-type-simple"},"brands":[{"id":93,"name":"BV SPORT","slug":"bv-sport"}],"_links":{"self":[{"href":"https:\/\/rrunning.tribalt.agency\/index.php?rest_route=\/wp\/v2\/product\/1306","targetHints":{"allow":["GET"]}}],"collection":[{"href":"https:\/\/rrunning.tribalt.agency\/index.php?rest_route=\/wp\/v2\/product"}],"about":[{"href":"https:\/\/rrunning.tribalt.agency\/index.php?rest_route=\/wp\/v2\/types\/product"}],"wp:featuredmedia":[{"embeddable":true,"href":"https:\/\/rrunning.tribalt.agency\/index.php?rest_route=\/wp\/v2\/media\/1307"}],"wp:attachment":[{"href":"https:\/\/rrunning.tribalt.agency\/index.php?rest_route=%2Fwp%2Fv2%2Fmedia&parent=1306"}],"wp:term":[{"taxonomy":"pwb-brand","embeddable":true,"href":"https:\/\/rrunning.tribalt.agency\/index.php?rest_route=%2Fwp%2Fv2%2Fpwb-brand&post=1306"},{"taxonomy":"product_brand","embeddable":true,"href":"https:\/\/rrunning.tribalt.agency\/index.php?rest_route=%2Fwp%2Fv2%2Fproduct_brand&post=1306"},{"taxonomy":"product_cat","embeddable":true,"href":"https:\/\/rrunning.tribalt.agency\/index.php?rest_route=%2Fwp%2Fv2%2Fproduct_cat&post=1306"},{"taxonomy":"product_tag","embeddable":true,"href":"https:\/\/rrunning.tribalt.agency\/index.php?rest_route=%2Fwp%2Fv2%2Fproduct_tag&post=1306"}],"curies":[{"name":"wp","href":"https:\/\/api.w.org\/{rel}","templated":true}]}}