{"id":1298,"date":"2025-06-24T16:09:05","date_gmt":"2025-06-24T14:09:05","guid":{"rendered":"https:\/\/rrunning.tribalt.agency\/?post_type=product&#038;p=1298"},"modified":"2025-09-01T12:05:12","modified_gmt":"2025-09-01T10:05:12","slug":"tanga-23-nude","status":"publish","type":"product","link":"https:\/\/rrunning.tribalt.agency\/?product=tanga-23-nude","title":{"rendered":"TANGA 23 NOIR"},"content":{"rendered":"<p><strong>Tanga de sport sans couture ultra-confort.<br \/>\n<\/strong><em>Trail, escalade, crossfit, tennis, yoga, course \u00e0 pied.<br \/>\n<\/em><\/p>\n<p><span class=\"summary__title\"><span class=\"accordion__title\">TECHNICIT\u00c9<\/span><\/span><\/p>\n<div class=\"accordion__content rte\">\n<p><span class=\"metafield-multi_line_text_field\">\u2219Effet seconde peau : sans coutures, avec des bords soud\u00e9s et imprim\u00e9s en Senselast\u00ae velvet soft touch.<br \/>\n\u2219Invisible sous vos v\u00eatements, on ne le verra plus.<br \/>\n\u2219Un Tanga technique de sport qui n'oublie pas d'\u00eatre \u00e9l\u00e9gant avec ses jeux de transparence en tulle stretch et ses finitions velvet touch.<br \/>\n\u2219Assemblage en thermo-soudure : Sans couture, bye bye irritations!<br \/>\n\u2219Impression 3D SENSELAST\u00ae velvet: effet seconde peau ultra-confortable<br \/>\n\u2219Mati\u00e8res techniques haut-de-gamme respirantes: s\u00e9chage rapide apr\u00e8s l'effort<\/span><\/p>\n<p>Mod\u00e8le totalement d\u00e9velopp\u00e9 par la team H\u00c4STKO \u00e0 Chamonix Mont-Blanc. Test\u00e9e et approuv\u00e9 par les femmes de tout niveau, et toutes morphologies.<\/p>\n<\/div>\n","protected":false},"excerpt":{"rendered":"<p>Tanga de sport sans couture ultra-confort. Trail, escalade, crossfit, tennis, yoga, course \u00e0 pied. TECHNICIT\u00c9 \u2219Effet seconde peau : sans coutures, avec des bords soud\u00e9s et imprim\u00e9s en Senselast\u00ae velvet soft touch. \u2219Invisible sous vos v\u00eatements, on ne le verra plus. \u2219Un Tanga technique de sport qui n'oublie pas d'\u00eatre \u00e9l\u00e9gant avec ses jeux de [&hellip;]<\/p>\n","protected":false},"featured_media":1299,"template":"","meta":[],"pwb-brand":[151],"product_brand":[],"product_cat":[150],"product_tag":[],"class_list":{"0":"post-1298","1":"product","2":"type-product","3":"status-publish","4":"has-post-thumbnail","6":"pwb-brand-hastko","7":"product_cat-sous-vetements","9":"first","10":"instock","11":"shipping-taxable","12":"purchasable","13":"product-type-simple"},"brands":[{"id":151,"name":"HASTKO","slug":"hastko"}],"_links":{"self":[{"href":"https:\/\/rrunning.tribalt.agency\/index.php?rest_route=\/wp\/v2\/product\/1298","targetHints":{"allow":["GET"]}}],"collection":[{"href":"https:\/\/rrunning.tribalt.agency\/index.php?rest_route=\/wp\/v2\/product"}],"about":[{"href":"https:\/\/rrunning.tribalt.agency\/index.php?rest_route=\/wp\/v2\/types\/product"}],"wp:featuredmedia":[{"embeddable":true,"href":"https:\/\/rrunning.tribalt.agency\/index.php?rest_route=\/wp\/v2\/media\/1299"}],"wp:attachment":[{"href":"https:\/\/rrunning.tribalt.agency\/index.php?rest_route=%2Fwp%2Fv2%2Fmedia&parent=1298"}],"wp:term":[{"taxonomy":"pwb-brand","embeddable":true,"href":"https:\/\/rrunning.tribalt.agency\/index.php?rest_route=%2Fwp%2Fv2%2Fpwb-brand&post=1298"},{"taxonomy":"product_brand","embeddable":true,"href":"https:\/\/rrunning.tribalt.agency\/index.php?rest_route=%2Fwp%2Fv2%2Fproduct_brand&post=1298"},{"taxonomy":"product_cat","embeddable":true,"href":"https:\/\/rrunning.tribalt.agency\/index.php?rest_route=%2Fwp%2Fv2%2Fproduct_cat&post=1298"},{"taxonomy":"product_tag","embeddable":true,"href":"https:\/\/rrunning.tribalt.agency\/index.php?rest_route=%2Fwp%2Fv2%2Fproduct_tag&post=1298"}],"curies":[{"name":"wp","href":"https:\/\/api.w.org\/{rel}","templated":true}]}}