{"id":1282,"date":"2025-06-24T16:01:16","date_gmt":"2025-06-24T14:01:16","guid":{"rendered":"https:\/\/rrunning.tribalt.agency\/?post_type=product&#038;p=1282"},"modified":"2025-09-01T12:05:52","modified_gmt":"2025-09-01T10:05:52","slug":"panty-91-noir","status":"publish","type":"product","link":"https:\/\/rrunning.tribalt.agency\/?product=panty-91-noir","title":{"rendered":"PANTY 91 NOIR"},"content":{"rendered":"<p><strong>Panty de sport taille haute ultra-confort.<br \/>\n<\/strong><em>Trail, escalade, crossfit, tennis, yoga, course \u00e0 pied...<\/em><\/p>\n<p><span class=\"summary__title\"><span class=\"accordion__title\">TECHNICIT\u00c9<\/span><\/span><\/p>\n<div class=\"accordion__content rte\">\n<p><span class=\"metafield-multi_line_text_field\">\u2219 Mod\u00e8le NON compatible avec le Ridingpad\u00ae<br \/>\n\u2219 Taille haute englobante ultra confortable<br \/>\n\u2219Effet seconde peau : sans coutures, avec des bords soud\u00e9s et imprim\u00e9s en Senselast\u00ae velvet soft touch.<br \/>\n\u2219Invisible sous vos v\u00eatements<br \/>\n\u2219Une culotte technique de sport qui n'oublie pas d'\u00eatre \u00e9l\u00e9gante avec ses jeux de transparence en tulle stretch et ses motifs floraux velvet touch.<br \/>\n\u2219Elle s'associe \u00e0 merveille avec le BRA N\u00b091, mais peut aussi \u00eatre combin\u00e9e au BRA N\u00b038 disponible en 5 couleurs.<\/p>\n<p>Mod\u00e8le totalement d\u00e9velopp\u00e9 par la team H\u00c4STKO \u00e0 Chamonix Mont-Blanc. Test\u00e9e et approuv\u00e9 par les femmes de tout niveau, et toutes morphologies.<br \/>\n<\/span><\/p>\n<\/div>\n","protected":false},"excerpt":{"rendered":"<p>Panty de sport taille haute ultra-confort. Trail, escalade, crossfit, tennis, yoga, course \u00e0 pied... TECHNICIT\u00c9 \u2219 Mod\u00e8le NON compatible avec le Ridingpad\u00ae \u2219 Taille haute englobante ultra confortable \u2219Effet seconde peau : sans coutures, avec des bords soud\u00e9s et imprim\u00e9s en Senselast\u00ae velvet soft touch. \u2219Invisible sous vos v\u00eatements \u2219Une culotte technique de sport qui [&hellip;]<\/p>\n","protected":false},"featured_media":1283,"template":"","meta":[],"pwb-brand":[151],"product_brand":[],"product_cat":[150],"product_tag":[],"class_list":{"0":"post-1282","1":"product","2":"type-product","3":"status-publish","4":"has-post-thumbnail","6":"pwb-brand-hastko","7":"product_cat-sous-vetements","9":"first","10":"instock","11":"shipping-taxable","12":"purchasable","13":"product-type-simple"},"brands":[{"id":151,"name":"HASTKO","slug":"hastko"}],"_links":{"self":[{"href":"https:\/\/rrunning.tribalt.agency\/index.php?rest_route=\/wp\/v2\/product\/1282","targetHints":{"allow":["GET"]}}],"collection":[{"href":"https:\/\/rrunning.tribalt.agency\/index.php?rest_route=\/wp\/v2\/product"}],"about":[{"href":"https:\/\/rrunning.tribalt.agency\/index.php?rest_route=\/wp\/v2\/types\/product"}],"wp:featuredmedia":[{"embeddable":true,"href":"https:\/\/rrunning.tribalt.agency\/index.php?rest_route=\/wp\/v2\/media\/1283"}],"wp:attachment":[{"href":"https:\/\/rrunning.tribalt.agency\/index.php?rest_route=%2Fwp%2Fv2%2Fmedia&parent=1282"}],"wp:term":[{"taxonomy":"pwb-brand","embeddable":true,"href":"https:\/\/rrunning.tribalt.agency\/index.php?rest_route=%2Fwp%2Fv2%2Fpwb-brand&post=1282"},{"taxonomy":"product_brand","embeddable":true,"href":"https:\/\/rrunning.tribalt.agency\/index.php?rest_route=%2Fwp%2Fv2%2Fproduct_brand&post=1282"},{"taxonomy":"product_cat","embeddable":true,"href":"https:\/\/rrunning.tribalt.agency\/index.php?rest_route=%2Fwp%2Fv2%2Fproduct_cat&post=1282"},{"taxonomy":"product_tag","embeddable":true,"href":"https:\/\/rrunning.tribalt.agency\/index.php?rest_route=%2Fwp%2Fv2%2Fproduct_tag&post=1282"}],"curies":[{"name":"wp","href":"https:\/\/api.w.org\/{rel}","templated":true}]}}