{"id":1278,"date":"2025-06-24T15:57:41","date_gmt":"2025-06-24T13:57:41","guid":{"rendered":"https:\/\/rrunning.tribalt.agency\/?post_type=product&#038;p=1278"},"modified":"2025-06-24T15:57:41","modified_gmt":"2025-06-24T13:57:41","slug":"bra-42-noir","status":"publish","type":"product","link":"https:\/\/rrunning.tribalt.agency\/?product=bra-42-noir","title":{"rendered":"BRA 42 NOIR"},"content":{"rendered":"<p><strong>Brassi\u00e8re de sport sans couture. Thermosoud\u00e9e, moul\u00e9e, imprim\u00e9e 3D, pour prot\u00e9ger des irritations et \u00e9chauffements.<br \/>\n<\/strong><em>Id\u00e9al pour le trail running et la course sur route pour \u00e9viter les blessures de frottements.<\/em><\/p>\n<p><span class=\"summary__title\"><span class=\"accordion__title\">TECHNICIT\u00c9<\/span><\/span><\/p>\n<div class=\"accordion__content rte\">\n<p><span class=\"metafield-multi_line_text_field\">\u2014 100% seamless : prot\u00e8ge des frottements et br\u00fblures en course \u00e0 pied<br \/>\n\u2014 Encapsule la poitrine sans comprimer gr\u00e2ce \u00e0 une structure moul\u00e9e, soud\u00e9e et imprim\u00e9e 3D sans couture.<br \/>\n\u2014 Bretelles larges plates, ne cisaillent pas les \u00e9paules<br \/>\n\u2014 Basque (bande sous poitrine) large<br \/>\n\u2014 Sans armatures, une vraie seconde peau<br \/>\n\u2014 Coques fines amovibles<br \/>\n\u2014 Aucun ajusteur ou r\u00e9gleur<br \/>\n\u2014 D\u00e9velopp\u00e9e avec 42 coureuses surjettent aux irritations cutan\u00e9es.<\/p>\n<p>Mod\u00e8le totalement d\u00e9velopp\u00e9 par la team H\u00c4STKO \u00e0 Chamonix Mont-Blanc.<\/span><\/p>\n<\/div>\n","protected":false},"excerpt":{"rendered":"<p>Brassi\u00e8re de sport sans couture. Thermosoud\u00e9e, moul\u00e9e, imprim\u00e9e 3D, pour prot\u00e9ger des irritations et \u00e9chauffements. Id\u00e9al pour le trail running et la course sur route pour \u00e9viter les blessures de frottements. TECHNICIT\u00c9 \u2014 100% seamless : prot\u00e8ge des frottements et br\u00fblures en course \u00e0 pied \u2014 Encapsule la poitrine sans comprimer gr\u00e2ce \u00e0 une structure [&hellip;]<\/p>\n","protected":false},"featured_media":1279,"template":"","meta":[],"pwb-brand":[151],"product_brand":[],"product_cat":[16,150],"product_tag":[],"class_list":{"0":"post-1278","1":"product","2":"type-product","3":"status-publish","4":"has-post-thumbnail","6":"pwb-brand-hastko","7":"product_cat-non-classe","8":"product_cat-sous-vetements","10":"first","11":"instock","12":"shipping-taxable","13":"purchasable","14":"product-type-simple"},"brands":[{"id":151,"name":"HASTKO","slug":"hastko"}],"_links":{"self":[{"href":"https:\/\/rrunning.tribalt.agency\/index.php?rest_route=\/wp\/v2\/product\/1278","targetHints":{"allow":["GET"]}}],"collection":[{"href":"https:\/\/rrunning.tribalt.agency\/index.php?rest_route=\/wp\/v2\/product"}],"about":[{"href":"https:\/\/rrunning.tribalt.agency\/index.php?rest_route=\/wp\/v2\/types\/product"}],"wp:featuredmedia":[{"embeddable":true,"href":"https:\/\/rrunning.tribalt.agency\/index.php?rest_route=\/wp\/v2\/media\/1279"}],"wp:attachment":[{"href":"https:\/\/rrunning.tribalt.agency\/index.php?rest_route=%2Fwp%2Fv2%2Fmedia&parent=1278"}],"wp:term":[{"taxonomy":"pwb-brand","embeddable":true,"href":"https:\/\/rrunning.tribalt.agency\/index.php?rest_route=%2Fwp%2Fv2%2Fpwb-brand&post=1278"},{"taxonomy":"product_brand","embeddable":true,"href":"https:\/\/rrunning.tribalt.agency\/index.php?rest_route=%2Fwp%2Fv2%2Fproduct_brand&post=1278"},{"taxonomy":"product_cat","embeddable":true,"href":"https:\/\/rrunning.tribalt.agency\/index.php?rest_route=%2Fwp%2Fv2%2Fproduct_cat&post=1278"},{"taxonomy":"product_tag","embeddable":true,"href":"https:\/\/rrunning.tribalt.agency\/index.php?rest_route=%2Fwp%2Fv2%2Fproduct_tag&post=1278"}],"curies":[{"name":"wp","href":"https:\/\/api.w.org\/{rel}","templated":true}]}}