{"id":1277,"date":"2025-06-24T15:54:41","date_gmt":"2025-06-24T13:54:41","guid":{"rendered":"https:\/\/rrunning.tribalt.agency\/?post_type=product&#038;p=1277"},"modified":"2025-06-24T15:55:00","modified_gmt":"2025-06-24T13:55:00","slug":"bra-92-medium-noir","status":"publish","type":"product","link":"https:\/\/rrunning.tribalt.agency\/?product=bra-92-medium-noir","title":{"rendered":"BRA 92 MEDIUM NOIR"},"content":{"rendered":"<p><strong>Soutien-gorge de sport avec zipper, maintien fort impact.<\/strong><\/p>\n<p>BRA 92 C\/D\/E\/F MEDIUM NOIR<\/p>\n<p><span class=\"summary__title\"><span class=\"accordion__title\">TECHNICIT\u00c9<\/span><\/span><\/p>\n<div class=\"accordion__content rte\">\n<p><span class=\"metafield-multi_line_text_field\">\u2219Parfait maintien pour les sports fort impact<br \/>\n\u2219Zipper frontal prot\u00e9g\u00e9 pour \u00e9viter les irritations, facile \u00e0 enfiler et \u00e0 enlever (comme un gilet)<br \/>\n\u2219Bretelles r\u00e9glables, totalement soud\u00e9es sans coutures<br \/>\n\u2219R\u00e9glage dos soud\u00e9 ultra plat 5 positions.<br \/>\n\u2219Large basque (bande sous poitrine) \u00e9lastique soft touch<br \/>\n\u2219Sans armatures<br \/>\n\u2219Coques moul\u00e9es amovibles : apportent plus de maintien sans alt\u00e9rer la forme de la poitrine et amovibles \u00e0 la pr\u00e9f\u00e9rence de chacune.<br \/>\n\u2219Ailes lat\u00e9rales en impression 3D SENSELAST\u00ae velvet : effet seconde peau ultra-confortable<br \/>\n\u2022\u00a0Mod\u00e8le recommand\u00e9 pour les femmes ayant subit une op\u00e9ration de la poitrine. En effet, il est conseill\u00e9 apr\u00e8s une tumeroctomie ou autre type de chirurgie de porter une brassi\u00e8re qui maintient sans compresser. Or, contrairement \u00e0 beaucoup de brassi\u00e8res de sport, cette brassi\u00e8re s'enfile facilement sans tirer sur les cicatrices.<\/span><\/p>\n<p>Mod\u00e8le totalement d\u00e9velopp\u00e9 par la team H\u00c4STKO \u00e0 Chamonix Mont-Blanc. Test\u00e9e et approuv\u00e9 par les femmes de tout niveau, et toutes morphologies.<\/p>\n<\/div>\n","protected":false},"excerpt":{"rendered":"<p>Soutien-gorge de sport avec zipper, maintien fort impact. BRA 92 C\/D\/E\/F MEDIUM NOIR TECHNICIT\u00c9 \u2219Parfait maintien pour les sports fort impact \u2219Zipper frontal prot\u00e9g\u00e9 pour \u00e9viter les irritations, facile \u00e0 enfiler et \u00e0 enlever (comme un gilet) \u2219Bretelles r\u00e9glables, totalement soud\u00e9es sans coutures \u2219R\u00e9glage dos soud\u00e9 ultra plat 5 positions. \u2219Large basque (bande sous poitrine) [&hellip;]<\/p>\n","protected":false},"featured_media":1274,"template":"","meta":[],"pwb-brand":[151],"product_brand":[],"product_cat":[150],"product_tag":[],"class_list":{"0":"post-1277","1":"product","2":"type-product","3":"status-publish","4":"has-post-thumbnail","6":"pwb-brand-hastko","7":"product_cat-sous-vetements","9":"first","10":"instock","11":"shipping-taxable","12":"purchasable","13":"product-type-simple"},"brands":[{"id":151,"name":"HASTKO","slug":"hastko"}],"_links":{"self":[{"href":"https:\/\/rrunning.tribalt.agency\/index.php?rest_route=\/wp\/v2\/product\/1277","targetHints":{"allow":["GET"]}}],"collection":[{"href":"https:\/\/rrunning.tribalt.agency\/index.php?rest_route=\/wp\/v2\/product"}],"about":[{"href":"https:\/\/rrunning.tribalt.agency\/index.php?rest_route=\/wp\/v2\/types\/product"}],"wp:featuredmedia":[{"embeddable":true,"href":"https:\/\/rrunning.tribalt.agency\/index.php?rest_route=\/wp\/v2\/media\/1274"}],"wp:attachment":[{"href":"https:\/\/rrunning.tribalt.agency\/index.php?rest_route=%2Fwp%2Fv2%2Fmedia&parent=1277"}],"wp:term":[{"taxonomy":"pwb-brand","embeddable":true,"href":"https:\/\/rrunning.tribalt.agency\/index.php?rest_route=%2Fwp%2Fv2%2Fpwb-brand&post=1277"},{"taxonomy":"product_brand","embeddable":true,"href":"https:\/\/rrunning.tribalt.agency\/index.php?rest_route=%2Fwp%2Fv2%2Fproduct_brand&post=1277"},{"taxonomy":"product_cat","embeddable":true,"href":"https:\/\/rrunning.tribalt.agency\/index.php?rest_route=%2Fwp%2Fv2%2Fproduct_cat&post=1277"},{"taxonomy":"product_tag","embeddable":true,"href":"https:\/\/rrunning.tribalt.agency\/index.php?rest_route=%2Fwp%2Fv2%2Fproduct_tag&post=1277"}],"curies":[{"name":"wp","href":"https:\/\/api.w.org\/{rel}","templated":true}]}}