{"id":1265,"date":"2025-06-24T15:48:21","date_gmt":"2025-06-24T13:48:21","guid":{"rendered":"https:\/\/rrunning.tribalt.agency\/?post_type=product&#038;p=1265"},"modified":"2025-06-24T15:51:20","modified_gmt":"2025-06-24T13:51:20","slug":"bra-n38-noir","status":"publish","type":"product","link":"https:\/\/rrunning.tribalt.agency\/?product=bra-n38-noir","title":{"rendered":"BRA N\u00b038 NOIR"},"content":{"rendered":"<p><strong>Une brassi\u00e8re de sport ultra-confort avec un super maintien.<\/strong><\/p>\n<p>\u2014 Nouvelle basque (bande sous poitrine) respirante micro-a\u00e9r\u00e9e<br \/>\n\u2014 Encadre la poitrine sans la plaquer<br \/>\n\u2014 Ne cisaille pas les \u00e9paules<br \/>\n\u2014 Coques fines Airy Spacer : essentielles au maintien, ne changent pas la forme de la poitrine. Fix\u00e9es pour le lavage.<br \/>\n\u2014 Sans armatures, une vraie seconde peau<br \/>\n\u2014 Parfait maintien pour les sports medium et forts impacts<br \/>\n\u2014 Assemblage en thermo-soudure<br \/>\n\u2014 Sans coutures aux zones sensibles pour limiter les frictions<br \/>\n\u2014 Impression 3D SENSELAST\u00ae velvet : effet seconde peau ultra-confortable<br \/>\n\u2014 Fermeture dos soud\u00e9e, plate et pratique. Sans crochets en m\u00e9tal.<br \/>\n\u2014 D\u00e9velopp\u00e9e avec l'expertise d'une docteure en biom\u00e9canique de la poitrine<br \/>\n\u2014 Mod\u00e8le recommand\u00e9 pour les femmes ayant subit une op\u00e9ration de la poitrine. En effet, il est conseill\u00e9 apr\u00e8s une tumeroctomie ou autre type de chirurgie de porter une brassi\u00e8re qui maintient sans compresser. Or, contrairement \u00e0 beaucoup de brassi\u00e8res de sport, cette brassi\u00e8re s'enfile facilement et sans tirer sur les cicatrices gr\u00e2ce \u00e0 sa fermeture arri\u00e8re qui permet une plus grande ouverture.<\/p>\n<p>Mod\u00e8le totalement d\u00e9velopp\u00e9 par la team H\u00c4STKO \u00e0 Chamonix Mont-Blanc. Test\u00e9e et approuv\u00e9 par les femmes de tout niveau, et toutes morphologies.<\/p>\n","protected":false},"excerpt":{"rendered":"<p>Une brassi\u00e8re de sport ultra-confort avec un super maintien. \u2014 Nouvelle basque (bande sous poitrine) respirante micro-a\u00e9r\u00e9e \u2014 Encadre la poitrine sans la plaquer \u2014 Ne cisaille pas les \u00e9paules \u2014 Coques fines Airy Spacer : essentielles au maintien, ne changent pas la forme de la poitrine. Fix\u00e9es pour le lavage. \u2014 Sans armatures, une [&hellip;]<\/p>\n","protected":false},"featured_media":1266,"template":"","meta":[],"pwb-brand":[151],"product_brand":[],"product_cat":[150],"product_tag":[],"class_list":{"0":"post-1265","1":"product","2":"type-product","3":"status-publish","4":"has-post-thumbnail","6":"pwb-brand-hastko","7":"product_cat-sous-vetements","9":"first","10":"instock","11":"shipping-taxable","12":"purchasable","13":"product-type-simple"},"brands":[{"id":151,"name":"HASTKO","slug":"hastko"}],"_links":{"self":[{"href":"https:\/\/rrunning.tribalt.agency\/index.php?rest_route=\/wp\/v2\/product\/1265","targetHints":{"allow":["GET"]}}],"collection":[{"href":"https:\/\/rrunning.tribalt.agency\/index.php?rest_route=\/wp\/v2\/product"}],"about":[{"href":"https:\/\/rrunning.tribalt.agency\/index.php?rest_route=\/wp\/v2\/types\/product"}],"wp:featuredmedia":[{"embeddable":true,"href":"https:\/\/rrunning.tribalt.agency\/index.php?rest_route=\/wp\/v2\/media\/1266"}],"wp:attachment":[{"href":"https:\/\/rrunning.tribalt.agency\/index.php?rest_route=%2Fwp%2Fv2%2Fmedia&parent=1265"}],"wp:term":[{"taxonomy":"pwb-brand","embeddable":true,"href":"https:\/\/rrunning.tribalt.agency\/index.php?rest_route=%2Fwp%2Fv2%2Fpwb-brand&post=1265"},{"taxonomy":"product_brand","embeddable":true,"href":"https:\/\/rrunning.tribalt.agency\/index.php?rest_route=%2Fwp%2Fv2%2Fproduct_brand&post=1265"},{"taxonomy":"product_cat","embeddable":true,"href":"https:\/\/rrunning.tribalt.agency\/index.php?rest_route=%2Fwp%2Fv2%2Fproduct_cat&post=1265"},{"taxonomy":"product_tag","embeddable":true,"href":"https:\/\/rrunning.tribalt.agency\/index.php?rest_route=%2Fwp%2Fv2%2Fproduct_tag&post=1265"}],"curies":[{"name":"wp","href":"https:\/\/api.w.org\/{rel}","templated":true}]}}