{"id":1256,"date":"2025-06-24T15:41:47","date_gmt":"2025-06-24T13:41:47","guid":{"rendered":"https:\/\/rrunning.tribalt.agency\/?post_type=product&#038;p=1256"},"modified":"2025-06-24T15:41:47","modified_gmt":"2025-06-24T13:41:47","slug":"smart-control-blanc","status":"publish","type":"product","link":"https:\/\/rrunning.tribalt.agency\/?product=smart-control-blanc","title":{"rendered":"SMART CONTROL BLANC"},"content":{"rendered":"<p><strong>Soutien-gorge de sport<\/strong><br \/>\nBONNET B\/C\/D<\/p>\n<p>Le soutien-gorge de sport smart control Anita active r\u00e9unit design et fonctionnalit\u00e9. Ses bonnets pr\u00e9form\u00e9s en piqu\u00e9 respirant et en tissu \u00e9ponge \u00e0 l'int\u00e9rieur offrent un maintien optimal. Les bretelles ergonomiques et la partie dos en Clean-Cut apportent du confort lors de chaque mouvement. D\u00e9couvrez le soutien-gorge de sport polyvalent en blanc classique.<\/p>\n","protected":false},"excerpt":{"rendered":"<p>Soutien-gorge de sport BONNET B\/C\/D Le soutien-gorge de sport smart control Anita active r\u00e9unit design et fonctionnalit\u00e9. Ses bonnets pr\u00e9form\u00e9s en piqu\u00e9 respirant et en tissu \u00e9ponge \u00e0 l'int\u00e9rieur offrent un maintien optimal. Les bretelles ergonomiques et la partie dos en Clean-Cut apportent du confort lors de chaque mouvement. D\u00e9couvrez le soutien-gorge de sport polyvalent [&hellip;]<\/p>\n","protected":false},"featured_media":1258,"template":"","meta":[],"pwb-brand":[89],"product_brand":[],"product_cat":[150],"product_tag":[],"class_list":{"0":"post-1256","1":"product","2":"type-product","3":"status-publish","4":"has-post-thumbnail","6":"pwb-brand-anita","7":"product_cat-sous-vetements","9":"first","10":"instock","11":"shipping-taxable","12":"purchasable","13":"product-type-simple"},"brands":[{"id":89,"name":"ANITA","slug":"anita"}],"_links":{"self":[{"href":"https:\/\/rrunning.tribalt.agency\/index.php?rest_route=\/wp\/v2\/product\/1256","targetHints":{"allow":["GET"]}}],"collection":[{"href":"https:\/\/rrunning.tribalt.agency\/index.php?rest_route=\/wp\/v2\/product"}],"about":[{"href":"https:\/\/rrunning.tribalt.agency\/index.php?rest_route=\/wp\/v2\/types\/product"}],"wp:featuredmedia":[{"embeddable":true,"href":"https:\/\/rrunning.tribalt.agency\/index.php?rest_route=\/wp\/v2\/media\/1258"}],"wp:attachment":[{"href":"https:\/\/rrunning.tribalt.agency\/index.php?rest_route=%2Fwp%2Fv2%2Fmedia&parent=1256"}],"wp:term":[{"taxonomy":"pwb-brand","embeddable":true,"href":"https:\/\/rrunning.tribalt.agency\/index.php?rest_route=%2Fwp%2Fv2%2Fpwb-brand&post=1256"},{"taxonomy":"product_brand","embeddable":true,"href":"https:\/\/rrunning.tribalt.agency\/index.php?rest_route=%2Fwp%2Fv2%2Fproduct_brand&post=1256"},{"taxonomy":"product_cat","embeddable":true,"href":"https:\/\/rrunning.tribalt.agency\/index.php?rest_route=%2Fwp%2Fv2%2Fproduct_cat&post=1256"},{"taxonomy":"product_tag","embeddable":true,"href":"https:\/\/rrunning.tribalt.agency\/index.php?rest_route=%2Fwp%2Fv2%2Fproduct_tag&post=1256"}],"curies":[{"name":"wp","href":"https:\/\/api.w.org\/{rel}","templated":true}]}}